{"id":23802,"date":"2023-11-01T10:46:54","date_gmt":"2023-11-01T09:46:54","guid":{"rendered":"http:\/\/figueras.com\/seating\/5071\/"},"modified":"2026-04-14T17:34:48","modified_gmt":"2026-04-14T15:34:48","slug":"5071","status":"publish","type":"product","link":"https:\/\/figueras.com\/es\/asiento\/5071\/","title":{"rendered":"Minispace 5071"},"content":{"rendered":"<p style=\"text-align: justify;\"><strong>La Minispace 5071 es una elegante butaca de plegado autom\u00e1tico con acabados de madera de haya. Esta butaca ha sido especialmente dise\u00f1ada para ser utilizada en centros de conferencias, auditorios, salas corporativas y centros de artes esc\u00e9nicas. Su dise\u00f1o, as\u00ed como los materiales utilizados, la hacen ac\u00fasticamente excelente.<\/strong><\/p>\n<p style=\"text-align: justify;\">Esta butaca, montada sobre barra, incorpora un sistema de plegado autom\u00e1tico mediante el cual al levantarse el asiento, el respaldo se mueve hacia delante hasta quedar completamente unidas ambas partes. Una vez plegada la butaca, su profundidad es de tan solo 20cm, lo que permite la m\u00e1xima optimizaci\u00f3n del espacio.<\/p>\n<p style=\"text-align: justify;\">La Minispace 5071 incorpora un sistema de plegado suave que evita el ruido o los golpes cuando el usuario se levanta del asiento. El plegado se basa en la gravedad, logrando una alta durabilidad y un m\u00ednimo mantenimiento.<\/p>\n<p style=\"text-align: justify;\">El asiento est\u00e1 formado por un bloque compacto de espuma de poliuretano de c\u00e9lula abierta. Totalmente tapizado y f\u00e1cilmente intercambiable. Este bloque se inserta en un tablero contrachapado de haya de 13mm de espesor, barnizado ign\u00edfugo, que act\u00faa como protector de la parte posterior.<\/p>\n<p style=\"text-align: justify;\">Los brazos son de estructura met\u00e1lica interior con acabado en madera de haya barnizada.<\/p>\n","protected":false},"excerpt":{"rendered":"<p>[wpdm_package id=&#8217;24326&#8242;]<\/p>\n<p>[wpdm_package id=&#8217;7039&#8242;]<\/p>\n<p>[wpdm_package id=&#8217;7045&#8242;]<\/p>\n","protected":false},"featured_media":44988,"template":"","meta":{"_acf_changed":false,"content-type":""},"designer_tag":[],"system_rel_tag":[460,461,462,463],"product_cat":[202,203,204,192,205,194,223,195,196,197,198,199,201],"product_tag":[512,503,509],"class_list":{"0":"post-23802","1":"product","2":"type-product","3":"status-publish","4":"has-post-thumbnail","6":"system_rel_tag-mutarail-seating-system-es","7":"system_rel_tag-retractable-seating-system-es","8":"system_rel_tag-mutasub-seating-system-es","9":"system_rel_tag-mutawheel-seating-system-es","10":"product_cat-seats-for-theatres-es","11":"product_cat-seats-for-universities-and-schools-es","12":"product_cat-seats-for-worship-and-religious-centres-es","13":"product_cat-education-es","14":"product_cat-theatre-es","15":"product_cat-publicum-es","16":"product_cat-minispace-es","17":"product_cat-seats-for-auditorium-and-conference-rooms-es","18":"product_cat-seats-for-congress-centres-es","19":"product_cat-seats-for-corporate-rooms-es","20":"product_cat-seats-for-cruise-ships-and-ferries-es","21":"product_cat-seats-for-multi-purpose-spaces-es","22":"product_cat-seats-for-performing-arts-centres-es","23":"product_tag-publicum-es","24":"product_tag-education-es","25":"product_tag-theatre-es","27":"first","28":"instock","29":"downloadable","30":"virtual","31":"product-type-simple"},"acf":[],"_links":{"self":[{"href":"https:\/\/figueras.com\/es\/wp-json\/wp\/v2\/product\/23802","targetHints":{"allow":["GET"]}}],"collection":[{"href":"https:\/\/figueras.com\/es\/wp-json\/wp\/v2\/product"}],"about":[{"href":"https:\/\/figueras.com\/es\/wp-json\/wp\/v2\/types\/product"}],"version-history":[{"count":1,"href":"https:\/\/figueras.com\/es\/wp-json\/wp\/v2\/product\/23802\/revisions"}],"predecessor-version":[{"id":50523,"href":"https:\/\/figueras.com\/es\/wp-json\/wp\/v2\/product\/23802\/revisions\/50523"}],"wp:featuredmedia":[{"embeddable":true,"href":"https:\/\/figueras.com\/es\/wp-json\/wp\/v2\/media\/44988"}],"wp:attachment":[{"href":"https:\/\/figueras.com\/es\/wp-json\/wp\/v2\/media?parent=23802"}],"wp:term":[{"taxonomy":"designer_tag","embeddable":true,"href":"https:\/\/figueras.com\/es\/wp-json\/wp\/v2\/designer_tag?post=23802"},{"taxonomy":"system_rel_tag","embeddable":true,"href":"https:\/\/figueras.com\/es\/wp-json\/wp\/v2\/system_rel_tag?post=23802"},{"taxonomy":"product_cat","embeddable":true,"href":"https:\/\/figueras.com\/es\/wp-json\/wp\/v2\/product_cat?post=23802"},{"taxonomy":"product_tag","embeddable":true,"href":"https:\/\/figueras.com\/es\/wp-json\/wp\/v2\/product_tag?post=23802"}],"curies":[{"name":"wp","href":"https:\/\/api.w.org\/{rel}","templated":true}]}}