{"id":23800,"date":"2023-11-01T10:47:54","date_gmt":"2023-11-01T09:47:54","guid":{"rendered":"http:\/\/figueras.com\/seating\/5069\/"},"modified":"2025-05-22T13:45:13","modified_gmt":"2025-05-22T11:45:13","slug":"5069","status":"publish","type":"product","link":"https:\/\/figueras.com\/es\/asiento\/5069\/","title":{"rendered":"Minispace 5069"},"content":{"rendered":"<p style=\"text-align: justify;\"><strong>La Minispace 5069 es una butaca compacta que destaca por su elegancia y est\u00e9tica. Esta butaca es una soluci\u00f3n \u00f3ptima para centros de conferencias, auditorios, salas corporativas y \u00e1reas VIP de estadios y arenas.<br \/>\n<\/strong><\/p>\n<p style=\"text-align: justify;\">Esta butaca, montada en barra, tiene un sistema de plegado que consiste en la inclinaci\u00f3n del asiento y el movimiento hacia adelante del respaldo hasta que ambos quedan completamente alineados el uno con el otro. Una vez plegado el asiento, la profundidad de la butaca es de s\u00f3lo 24 cent\u00edmetros, lo que permite una m\u00e1xima optimizaci\u00f3n del espacio.<\/p>\n<p style=\"text-align: justify;\">El mecanismo de plegado tiene un sistema de tecnolog\u00eda controlada de elevaci\u00f3n que evita el ruido o los golpes cuando el asiento es desocupado. El plegado se basa en la gravedad, logrando una alta durabilidad y un m\u00ednimo mantenimiento.<\/p>\n<p style=\"text-align: justify;\">El asiento y el respaldo consisten en dos bloques de espuma de poliuretano moldeada \u00a0y tienen una estructura interna de ABS inyectado con una tapicer\u00eda totalmente integrada en la espuma gracias al sistema patentado Integral Form, sin costuras.<\/p>\n<p style=\"text-align: justify;\">Los cojines est\u00e1n protegidos por una capa de poliamida para evitar el posible deterioro debido al uso diario e intensivo. La carcasa del asiento incorpora perforaciones traseras que proporcionan una adecuada absorci\u00f3n ac\u00fastica.<\/p>\n<p style=\"text-align: justify;\">Los reposabrazos est\u00e1n hechos de una estructura met\u00e1lica recubierta de espuma integral de poliuretano semirr\u00edgida moldeada en fr\u00edo. El asiento, el respaldo y los reposabrazos se apoyan en laterales de aluminio fundido pintado y se fijan a una estructura de tubos de acero.<\/p>\n","protected":false},"excerpt":{"rendered":"<p>[wpdm_package id=&#8217;24322&#8242;]<\/p>\n<p>[wpdm_package id=&#8217;7030&#8242;]<\/p>\n<p>[wpdm_package id=&#8217;7031&#8242;]<\/p>\n","protected":false},"featured_media":44969,"template":"","meta":{"_acf_changed":false,"content-type":""},"designer_tag":[333],"system_rel_tag":[460,461,462,463],"product_brand":[],"product_cat":[202,203,204,192,205,194,223,195,196,197,198,199,201],"product_tag":[509,512,503],"class_list":{"0":"post-23800","1":"product","2":"type-product","3":"status-publish","4":"has-post-thumbnail","6":"designer_tag-design-center-es","7":"system_rel_tag-mutarail-seating-system-es","8":"system_rel_tag-retractable-seating-system-es","9":"system_rel_tag-mutasub-seating-system-es","10":"system_rel_tag-mutawheel-seating-system-es","11":"product_cat-seats-for-theatres-es","12":"product_cat-seats-for-universities-and-schools-es","13":"product_cat-seats-for-worship-and-religious-centres-es","14":"product_cat-education-es","15":"product_cat-theatre-es","16":"product_cat-publicum-es","17":"product_cat-minispace-es","18":"product_cat-seats-for-auditorium-and-conference-rooms-es","19":"product_cat-seats-for-congress-centres-es","20":"product_cat-seats-for-corporate-rooms-es","21":"product_cat-seats-for-cruise-ships-and-ferries-es","22":"product_cat-seats-for-multi-purpose-spaces-es","23":"product_cat-seats-for-performing-arts-centres-es","24":"product_tag-theatre-es","25":"product_tag-publicum-es","26":"product_tag-education-es","28":"first","29":"instock","30":"downloadable","31":"virtual","32":"product-type-simple"},"acf":[],"yoast_head":"<!-- This site is optimized with the Yoast SEO plugin v27.3 - https:\/\/yoast.com\/product\/yoast-seo-wordpress\/ -->\n<title>Minispace 5069 - Figueras Seating (ES)<\/title>\n<meta name=\"description\" content=\"Asientos compactos elegantes y est\u00e9ticos para salas de conferencias, auditorios, zonas corporativas y estadios. Asiento abatible silencioso sobre barra.\" \/>\n<meta name=\"robots\" content=\"index, follow, max-snippet:-1, max-image-preview:large, max-video-preview:-1\" \/>\n<link rel=\"canonical\" href=\"https:\/\/figueras.com\/es\/asiento\/5069\/\" \/>\n<meta property=\"og:locale\" content=\"es_ES\" \/>\n<meta property=\"og:type\" content=\"article\" \/>\n<meta property=\"og:title\" content=\"Minispace 5069 - Figueras Seating (ES)\" \/>\n<meta property=\"og:description\" content=\"Asientos compactos elegantes y est\u00e9ticos para salas de conferencias, auditorios, zonas corporativas y estadios. Asiento abatible silencioso sobre barra.\" \/>\n<meta property=\"og:url\" content=\"https:\/\/figueras.com\/es\/asiento\/5069\/\" \/>\n<meta property=\"og:site_name\" content=\"Figueras Seating\" \/>\n<meta property=\"article:modified_time\" content=\"2025-05-22T11:45:13+00:00\" \/>\n<meta property=\"og:image\" content=\"https:\/\/figueras.com\/wp-content\/uploads\/2023\/11\/Minispace-5069_w00.webp\" \/>\n\t<meta property=\"og:image:width\" content=\"610\" \/>\n\t<meta property=\"og:image:height\" content=\"810\" \/>\n\t<meta property=\"og:image:type\" content=\"image\/webp\" \/>\n<meta name=\"twitter:card\" content=\"summary_large_image\" \/>\n<meta name=\"twitter:label1\" content=\"Tiempo de lectura\" \/>\n\t<meta name=\"twitter:data1\" content=\"2 minutos\" \/>\n<script type=\"application\/ld+json\" class=\"yoast-schema-graph\">{\"@context\":\"https:\\\/\\\/schema.org\",\"@graph\":[{\"@type\":\"WebPage\",\"@id\":\"https:\\\/\\\/figueras.com\\\/es\\\/asiento\\\/5069\\\/\",\"url\":\"https:\\\/\\\/figueras.com\\\/es\\\/asiento\\\/5069\\\/\",\"name\":\"Minispace 5069 - Figueras Seating (ES)\",\"isPartOf\":{\"@id\":\"https:\\\/\\\/figueras.com\\\/es\\\/#website\"},\"primaryImageOfPage\":{\"@id\":\"https:\\\/\\\/figueras.com\\\/es\\\/asiento\\\/5069\\\/#primaryimage\"},\"image\":{\"@id\":\"https:\\\/\\\/figueras.com\\\/es\\\/asiento\\\/5069\\\/#primaryimage\"},\"thumbnailUrl\":\"https:\\\/\\\/figueras.com\\\/wp-content\\\/uploads\\\/2023\\\/11\\\/Minispace-5069_w00.webp\",\"datePublished\":\"2023-11-01T09:47:54+00:00\",\"dateModified\":\"2025-05-22T11:45:13+00:00\",\"description\":\"Asientos compactos elegantes y est\u00e9ticos para salas de conferencias, auditorios, zonas corporativas y estadios. Asiento abatible silencioso sobre barra.\",\"breadcrumb\":{\"@id\":\"https:\\\/\\\/figueras.com\\\/es\\\/asiento\\\/5069\\\/#breadcrumb\"},\"inLanguage\":\"es\",\"potentialAction\":[{\"@type\":\"ReadAction\",\"target\":[\"https:\\\/\\\/figueras.com\\\/es\\\/asiento\\\/5069\\\/\"]}]},{\"@type\":\"ImageObject\",\"inLanguage\":\"es\",\"@id\":\"https:\\\/\\\/figueras.com\\\/es\\\/asiento\\\/5069\\\/#primaryimage\",\"url\":\"https:\\\/\\\/figueras.com\\\/wp-content\\\/uploads\\\/2023\\\/11\\\/Minispace-5069_w00.webp\",\"contentUrl\":\"https:\\\/\\\/figueras.com\\\/wp-content\\\/uploads\\\/2023\\\/11\\\/Minispace-5069_w00.webp\",\"width\":610,\"height\":810,\"caption\":\"Minispace 5069\"},{\"@type\":\"BreadcrumbList\",\"@id\":\"https:\\\/\\\/figueras.com\\\/es\\\/asiento\\\/5069\\\/#breadcrumb\",\"itemListElement\":[{\"@type\":\"ListItem\",\"position\":1,\"name\":\"Home\",\"item\":\"https:\\\/\\\/figueras.com\\\/es\\\/\"},{\"@type\":\"ListItem\",\"position\":2,\"name\":\"Productos\",\"item\":\"https:\\\/\\\/figueras.com\\\/es\\\/shop\\\/\"},{\"@type\":\"ListItem\",\"position\":3,\"name\":\"Minispace 5069\"}]},{\"@type\":\"WebSite\",\"@id\":\"https:\\\/\\\/figueras.com\\\/es\\\/#website\",\"url\":\"https:\\\/\\\/figueras.com\\\/es\\\/\",\"name\":\"Figueras Seating\",\"description\":\"\",\"publisher\":{\"@id\":\"https:\\\/\\\/figueras.com\\\/es\\\/#organization\"},\"potentialAction\":[{\"@type\":\"SearchAction\",\"target\":{\"@type\":\"EntryPoint\",\"urlTemplate\":\"https:\\\/\\\/figueras.com\\\/es\\\/?s={search_term_string}\"},\"query-input\":{\"@type\":\"PropertyValueSpecification\",\"valueRequired\":true,\"valueName\":\"search_term_string\"}}],\"inLanguage\":\"es\"},{\"@type\":\"Organization\",\"@id\":\"https:\\\/\\\/figueras.com\\\/es\\\/#organization\",\"name\":\"Figueras International Seating, S.L.U.\",\"alternateName\":\"Figueras Seating\",\"url\":\"https:\\\/\\\/figueras.com\\\/es\\\/\",\"logo\":{\"@type\":\"ImageObject\",\"inLanguage\":\"es\",\"@id\":\"https:\\\/\\\/figueras.com\\\/es\\\/#\\\/schema\\\/logo\\\/image\\\/\",\"url\":\"https:\\\/\\\/figueras.com\\\/wp-content\\\/uploads\\\/2023\\\/04\\\/figueraslogoheader.png\",\"contentUrl\":\"https:\\\/\\\/figueras.com\\\/wp-content\\\/uploads\\\/2023\\\/04\\\/figueraslogoheader.png\",\"width\":739,\"height\":127,\"caption\":\"Figueras International Seating, S.L.U.\"},\"image\":{\"@id\":\"https:\\\/\\\/figueras.com\\\/es\\\/#\\\/schema\\\/logo\\\/image\\\/\"},\"sameAs\":[\"https:\\\/\\\/www.linkedin.com\\\/company\\\/figuerasseating\\\/\",\"https:\\\/\\\/www.instagram.com\\\/figueras.seating\\\/\",\"https:\\\/\\\/vimeo.com\\\/figuerasseating\",\"https:\\\/\\\/es.pinterest.com\\\/figuerasint\\\/\"]}]}<\/script>\n<!-- \/ Yoast SEO plugin. -->","yoast_head_json":{"title":"Minispace 5069 - Figueras Seating (ES)","description":"Asientos compactos elegantes y est\u00e9ticos para salas de conferencias, auditorios, zonas corporativas y estadios. Asiento abatible silencioso sobre barra.","robots":{"index":"index","follow":"follow","max-snippet":"max-snippet:-1","max-image-preview":"max-image-preview:large","max-video-preview":"max-video-preview:-1"},"canonical":"https:\/\/figueras.com\/es\/asiento\/5069\/","og_locale":"es_ES","og_type":"article","og_title":"Minispace 5069 - Figueras Seating (ES)","og_description":"Asientos compactos elegantes y est\u00e9ticos para salas de conferencias, auditorios, zonas corporativas y estadios. Asiento abatible silencioso sobre barra.","og_url":"https:\/\/figueras.com\/es\/asiento\/5069\/","og_site_name":"Figueras Seating","article_modified_time":"2025-05-22T11:45:13+00:00","og_image":[{"width":610,"height":810,"url":"https:\/\/figueras.com\/wp-content\/uploads\/2023\/11\/Minispace-5069_w00.webp","type":"image\/webp"}],"twitter_card":"summary_large_image","twitter_misc":{"Tiempo de lectura":"2 minutos"},"schema":{"@context":"https:\/\/schema.org","@graph":[{"@type":"WebPage","@id":"https:\/\/figueras.com\/es\/asiento\/5069\/","url":"https:\/\/figueras.com\/es\/asiento\/5069\/","name":"Minispace 5069 - Figueras Seating (ES)","isPartOf":{"@id":"https:\/\/figueras.com\/es\/#website"},"primaryImageOfPage":{"@id":"https:\/\/figueras.com\/es\/asiento\/5069\/#primaryimage"},"image":{"@id":"https:\/\/figueras.com\/es\/asiento\/5069\/#primaryimage"},"thumbnailUrl":"https:\/\/figueras.com\/wp-content\/uploads\/2023\/11\/Minispace-5069_w00.webp","datePublished":"2023-11-01T09:47:54+00:00","dateModified":"2025-05-22T11:45:13+00:00","description":"Asientos compactos elegantes y est\u00e9ticos para salas de conferencias, auditorios, zonas corporativas y estadios. Asiento abatible silencioso sobre barra.","breadcrumb":{"@id":"https:\/\/figueras.com\/es\/asiento\/5069\/#breadcrumb"},"inLanguage":"es","potentialAction":[{"@type":"ReadAction","target":["https:\/\/figueras.com\/es\/asiento\/5069\/"]}]},{"@type":"ImageObject","inLanguage":"es","@id":"https:\/\/figueras.com\/es\/asiento\/5069\/#primaryimage","url":"https:\/\/figueras.com\/wp-content\/uploads\/2023\/11\/Minispace-5069_w00.webp","contentUrl":"https:\/\/figueras.com\/wp-content\/uploads\/2023\/11\/Minispace-5069_w00.webp","width":610,"height":810,"caption":"Minispace 5069"},{"@type":"BreadcrumbList","@id":"https:\/\/figueras.com\/es\/asiento\/5069\/#breadcrumb","itemListElement":[{"@type":"ListItem","position":1,"name":"Home","item":"https:\/\/figueras.com\/es\/"},{"@type":"ListItem","position":2,"name":"Productos","item":"https:\/\/figueras.com\/es\/shop\/"},{"@type":"ListItem","position":3,"name":"Minispace 5069"}]},{"@type":"WebSite","@id":"https:\/\/figueras.com\/es\/#website","url":"https:\/\/figueras.com\/es\/","name":"Figueras Seating","description":"","publisher":{"@id":"https:\/\/figueras.com\/es\/#organization"},"potentialAction":[{"@type":"SearchAction","target":{"@type":"EntryPoint","urlTemplate":"https:\/\/figueras.com\/es\/?s={search_term_string}"},"query-input":{"@type":"PropertyValueSpecification","valueRequired":true,"valueName":"search_term_string"}}],"inLanguage":"es"},{"@type":"Organization","@id":"https:\/\/figueras.com\/es\/#organization","name":"Figueras International Seating, S.L.U.","alternateName":"Figueras Seating","url":"https:\/\/figueras.com\/es\/","logo":{"@type":"ImageObject","inLanguage":"es","@id":"https:\/\/figueras.com\/es\/#\/schema\/logo\/image\/","url":"https:\/\/figueras.com\/wp-content\/uploads\/2023\/04\/figueraslogoheader.png","contentUrl":"https:\/\/figueras.com\/wp-content\/uploads\/2023\/04\/figueraslogoheader.png","width":739,"height":127,"caption":"Figueras International Seating, S.L.U."},"image":{"@id":"https:\/\/figueras.com\/es\/#\/schema\/logo\/image\/"},"sameAs":["https:\/\/www.linkedin.com\/company\/figuerasseating\/","https:\/\/www.instagram.com\/figueras.seating\/","https:\/\/vimeo.com\/figuerasseating","https:\/\/es.pinterest.com\/figuerasint\/"]}]}},"_links":{"self":[{"href":"https:\/\/figueras.com\/es\/wp-json\/wp\/v2\/product\/23800","targetHints":{"allow":["GET"]}}],"collection":[{"href":"https:\/\/figueras.com\/es\/wp-json\/wp\/v2\/product"}],"about":[{"href":"https:\/\/figueras.com\/es\/wp-json\/wp\/v2\/types\/product"}],"version-history":[{"count":0,"href":"https:\/\/figueras.com\/es\/wp-json\/wp\/v2\/product\/23800\/revisions"}],"wp:featuredmedia":[{"embeddable":true,"href":"https:\/\/figueras.com\/es\/wp-json\/wp\/v2\/media\/44969"}],"wp:attachment":[{"href":"https:\/\/figueras.com\/es\/wp-json\/wp\/v2\/media?parent=23800"}],"wp:term":[{"taxonomy":"designer_tag","embeddable":true,"href":"https:\/\/figueras.com\/es\/wp-json\/wp\/v2\/designer_tag?post=23800"},{"taxonomy":"system_rel_tag","embeddable":true,"href":"https:\/\/figueras.com\/es\/wp-json\/wp\/v2\/system_rel_tag?post=23800"},{"taxonomy":"product_brand","embeddable":true,"href":"https:\/\/figueras.com\/es\/wp-json\/wp\/v2\/product_brand?post=23800"},{"taxonomy":"product_cat","embeddable":true,"href":"https:\/\/figueras.com\/es\/wp-json\/wp\/v2\/product_cat?post=23800"},{"taxonomy":"product_tag","embeddable":true,"href":"https:\/\/figueras.com\/es\/wp-json\/wp\/v2\/product_tag?post=23800"}],"curies":[{"name":"wp","href":"https:\/\/api.w.org\/{rel}","templated":true}]}}