{"id":23798,"date":"2023-11-01T10:48:54","date_gmt":"2023-11-01T09:48:54","guid":{"rendered":"http:\/\/figueras.com\/seating\/5067\/"},"modified":"2026-04-14T17:20:57","modified_gmt":"2026-04-14T15:20:57","slug":"5067","status":"publish","type":"product","link":"https:\/\/figueras.com\/es\/asiento\/5067\/","title":{"rendered":"Minispace 5067"},"content":{"rendered":"<p style=\"text-align: justify;\"><strong>La Minispace 5067 es una de nuestras butacas m\u00e1s compactas, un r\u00e9cord en t\u00e9rminos de optimizaci\u00f3n de espacio. Esta butaca es una soluci\u00f3n \u00f3ptima para salas de conferencias, auditorios, \u00e1reas corporativas y VIP de estadios y arenas.<br \/>\n<\/strong><\/p>\n<p style=\"text-align: justify;\">Esta butaca, montada en barra, tiene un sistema de plegado que consiste en que el asiento gira y el respaldo se mueve hacia adelante hasta que ambos quedan completamente planos uno contra el otro. Una vez plegado el asiento, la profundidad es de solo 15 cm, lo que permite optimizar al m\u00e1ximo el espacio.<\/p>\n<p style=\"text-align: justify;\">El mecanismo de plegado tiene el Sistema <em>Controlled Soft Rise Technology<\/em> (CSRT) que evita ruidos o golpes cuando el asiento est\u00e1 desocupado. El plegado se basa en la gravedad, consiguiendo una gran durabilidad y un m\u00ednimo mantenimiento.<\/p>\n<p style=\"text-align: justify;\">El asiento y el respaldo son de espuma de poliuretano moldeada en fr\u00edo que recubre completamente la estructura met\u00e1lica interna. Esta estructura comprende un marco tubular curvo y una trama de resortes planos.\u00a0Los bloques de espuma de poliuretano est\u00e1n cubiertos con fundas con cremallera f\u00e1cilmente extra\u00edbles.<\/p>\n<p style=\"text-align: justify;\">Los reposabrazos est\u00e1n fabricados con una estructura met\u00e1lica recubierta de espuma de poliuretano integral semirr\u00edgida moldeada en fr\u00edo. El asiento, el respaldo y el reposabrazos se apoyan en los lados de aluminio fundido pintado y se fijan a una estructura de tubo de acero.<\/p>\n<p>Opcionalmente, el respaldo puede incluir un acabado met\u00e1lico que cubre completamente la parte trasera para proteger la tapicer\u00eda de los da\u00f1os por fricci\u00f3n. Esta caracter\u00edstica es muy conveniente para incorporar en las butacas que ser\u00e1n instaladas en estadios y arenas.<\/p>\n","protected":false},"excerpt":{"rendered":"<p>[wpdm_package id=&#8217;24336&#8242;]<\/p>\n<p>[wpdm_package id=&#8217;7077&#8242;]<\/p>\n<p>[wpdm_package id=&#8217;7078&#8242;]<\/p>\n","protected":false},"featured_media":44953,"template":"","meta":{"_acf_changed":false,"content-type":""},"designer_tag":[],"system_rel_tag":[460,461,462,463],"product_cat":[204,205,223,192,224,194,225,195,197,198,199,202,203],"product_tag":[509,512,503,506],"class_list":{"0":"post-23798","1":"product","2":"type-product","3":"status-publish","4":"has-post-thumbnail","6":"system_rel_tag-mutarail-seating-system-es","7":"system_rel_tag-retractable-seating-system-es","8":"system_rel_tag-mutasub-seating-system-es","9":"system_rel_tag-mutawheel-seating-system-es","10":"product_cat-seats-for-worship-and-religious-centres-es","11":"product_cat-theatre-es","12":"product_cat-minispace-es","13":"product_cat-education-es","14":"product_cat-seats-for-stadiums-and-arenas-es","15":"product_cat-publicum-es","16":"product_cat-sports-es","17":"product_cat-seats-for-auditorium-and-conference-rooms-es","18":"product_cat-seats-for-corporate-rooms-es","19":"product_cat-seats-for-cruise-ships-and-ferries-es","20":"product_cat-seats-for-multi-purpose-spaces-es","21":"product_cat-seats-for-theatres-es","22":"product_cat-seats-for-universities-and-schools-es","23":"product_tag-theatre-es","24":"product_tag-publicum-es","25":"product_tag-education-es","26":"product_tag-sports-es","28":"first","29":"instock","30":"downloadable","31":"virtual","32":"product-type-simple"},"acf":[],"_links":{"self":[{"href":"https:\/\/figueras.com\/es\/wp-json\/wp\/v2\/product\/23798","targetHints":{"allow":["GET"]}}],"collection":[{"href":"https:\/\/figueras.com\/es\/wp-json\/wp\/v2\/product"}],"about":[{"href":"https:\/\/figueras.com\/es\/wp-json\/wp\/v2\/types\/product"}],"version-history":[{"count":1,"href":"https:\/\/figueras.com\/es\/wp-json\/wp\/v2\/product\/23798\/revisions"}],"predecessor-version":[{"id":50501,"href":"https:\/\/figueras.com\/es\/wp-json\/wp\/v2\/product\/23798\/revisions\/50501"}],"wp:featuredmedia":[{"embeddable":true,"href":"https:\/\/figueras.com\/es\/wp-json\/wp\/v2\/media\/44953"}],"wp:attachment":[{"href":"https:\/\/figueras.com\/es\/wp-json\/wp\/v2\/media?parent=23798"}],"wp:term":[{"taxonomy":"designer_tag","embeddable":true,"href":"https:\/\/figueras.com\/es\/wp-json\/wp\/v2\/designer_tag?post=23798"},{"taxonomy":"system_rel_tag","embeddable":true,"href":"https:\/\/figueras.com\/es\/wp-json\/wp\/v2\/system_rel_tag?post=23798"},{"taxonomy":"product_cat","embeddable":true,"href":"https:\/\/figueras.com\/es\/wp-json\/wp\/v2\/product_cat?post=23798"},{"taxonomy":"product_tag","embeddable":true,"href":"https:\/\/figueras.com\/es\/wp-json\/wp\/v2\/product_tag?post=23798"}],"curies":[{"name":"wp","href":"https:\/\/api.w.org\/{rel}","templated":true}]}}