{"id":23796,"date":"2023-11-01T10:49:54","date_gmt":"2023-11-01T09:49:54","guid":{"rendered":"http:\/\/figueras.com\/seating\/5064\/"},"modified":"2026-04-14T17:14:19","modified_gmt":"2026-04-14T15:14:19","slug":"5064","status":"publish","type":"product","link":"https:\/\/figueras.com\/es\/asiento\/5064\/","title":{"rendered":"Minispace 5064"},"content":{"rendered":"<p style=\"text-align: justify;\"><strong>La Minispace 5064 es una butaca que destaca por su tama\u00f1o compacto y su elegante dise\u00f1o. Este asiento es una soluci\u00f3n \u00f3ptima para salas de conferencias, auditorios, \u00e1reas corporativas y zonas VIP de estadios y arenas.<\/strong><\/p>\n<p style=\"text-align: justify;\">Esta butaca, montada sobre barra, incorpora un sistema de plegado autom\u00e1tico mediante el cual al levantarse el asiento, el respaldo se mueve hacia delante hasta quedar completamente unidas ambas partes. Una vez plegada la butaca, su profundidad es de tan solo 23 cm, lo que permite la m\u00e1xima optimizaci\u00f3n del espacio.<\/p>\n<p style=\"text-align: justify;\">La Minispace 5064 incorpora un sistema de plegado suave que evita el ruido o los golpes cuando el usuario se levanta del asiento. El plegado se basa en la gravedad, logrando una alta durabilidad y un m\u00ednimo mantenimiento.<\/p>\n<p style=\"text-align: justify;\">El asiento y el respaldo consisten en espuma de poliuretano moldeada en fr\u00edo que cubre completamente la estructura met\u00e1lica interna. Esta estructura est\u00e1 formada por un marco tubular curvado y una malla de muelles planos. Los bloques de espuma de poliuretano est\u00e1n cubiertos con fundas con cremallera f\u00e1cilmente desmontables.<\/p>\n<p style=\"text-align: justify;\">Opcionalmente, el respaldo puede incluir una l\u00e1mina met\u00e1lica que cubre completamente la parte trasera para proteger la tapicer\u00eda de los da\u00f1os por fricci\u00f3n. Esta caracter\u00edstica es muy conveniente para incorporar en las butacas que ser\u00e1n instaladas en estadios y arenas.<\/p>\n<p style=\"text-align: justify;\">Los reposabrazos est\u00e1n formados por una estructura met\u00e1lica recubierta de espuma de poliuretano integral semirr\u00edgida moldeada en fr\u00edo. El asiento, el respaldo y los reposabrazos se sostienen en laterales de aluminio fundido que se fijan a una estructura de tubo de acero.<\/p>\n","protected":false},"excerpt":{"rendered":"<p>[wpdm_package id=&#8217;24344&#8242;]<\/p>\n<p>[wpdm_package id=&#8217;7082&#8242;]<\/p>\n<p>[wpdm_package id=&#8217;7083&#8242;]<\/p>\n","protected":false},"featured_media":44930,"template":"","meta":{"_acf_changed":false,"content-type":""},"designer_tag":[333],"system_rel_tag":[460,461,462,463],"product_cat":[204,205,223,192,224,194,225,195,197,198,199,202,203],"product_tag":[506,509,512,503],"class_list":{"0":"post-23796","1":"product","2":"type-product","3":"status-publish","4":"has-post-thumbnail","6":"designer_tag-design-center-es","7":"system_rel_tag-mutarail-seating-system-es","8":"system_rel_tag-retractable-seating-system-es","9":"system_rel_tag-mutasub-seating-system-es","10":"system_rel_tag-mutawheel-seating-system-es","11":"product_cat-seats-for-worship-and-religious-centres-es","12":"product_cat-theatre-es","13":"product_cat-minispace-es","14":"product_cat-education-es","15":"product_cat-seats-for-stadiums-and-arenas-es","16":"product_cat-publicum-es","17":"product_cat-sports-es","18":"product_cat-seats-for-auditorium-and-conference-rooms-es","19":"product_cat-seats-for-corporate-rooms-es","20":"product_cat-seats-for-cruise-ships-and-ferries-es","21":"product_cat-seats-for-multi-purpose-spaces-es","22":"product_cat-seats-for-theatres-es","23":"product_cat-seats-for-universities-and-schools-es","24":"product_tag-sports-es","25":"product_tag-theatre-es","26":"product_tag-publicum-es","27":"product_tag-education-es","28":"pa_system-sistema-de-asientos-mutawheel","29":"pa_system-sistema-de-asientos-mutasub","30":"pa_system-sistema-de-asientos-mutarail","31":"pa_system-sistema-de-asientos-retractil","33":"first","34":"instock","35":"downloadable","36":"virtual","37":"product-type-simple"},"acf":[],"yoast_head":"<!-- This site is optimized with the Yoast SEO plugin v27.4 - https:\/\/yoast.com\/product\/yoast-seo-wordpress\/ -->\n<title>Minispace 5064 - Figueras Seating (ES)<\/title>\n<meta name=\"description\" content=\"Elegante asiento c\u00f3modo de tama\u00f1o compacto para salas de conferencias, auditorios, zonas corporativas, estadios VIP. Asiento silencioso abatible sobre barra\" \/>\n<meta name=\"robots\" content=\"index, follow, max-snippet:-1, max-image-preview:large, max-video-preview:-1\" \/>\n<link rel=\"canonical\" href=\"https:\/\/figueras.com\/es\/asiento\/5064\/\" \/>\n<meta property=\"og:locale\" content=\"es_ES\" \/>\n<meta property=\"og:type\" content=\"article\" \/>\n<meta property=\"og:title\" content=\"Minispace 5064 - Figueras Seating (ES)\" \/>\n<meta property=\"og:description\" content=\"Elegante asiento c\u00f3modo de tama\u00f1o compacto para salas de conferencias, auditorios, zonas corporativas, estadios VIP. Asiento silencioso abatible sobre barra\" \/>\n<meta property=\"og:url\" content=\"https:\/\/figueras.com\/es\/asiento\/5064\/\" \/>\n<meta property=\"og:site_name\" content=\"Figueras Seating\" \/>\n<meta property=\"article:modified_time\" content=\"2026-04-14T15:14:19+00:00\" \/>\n<meta property=\"og:image\" content=\"https:\/\/figueras.com\/wp-content\/uploads\/2025\/03\/Minispace-5064_w09.webp\" \/>\n\t<meta property=\"og:image:width\" content=\"610\" \/>\n\t<meta property=\"og:image:height\" content=\"810\" \/>\n\t<meta property=\"og:image:type\" content=\"image\/webp\" \/>\n<meta name=\"twitter:card\" content=\"summary_large_image\" \/>\n<meta name=\"twitter:label1\" content=\"Tiempo de lectura\" \/>\n\t<meta name=\"twitter:data1\" content=\"2 minutos\" \/>\n<script type=\"application\/ld+json\" class=\"yoast-schema-graph\">{\"@context\":\"https:\\\/\\\/schema.org\",\"@graph\":[{\"@type\":\"WebPage\",\"@id\":\"https:\\\/\\\/figueras.com\\\/es\\\/asiento\\\/5064\\\/\",\"url\":\"https:\\\/\\\/figueras.com\\\/es\\\/asiento\\\/5064\\\/\",\"name\":\"Minispace 5064 - Figueras Seating (ES)\",\"isPartOf\":{\"@id\":\"https:\\\/\\\/figueras.com\\\/es\\\/#website\"},\"primaryImageOfPage\":{\"@id\":\"https:\\\/\\\/figueras.com\\\/es\\\/asiento\\\/5064\\\/#primaryimage\"},\"image\":{\"@id\":\"https:\\\/\\\/figueras.com\\\/es\\\/asiento\\\/5064\\\/#primaryimage\"},\"thumbnailUrl\":\"https:\\\/\\\/figueras.com\\\/wp-content\\\/uploads\\\/2025\\\/03\\\/Minispace-5064_w09.webp\",\"datePublished\":\"2023-11-01T09:49:54+00:00\",\"dateModified\":\"2026-04-14T15:14:19+00:00\",\"description\":\"Elegante asiento c\u00f3modo de tama\u00f1o compacto para salas de conferencias, auditorios, zonas corporativas, estadios VIP. Asiento silencioso abatible sobre barra\",\"breadcrumb\":{\"@id\":\"https:\\\/\\\/figueras.com\\\/es\\\/asiento\\\/5064\\\/#breadcrumb\"},\"inLanguage\":\"es\",\"potentialAction\":[{\"@type\":\"ReadAction\",\"target\":[\"https:\\\/\\\/figueras.com\\\/es\\\/asiento\\\/5064\\\/\"]}]},{\"@type\":\"ImageObject\",\"inLanguage\":\"es\",\"@id\":\"https:\\\/\\\/figueras.com\\\/es\\\/asiento\\\/5064\\\/#primaryimage\",\"url\":\"https:\\\/\\\/figueras.com\\\/wp-content\\\/uploads\\\/2025\\\/03\\\/Minispace-5064_w09.webp\",\"contentUrl\":\"https:\\\/\\\/figueras.com\\\/wp-content\\\/uploads\\\/2025\\\/03\\\/Minispace-5064_w09.webp\",\"width\":610,\"height\":810,\"caption\":\"Minispace 5064\"},{\"@type\":\"BreadcrumbList\",\"@id\":\"https:\\\/\\\/figueras.com\\\/es\\\/asiento\\\/5064\\\/#breadcrumb\",\"itemListElement\":[{\"@type\":\"ListItem\",\"position\":1,\"name\":\"Home\",\"item\":\"https:\\\/\\\/figueras.com\\\/es\\\/\"},{\"@type\":\"ListItem\",\"position\":2,\"name\":\"Productos\",\"item\":\"https:\\\/\\\/figueras.com\\\/es\\\/shop\\\/\"},{\"@type\":\"ListItem\",\"position\":3,\"name\":\"Minispace 5064\"}]},{\"@type\":\"WebSite\",\"@id\":\"https:\\\/\\\/figueras.com\\\/es\\\/#website\",\"url\":\"https:\\\/\\\/figueras.com\\\/es\\\/\",\"name\":\"Figueras Seating\",\"description\":\"\",\"publisher\":{\"@id\":\"https:\\\/\\\/figueras.com\\\/es\\\/#organization\"},\"potentialAction\":[{\"@type\":\"SearchAction\",\"target\":{\"@type\":\"EntryPoint\",\"urlTemplate\":\"https:\\\/\\\/figueras.com\\\/es\\\/?s={search_term_string}\"},\"query-input\":{\"@type\":\"PropertyValueSpecification\",\"valueRequired\":true,\"valueName\":\"search_term_string\"}}],\"inLanguage\":\"es\"},{\"@type\":\"Organization\",\"@id\":\"https:\\\/\\\/figueras.com\\\/es\\\/#organization\",\"name\":\"Figueras International Seating, S.L.U.\",\"alternateName\":\"Figueras Seating\",\"url\":\"https:\\\/\\\/figueras.com\\\/es\\\/\",\"logo\":{\"@type\":\"ImageObject\",\"inLanguage\":\"es\",\"@id\":\"https:\\\/\\\/figueras.com\\\/es\\\/#\\\/schema\\\/logo\\\/image\\\/\",\"url\":\"https:\\\/\\\/figueras.com\\\/wp-content\\\/uploads\\\/2023\\\/04\\\/figueraslogoheader.png\",\"contentUrl\":\"https:\\\/\\\/figueras.com\\\/wp-content\\\/uploads\\\/2023\\\/04\\\/figueraslogoheader.png\",\"width\":739,\"height\":127,\"caption\":\"Figueras International Seating, S.L.U.\"},\"image\":{\"@id\":\"https:\\\/\\\/figueras.com\\\/es\\\/#\\\/schema\\\/logo\\\/image\\\/\"},\"sameAs\":[\"https:\\\/\\\/www.linkedin.com\\\/company\\\/figuerasseating\\\/\",\"https:\\\/\\\/www.instagram.com\\\/figueras.seating\\\/\",\"https:\\\/\\\/vimeo.com\\\/figuerasseating\",\"https:\\\/\\\/es.pinterest.com\\\/figuerasint\\\/\"]}]}<\/script>\n<!-- \/ Yoast SEO plugin. -->","yoast_head_json":{"title":"Minispace 5064 - Figueras Seating (ES)","description":"Elegante asiento c\u00f3modo de tama\u00f1o compacto para salas de conferencias, auditorios, zonas corporativas, estadios VIP. Asiento silencioso abatible sobre barra","robots":{"index":"index","follow":"follow","max-snippet":"max-snippet:-1","max-image-preview":"max-image-preview:large","max-video-preview":"max-video-preview:-1"},"canonical":"https:\/\/figueras.com\/es\/asiento\/5064\/","og_locale":"es_ES","og_type":"article","og_title":"Minispace 5064 - Figueras Seating (ES)","og_description":"Elegante asiento c\u00f3modo de tama\u00f1o compacto para salas de conferencias, auditorios, zonas corporativas, estadios VIP. Asiento silencioso abatible sobre barra","og_url":"https:\/\/figueras.com\/es\/asiento\/5064\/","og_site_name":"Figueras Seating","article_modified_time":"2026-04-14T15:14:19+00:00","og_image":[{"width":610,"height":810,"url":"https:\/\/figueras.com\/wp-content\/uploads\/2025\/03\/Minispace-5064_w09.webp","type":"image\/webp"}],"twitter_card":"summary_large_image","twitter_misc":{"Tiempo de lectura":"2 minutos"},"schema":{"@context":"https:\/\/schema.org","@graph":[{"@type":"WebPage","@id":"https:\/\/figueras.com\/es\/asiento\/5064\/","url":"https:\/\/figueras.com\/es\/asiento\/5064\/","name":"Minispace 5064 - Figueras Seating (ES)","isPartOf":{"@id":"https:\/\/figueras.com\/es\/#website"},"primaryImageOfPage":{"@id":"https:\/\/figueras.com\/es\/asiento\/5064\/#primaryimage"},"image":{"@id":"https:\/\/figueras.com\/es\/asiento\/5064\/#primaryimage"},"thumbnailUrl":"https:\/\/figueras.com\/wp-content\/uploads\/2025\/03\/Minispace-5064_w09.webp","datePublished":"2023-11-01T09:49:54+00:00","dateModified":"2026-04-14T15:14:19+00:00","description":"Elegante asiento c\u00f3modo de tama\u00f1o compacto para salas de conferencias, auditorios, zonas corporativas, estadios VIP. Asiento silencioso abatible sobre barra","breadcrumb":{"@id":"https:\/\/figueras.com\/es\/asiento\/5064\/#breadcrumb"},"inLanguage":"es","potentialAction":[{"@type":"ReadAction","target":["https:\/\/figueras.com\/es\/asiento\/5064\/"]}]},{"@type":"ImageObject","inLanguage":"es","@id":"https:\/\/figueras.com\/es\/asiento\/5064\/#primaryimage","url":"https:\/\/figueras.com\/wp-content\/uploads\/2025\/03\/Minispace-5064_w09.webp","contentUrl":"https:\/\/figueras.com\/wp-content\/uploads\/2025\/03\/Minispace-5064_w09.webp","width":610,"height":810,"caption":"Minispace 5064"},{"@type":"BreadcrumbList","@id":"https:\/\/figueras.com\/es\/asiento\/5064\/#breadcrumb","itemListElement":[{"@type":"ListItem","position":1,"name":"Home","item":"https:\/\/figueras.com\/es\/"},{"@type":"ListItem","position":2,"name":"Productos","item":"https:\/\/figueras.com\/es\/shop\/"},{"@type":"ListItem","position":3,"name":"Minispace 5064"}]},{"@type":"WebSite","@id":"https:\/\/figueras.com\/es\/#website","url":"https:\/\/figueras.com\/es\/","name":"Figueras Seating","description":"","publisher":{"@id":"https:\/\/figueras.com\/es\/#organization"},"potentialAction":[{"@type":"SearchAction","target":{"@type":"EntryPoint","urlTemplate":"https:\/\/figueras.com\/es\/?s={search_term_string}"},"query-input":{"@type":"PropertyValueSpecification","valueRequired":true,"valueName":"search_term_string"}}],"inLanguage":"es"},{"@type":"Organization","@id":"https:\/\/figueras.com\/es\/#organization","name":"Figueras International Seating, S.L.U.","alternateName":"Figueras Seating","url":"https:\/\/figueras.com\/es\/","logo":{"@type":"ImageObject","inLanguage":"es","@id":"https:\/\/figueras.com\/es\/#\/schema\/logo\/image\/","url":"https:\/\/figueras.com\/wp-content\/uploads\/2023\/04\/figueraslogoheader.png","contentUrl":"https:\/\/figueras.com\/wp-content\/uploads\/2023\/04\/figueraslogoheader.png","width":739,"height":127,"caption":"Figueras International Seating, S.L.U."},"image":{"@id":"https:\/\/figueras.com\/es\/#\/schema\/logo\/image\/"},"sameAs":["https:\/\/www.linkedin.com\/company\/figuerasseating\/","https:\/\/www.instagram.com\/figueras.seating\/","https:\/\/vimeo.com\/figuerasseating","https:\/\/es.pinterest.com\/figuerasint\/"]}]}},"_links":{"self":[{"href":"https:\/\/figueras.com\/es\/wp-json\/wp\/v2\/product\/23796","targetHints":{"allow":["GET"]}}],"collection":[{"href":"https:\/\/figueras.com\/es\/wp-json\/wp\/v2\/product"}],"about":[{"href":"https:\/\/figueras.com\/es\/wp-json\/wp\/v2\/types\/product"}],"version-history":[{"count":1,"href":"https:\/\/figueras.com\/es\/wp-json\/wp\/v2\/product\/23796\/revisions"}],"predecessor-version":[{"id":50487,"href":"https:\/\/figueras.com\/es\/wp-json\/wp\/v2\/product\/23796\/revisions\/50487"}],"wp:featuredmedia":[{"embeddable":true,"href":"https:\/\/figueras.com\/es\/wp-json\/wp\/v2\/media\/44930"}],"wp:attachment":[{"href":"https:\/\/figueras.com\/es\/wp-json\/wp\/v2\/media?parent=23796"}],"wp:term":[{"taxonomy":"designer_tag","embeddable":true,"href":"https:\/\/figueras.com\/es\/wp-json\/wp\/v2\/designer_tag?post=23796"},{"taxonomy":"system_rel_tag","embeddable":true,"href":"https:\/\/figueras.com\/es\/wp-json\/wp\/v2\/system_rel_tag?post=23796"},{"taxonomy":"product_cat","embeddable":true,"href":"https:\/\/figueras.com\/es\/wp-json\/wp\/v2\/product_cat?post=23796"},{"taxonomy":"product_tag","embeddable":true,"href":"https:\/\/figueras.com\/es\/wp-json\/wp\/v2\/product_tag?post=23796"}],"curies":[{"name":"wp","href":"https:\/\/api.w.org\/{rel}","templated":true}]}}