{"id":23794,"date":"2023-11-01T10:59:51","date_gmt":"2023-11-01T09:59:51","guid":{"rendered":"http:\/\/figueras.com\/seating\/virtus-13205\/"},"modified":"2025-05-23T13:59:46","modified_gmt":"2025-05-23T11:59:46","slug":"virtus-13205","status":"publish","type":"product","link":"https:\/\/figueras.com\/es\/asiento\/virtus-13205\/","title":{"rendered":"Virtus 13205"},"content":{"rendered":"<p style=\"text-align: justify;\"><strong>La Virtus 13205 es una butaca de l\u00edneas simples y dise\u00f1o atemporal que ofrece un confort \u00f3ptimo. Destaca por la alineaci\u00f3n de su asiento y la continuidad de su respaldo, ha sido desarrollada especialmente para auditorios, centros de artes esc\u00e9nicas, salas corporativas, centros de congresos y conferencias.<br \/>\n<\/strong><\/p>\n<p style=\"text-align: justify;\">La Virtus 13205 destaca por sus prestaciones ac\u00fasticas y su versatilidad para adaptarse a diferentes espacios gracias a la amplia gama de acabados disponibles para las piezas tapizadas y de madera.<\/p>\n<p style=\"text-align: justify;\">Este asiento de grandes dimensiones est\u00e1 formado por un \u00fanico bloque de espuma de poliuretano moldeada que incorpora una estructura met\u00e1lica, compuesta por un marco curvo y muelles planos. Se completa con una cubierta de de tapicer\u00eda f\u00e1cilmente reemplazable.<\/p>\n<p style=\"text-align: justify;\">El asiento se pliega autom\u00e1ticamente por medio de dos muelles situados en los paneles laterales. Adem\u00e1s, incluye un sistema de plegado con un movimiento suave, silencioso y sin golpes (CSRT &#8211; Controlled Soft Rise Technology). Este mecanismo no requiere mantenimiento.<\/p>\n<p style=\"text-align: justify;\">El respaldo es de contrachapado de haya, incorporando dos cojines de espuma de poliuretano de c\u00e9lula abierta totalmente tapizados que, debido a su forma y composici\u00f3n, ofrecen un gran apoyo a la espalda. El respaldo est\u00e1 fijado a una estructura met\u00e1lica, que est\u00e1 unida a los lados del asiento. El conjunto es muy resistente y asegura la perfecta alineaci\u00f3n de los respaldos al formar una fila.<\/p>\n","protected":false},"excerpt":{"rendered":"<p>[wpdm_package id=&#8217;24609&#8242;]<\/p>\n<p>[wpdm_package id=&#8217;7283&#8242;]<\/p>\n<p>[wpdm_package id=&#8217;7284&#8242;]<\/p>\n","protected":false},"featured_media":44829,"template":"","meta":{"_acf_changed":false,"content-type":""},"designer_tag":[],"system_rel_tag":[],"product_cat":[205,218,219,194,195,196,197,198,200,201,202],"product_tag":[509,512],"class_list":{"0":"post-23794","1":"product","2":"type-product","3":"status-publish","4":"has-post-thumbnail","6":"product_cat-theatre-es","7":"product_cat-seats-for-waiting-areas-es","8":"product_cat-virtus-es","9":"product_cat-publicum-es","10":"product_cat-seats-for-auditorium-and-conference-rooms-es","11":"product_cat-seats-for-congress-centres-es","12":"product_cat-seats-for-corporate-rooms-es","13":"product_cat-seats-for-cruise-ships-and-ferries-es","14":"product_cat-seats-for-parliaments-es","15":"product_cat-seats-for-performing-arts-centres-es","16":"product_cat-seats-for-theatres-es","17":"product_tag-theatre-es","18":"product_tag-publicum-es","20":"first","21":"instock","22":"downloadable","23":"virtual","24":"product-type-simple"},"acf":[],"_links":{"self":[{"href":"https:\/\/figueras.com\/es\/wp-json\/wp\/v2\/product\/23794","targetHints":{"allow":["GET"]}}],"collection":[{"href":"https:\/\/figueras.com\/es\/wp-json\/wp\/v2\/product"}],"about":[{"href":"https:\/\/figueras.com\/es\/wp-json\/wp\/v2\/types\/product"}],"version-history":[{"count":0,"href":"https:\/\/figueras.com\/es\/wp-json\/wp\/v2\/product\/23794\/revisions"}],"wp:featuredmedia":[{"embeddable":true,"href":"https:\/\/figueras.com\/es\/wp-json\/wp\/v2\/media\/44829"}],"wp:attachment":[{"href":"https:\/\/figueras.com\/es\/wp-json\/wp\/v2\/media?parent=23794"}],"wp:term":[{"taxonomy":"designer_tag","embeddable":true,"href":"https:\/\/figueras.com\/es\/wp-json\/wp\/v2\/designer_tag?post=23794"},{"taxonomy":"system_rel_tag","embeddable":true,"href":"https:\/\/figueras.com\/es\/wp-json\/wp\/v2\/system_rel_tag?post=23794"},{"taxonomy":"product_cat","embeddable":true,"href":"https:\/\/figueras.com\/es\/wp-json\/wp\/v2\/product_cat?post=23794"},{"taxonomy":"product_tag","embeddable":true,"href":"https:\/\/figueras.com\/es\/wp-json\/wp\/v2\/product_tag?post=23794"}],"curies":[{"name":"wp","href":"https:\/\/api.w.org\/{rel}","templated":true}]}}