{"id":23792,"date":"2023-11-01T11:09:57","date_gmt":"2023-11-01T10:09:57","guid":{"rendered":"http:\/\/figueras.com\/seating\/scala-148\/"},"modified":"2025-05-23T12:59:27","modified_gmt":"2025-05-23T10:59:27","slug":"scala-148","status":"publish","type":"product","link":"https:\/\/figueras.com\/es\/asiento\/scala-148\/","title":{"rendered":"Scala 148"},"content":{"rendered":"<p style=\"text-align: justify;\"><strong>La Scala 148 es una butaca muy c\u00f3moda, con un dise\u00f1o que destaca por sus formas geom\u00e9tricas simples y bien definidas. Esta butaca ha sido especialmente dise\u00f1ada para su uso en auditorios, teatros y salas de conferencias debido a su excepcional respuesta en la absorci\u00f3n del sonido.<br \/>\n<\/strong><\/p>\n<p style=\"text-align: justify;\">El asiento y el respaldo son de madera contrachapada moldeada y un coj\u00edn realizado en espuma de poliuretano de c\u00e9lula abierta, tapizado. El coj\u00edn del respaldo, combinado con otros materiales, permite obtener coeficientes de absorci\u00f3n ac\u00fastica f\u00e1cilmente adaptables a los requerimientos de cada proyecto.<\/p>\n<p style=\"text-align: justify;\">El asiento se pliega autom\u00e1ticamente gracias al doble sistema de CSRT (Controlled Soft Rise Technology), controlado lateralmente, que es extremadamente silencioso y no requiere mantenimiento. Este mecanismo est\u00e1 fabricado con poliamida de alta resistencia mec\u00e1nica.<\/p>\n<p style=\"text-align: justify;\">El asiento est\u00e1 fijado al suelo por dos estructuras met\u00e1licas laterales pintadas. Se puede adaptar f\u00e1cilmente a las diferentes inclinaciones de la sala por medio de la base que lo fija al suelo. Tambi\u00e9n permite la instalaci\u00f3n de filas curvas.<\/p>\n<p style=\"text-align: justify;\">El final de cada fila incorpora un panel de contrachapado de haya fijado al suelo. Los lados intermedios consisten en una estructura met\u00e1lica y reposabrazos de madera de haya. Cada brazo es com\u00fan a dos asientos, excepto para los asientos de la \u00faltima fila.<\/p>\n","protected":false},"excerpt":{"rendered":"<p>[wpdm_package id=&#8217;24455&#8242;]<\/p>\n<p>[wpdm_package id=&#8217;7179&#8242;]<\/p>\n<p>[wpdm_package id=&#8217;7182&#8242;]<\/p>\n","protected":false},"featured_media":44791,"template":"","meta":{"_acf_changed":false,"content-type":""},"designer_tag":[],"system_rel_tag":[],"product_cat":[203,204,205,192,215,194,195,196,197,198,201,202],"product_tag":[503,509,512],"class_list":{"0":"post-23792","1":"product","2":"type-product","3":"status-publish","4":"has-post-thumbnail","6":"product_cat-seats-for-universities-and-schools-es","7":"product_cat-seats-for-worship-and-religious-centres-es","8":"product_cat-theatre-es","9":"product_cat-education-es","10":"product_cat-scala-es","11":"product_cat-publicum-es","12":"product_cat-seats-for-auditorium-and-conference-rooms-es","13":"product_cat-seats-for-congress-centres-es","14":"product_cat-seats-for-corporate-rooms-es","15":"product_cat-seats-for-cruise-ships-and-ferries-es","16":"product_cat-seats-for-performing-arts-centres-es","17":"product_cat-seats-for-theatres-es","18":"product_tag-education-es","19":"product_tag-theatre-es","20":"product_tag-publicum-es","22":"first","23":"instock","24":"downloadable","25":"virtual","26":"product-type-simple"},"acf":[],"_links":{"self":[{"href":"https:\/\/figueras.com\/es\/wp-json\/wp\/v2\/product\/23792","targetHints":{"allow":["GET"]}}],"collection":[{"href":"https:\/\/figueras.com\/es\/wp-json\/wp\/v2\/product"}],"about":[{"href":"https:\/\/figueras.com\/es\/wp-json\/wp\/v2\/types\/product"}],"version-history":[{"count":0,"href":"https:\/\/figueras.com\/es\/wp-json\/wp\/v2\/product\/23792\/revisions"}],"wp:featuredmedia":[{"embeddable":true,"href":"https:\/\/figueras.com\/es\/wp-json\/wp\/v2\/media\/44791"}],"wp:attachment":[{"href":"https:\/\/figueras.com\/es\/wp-json\/wp\/v2\/media?parent=23792"}],"wp:term":[{"taxonomy":"designer_tag","embeddable":true,"href":"https:\/\/figueras.com\/es\/wp-json\/wp\/v2\/designer_tag?post=23792"},{"taxonomy":"system_rel_tag","embeddable":true,"href":"https:\/\/figueras.com\/es\/wp-json\/wp\/v2\/system_rel_tag?post=23792"},{"taxonomy":"product_cat","embeddable":true,"href":"https:\/\/figueras.com\/es\/wp-json\/wp\/v2\/product_cat?post=23792"},{"taxonomy":"product_tag","embeddable":true,"href":"https:\/\/figueras.com\/es\/wp-json\/wp\/v2\/product_tag?post=23792"}],"curies":[{"name":"wp","href":"https:\/\/api.w.org\/{rel}","templated":true}]}}