{"id":23790,"date":"2023-11-01T11:19:51","date_gmt":"2023-11-01T10:19:51","guid":{"rendered":"http:\/\/figueras.com\/seating\/lyon-13108\/"},"modified":"2024-07-12T11:54:46","modified_gmt":"2024-07-12T09:54:46","slug":"lyon-13108","status":"publish","type":"product","link":"https:\/\/figueras.com\/es\/asiento\/lyon-13108\/","title":{"rendered":"Lyon 13108"},"content":{"rendered":"<p style=\"text-align: justify;\"><strong>Butaca modular, con asiento plegable, \u00a0de l\u00edneas elegantes y finas y de dimensiones compactas, con caracter\u00edsticas ac\u00fasticas especiales, perfecta para auditorios, salas de conciertos o centros de artes esc\u00e9nicas.<\/strong><\/p>\n<p style=\"text-align: justify;\">El asiento, de espuma tapizada, se apoya en un bastidor tubular, a cuya parte posterior se fija una carcasa de poliamida inyectado. Esta carcasa est\u00e1 perforada, d\u00e1ndole al asiento unas caracter\u00edsticas ac\u00fasticas excepcionales.<\/p>\n<p style=\"text-align: justify;\">El respaldo se fija a un marco tubular al que se sujeta la parte trasera de la carcasa, con espuma tapizada en la parte delantera.<\/p>\n<p style=\"text-align: justify;\">El dise\u00f1o del asiento permite modificar la distancia entre ejes de 53 a 56 cm. y ajustar el \u00e1ngulo de inclinaci\u00f3n del respaldo, permitiendo una perfecta alineaci\u00f3n del respaldo y el asiento respondiendo a las especificaciones del lugar.<\/p>\n<p style=\"text-align: justify;\">El asiento y el respaldo est\u00e1n hechos de dos bloques de espuma de poliuretano moldeada que incorporan una estructura interna de polipropileno inyectado. La tapicer\u00eda se integra completamente en la espuma mediante el sistema <em>Integral Form<\/em>, sin costuras ni pespuntes.<\/p>\n<p style=\"text-align: justify;\">El asiento se eleva autom\u00e1ticamente gracias a dos muelles situados en el interior de los paneles laterales. Es extremadamente silencioso y no necesita mantenimiento.<\/p>\n<p style=\"text-align: justify;\">El asiento se apoya en dos estructuras laterales de aluminio, cada una de ellas compuesta por tres elementos interconectados, sirviendo la parte superior de reposabrazos, formando una \u00fanica unidad.<\/p>\n","protected":false},"excerpt":{"rendered":"<p>[wpdm_package id=&#8217;23376&#8242;]<\/p>\n<p>[wpdm_package id=&#8217;6995&#8242;]<\/p>\n","protected":false},"featured_media":44879,"template":"","meta":{"_acf_changed":false,"content-type":""},"designer_tag":[],"system_rel_tag":[],"product_brand":[],"product_cat":[202,203,204,192,205,194,213,195,196,197,198,200,201],"product_tag":[503,509,512],"class_list":{"0":"post-23790","1":"product","2":"type-product","3":"status-publish","4":"has-post-thumbnail","6":"product_cat-seats-for-theatres-es","7":"product_cat-seats-for-universities-and-schools-es","8":"product_cat-seats-for-worship-and-religious-centres-es","9":"product_cat-education-es","10":"product_cat-theatre-es","11":"product_cat-publicum-es","12":"product_cat-lyon-es","13":"product_cat-seats-for-auditorium-and-conference-rooms-es","14":"product_cat-seats-for-congress-centres-es","15":"product_cat-seats-for-corporate-rooms-es","16":"product_cat-seats-for-cruise-ships-and-ferries-es","17":"product_cat-seats-for-parliaments-es","18":"product_cat-seats-for-performing-arts-centres-es","19":"product_tag-education-es","20":"product_tag-theatre-es","21":"product_tag-publicum-es","23":"first","24":"instock","25":"downloadable","26":"virtual","27":"product-type-simple"},"acf":[],"yoast_head":"<!-- This site is optimized with the Yoast SEO plugin v27.3 - https:\/\/yoast.com\/product\/yoast-seo-wordpress\/ -->\n<title>Lyon 13108 - Fabricante de asientos modulares para conciertos<\/title>\n<meta name=\"description\" content=\"Dise\u00f1adores de sillas modulares, asientos con un dise\u00f1o elegante y ac\u00fastica excepcional para auditorio, salas de conciertos y centros de artes esc\u00e9nicas.\" \/>\n<meta name=\"robots\" content=\"index, follow, max-snippet:-1, max-image-preview:large, max-video-preview:-1\" \/>\n<link rel=\"canonical\" href=\"https:\/\/figueras.com\/es\/asiento\/lyon-13108\/\" \/>\n<meta property=\"og:locale\" content=\"es_ES\" \/>\n<meta property=\"og:type\" content=\"article\" \/>\n<meta property=\"og:title\" content=\"Lyon 13108 - Fabricante de asientos modulares para conciertos\" \/>\n<meta property=\"og:description\" content=\"Dise\u00f1adores de sillas modulares, asientos con un dise\u00f1o elegante y ac\u00fastica excepcional para auditorio, salas de conciertos y centros de artes esc\u00e9nicas.\" \/>\n<meta property=\"og:url\" content=\"https:\/\/figueras.com\/es\/asiento\/lyon-13108\/\" \/>\n<meta property=\"og:site_name\" content=\"Figueras Seating\" \/>\n<meta property=\"article:modified_time\" content=\"2024-07-12T09:54:46+00:00\" \/>\n<meta property=\"og:image\" content=\"https:\/\/figueras.com\/wp-content\/uploads\/2023\/11\/Lyon-13108_w10.webp\" \/>\n\t<meta property=\"og:image:width\" content=\"610\" \/>\n\t<meta property=\"og:image:height\" content=\"810\" \/>\n\t<meta property=\"og:image:type\" content=\"image\/webp\" \/>\n<meta name=\"twitter:card\" content=\"summary_large_image\" \/>\n<meta name=\"twitter:label1\" content=\"Tiempo de lectura\" \/>\n\t<meta name=\"twitter:data1\" content=\"2 minutos\" \/>\n<script type=\"application\/ld+json\" class=\"yoast-schema-graph\">{\"@context\":\"https:\\\/\\\/schema.org\",\"@graph\":[{\"@type\":\"WebPage\",\"@id\":\"https:\\\/\\\/figueras.com\\\/es\\\/asiento\\\/lyon-13108\\\/\",\"url\":\"https:\\\/\\\/figueras.com\\\/es\\\/asiento\\\/lyon-13108\\\/\",\"name\":\"Lyon 13108 - Fabricante de asientos modulares para conciertos\",\"isPartOf\":{\"@id\":\"https:\\\/\\\/figueras.com\\\/es\\\/#website\"},\"primaryImageOfPage\":{\"@id\":\"https:\\\/\\\/figueras.com\\\/es\\\/asiento\\\/lyon-13108\\\/#primaryimage\"},\"image\":{\"@id\":\"https:\\\/\\\/figueras.com\\\/es\\\/asiento\\\/lyon-13108\\\/#primaryimage\"},\"thumbnailUrl\":\"https:\\\/\\\/figueras.com\\\/wp-content\\\/uploads\\\/2023\\\/11\\\/Lyon-13108_w10.webp\",\"datePublished\":\"2023-11-01T10:19:51+00:00\",\"dateModified\":\"2024-07-12T09:54:46+00:00\",\"description\":\"Dise\u00f1adores de sillas modulares, asientos con un dise\u00f1o elegante y ac\u00fastica excepcional para auditorio, salas de conciertos y centros de artes esc\u00e9nicas.\",\"breadcrumb\":{\"@id\":\"https:\\\/\\\/figueras.com\\\/es\\\/asiento\\\/lyon-13108\\\/#breadcrumb\"},\"inLanguage\":\"es\",\"potentialAction\":[{\"@type\":\"ReadAction\",\"target\":[\"https:\\\/\\\/figueras.com\\\/es\\\/asiento\\\/lyon-13108\\\/\"]}]},{\"@type\":\"ImageObject\",\"inLanguage\":\"es\",\"@id\":\"https:\\\/\\\/figueras.com\\\/es\\\/asiento\\\/lyon-13108\\\/#primaryimage\",\"url\":\"https:\\\/\\\/figueras.com\\\/wp-content\\\/uploads\\\/2023\\\/11\\\/Lyon-13108_w10.webp\",\"contentUrl\":\"https:\\\/\\\/figueras.com\\\/wp-content\\\/uploads\\\/2023\\\/11\\\/Lyon-13108_w10.webp\",\"width\":610,\"height\":810,\"caption\":\"Lyon 13108\"},{\"@type\":\"BreadcrumbList\",\"@id\":\"https:\\\/\\\/figueras.com\\\/es\\\/asiento\\\/lyon-13108\\\/#breadcrumb\",\"itemListElement\":[{\"@type\":\"ListItem\",\"position\":1,\"name\":\"Home\",\"item\":\"https:\\\/\\\/figueras.com\\\/es\\\/\"},{\"@type\":\"ListItem\",\"position\":2,\"name\":\"Productos\",\"item\":\"https:\\\/\\\/figueras.com\\\/es\\\/shop\\\/\"},{\"@type\":\"ListItem\",\"position\":3,\"name\":\"Lyon 13108\"}]},{\"@type\":\"WebSite\",\"@id\":\"https:\\\/\\\/figueras.com\\\/es\\\/#website\",\"url\":\"https:\\\/\\\/figueras.com\\\/es\\\/\",\"name\":\"Figueras Seating\",\"description\":\"\",\"publisher\":{\"@id\":\"https:\\\/\\\/figueras.com\\\/es\\\/#organization\"},\"potentialAction\":[{\"@type\":\"SearchAction\",\"target\":{\"@type\":\"EntryPoint\",\"urlTemplate\":\"https:\\\/\\\/figueras.com\\\/es\\\/?s={search_term_string}\"},\"query-input\":{\"@type\":\"PropertyValueSpecification\",\"valueRequired\":true,\"valueName\":\"search_term_string\"}}],\"inLanguage\":\"es\"},{\"@type\":\"Organization\",\"@id\":\"https:\\\/\\\/figueras.com\\\/es\\\/#organization\",\"name\":\"Figueras International Seating, S.L.U.\",\"alternateName\":\"Figueras Seating\",\"url\":\"https:\\\/\\\/figueras.com\\\/es\\\/\",\"logo\":{\"@type\":\"ImageObject\",\"inLanguage\":\"es\",\"@id\":\"https:\\\/\\\/figueras.com\\\/es\\\/#\\\/schema\\\/logo\\\/image\\\/\",\"url\":\"https:\\\/\\\/figueras.com\\\/wp-content\\\/uploads\\\/2023\\\/04\\\/figueraslogoheader.png\",\"contentUrl\":\"https:\\\/\\\/figueras.com\\\/wp-content\\\/uploads\\\/2023\\\/04\\\/figueraslogoheader.png\",\"width\":739,\"height\":127,\"caption\":\"Figueras International Seating, S.L.U.\"},\"image\":{\"@id\":\"https:\\\/\\\/figueras.com\\\/es\\\/#\\\/schema\\\/logo\\\/image\\\/\"},\"sameAs\":[\"https:\\\/\\\/www.linkedin.com\\\/company\\\/figuerasseating\\\/\",\"https:\\\/\\\/www.instagram.com\\\/figueras.seating\\\/\",\"https:\\\/\\\/vimeo.com\\\/figuerasseating\",\"https:\\\/\\\/es.pinterest.com\\\/figuerasint\\\/\"]}]}<\/script>\n<!-- \/ Yoast SEO plugin. -->","yoast_head_json":{"title":"Lyon 13108 - Fabricante de asientos modulares para conciertos","description":"Dise\u00f1adores de sillas modulares, asientos con un dise\u00f1o elegante y ac\u00fastica excepcional para auditorio, salas de conciertos y centros de artes esc\u00e9nicas.","robots":{"index":"index","follow":"follow","max-snippet":"max-snippet:-1","max-image-preview":"max-image-preview:large","max-video-preview":"max-video-preview:-1"},"canonical":"https:\/\/figueras.com\/es\/asiento\/lyon-13108\/","og_locale":"es_ES","og_type":"article","og_title":"Lyon 13108 - Fabricante de asientos modulares para conciertos","og_description":"Dise\u00f1adores de sillas modulares, asientos con un dise\u00f1o elegante y ac\u00fastica excepcional para auditorio, salas de conciertos y centros de artes esc\u00e9nicas.","og_url":"https:\/\/figueras.com\/es\/asiento\/lyon-13108\/","og_site_name":"Figueras Seating","article_modified_time":"2024-07-12T09:54:46+00:00","og_image":[{"width":610,"height":810,"url":"https:\/\/figueras.com\/wp-content\/uploads\/2023\/11\/Lyon-13108_w10.webp","type":"image\/webp"}],"twitter_card":"summary_large_image","twitter_misc":{"Tiempo de lectura":"2 minutos"},"schema":{"@context":"https:\/\/schema.org","@graph":[{"@type":"WebPage","@id":"https:\/\/figueras.com\/es\/asiento\/lyon-13108\/","url":"https:\/\/figueras.com\/es\/asiento\/lyon-13108\/","name":"Lyon 13108 - Fabricante de asientos modulares para conciertos","isPartOf":{"@id":"https:\/\/figueras.com\/es\/#website"},"primaryImageOfPage":{"@id":"https:\/\/figueras.com\/es\/asiento\/lyon-13108\/#primaryimage"},"image":{"@id":"https:\/\/figueras.com\/es\/asiento\/lyon-13108\/#primaryimage"},"thumbnailUrl":"https:\/\/figueras.com\/wp-content\/uploads\/2023\/11\/Lyon-13108_w10.webp","datePublished":"2023-11-01T10:19:51+00:00","dateModified":"2024-07-12T09:54:46+00:00","description":"Dise\u00f1adores de sillas modulares, asientos con un dise\u00f1o elegante y ac\u00fastica excepcional para auditorio, salas de conciertos y centros de artes esc\u00e9nicas.","breadcrumb":{"@id":"https:\/\/figueras.com\/es\/asiento\/lyon-13108\/#breadcrumb"},"inLanguage":"es","potentialAction":[{"@type":"ReadAction","target":["https:\/\/figueras.com\/es\/asiento\/lyon-13108\/"]}]},{"@type":"ImageObject","inLanguage":"es","@id":"https:\/\/figueras.com\/es\/asiento\/lyon-13108\/#primaryimage","url":"https:\/\/figueras.com\/wp-content\/uploads\/2023\/11\/Lyon-13108_w10.webp","contentUrl":"https:\/\/figueras.com\/wp-content\/uploads\/2023\/11\/Lyon-13108_w10.webp","width":610,"height":810,"caption":"Lyon 13108"},{"@type":"BreadcrumbList","@id":"https:\/\/figueras.com\/es\/asiento\/lyon-13108\/#breadcrumb","itemListElement":[{"@type":"ListItem","position":1,"name":"Home","item":"https:\/\/figueras.com\/es\/"},{"@type":"ListItem","position":2,"name":"Productos","item":"https:\/\/figueras.com\/es\/shop\/"},{"@type":"ListItem","position":3,"name":"Lyon 13108"}]},{"@type":"WebSite","@id":"https:\/\/figueras.com\/es\/#website","url":"https:\/\/figueras.com\/es\/","name":"Figueras Seating","description":"","publisher":{"@id":"https:\/\/figueras.com\/es\/#organization"},"potentialAction":[{"@type":"SearchAction","target":{"@type":"EntryPoint","urlTemplate":"https:\/\/figueras.com\/es\/?s={search_term_string}"},"query-input":{"@type":"PropertyValueSpecification","valueRequired":true,"valueName":"search_term_string"}}],"inLanguage":"es"},{"@type":"Organization","@id":"https:\/\/figueras.com\/es\/#organization","name":"Figueras International Seating, S.L.U.","alternateName":"Figueras Seating","url":"https:\/\/figueras.com\/es\/","logo":{"@type":"ImageObject","inLanguage":"es","@id":"https:\/\/figueras.com\/es\/#\/schema\/logo\/image\/","url":"https:\/\/figueras.com\/wp-content\/uploads\/2023\/04\/figueraslogoheader.png","contentUrl":"https:\/\/figueras.com\/wp-content\/uploads\/2023\/04\/figueraslogoheader.png","width":739,"height":127,"caption":"Figueras International Seating, S.L.U."},"image":{"@id":"https:\/\/figueras.com\/es\/#\/schema\/logo\/image\/"},"sameAs":["https:\/\/www.linkedin.com\/company\/figuerasseating\/","https:\/\/www.instagram.com\/figueras.seating\/","https:\/\/vimeo.com\/figuerasseating","https:\/\/es.pinterest.com\/figuerasint\/"]}]}},"_links":{"self":[{"href":"https:\/\/figueras.com\/es\/wp-json\/wp\/v2\/product\/23790","targetHints":{"allow":["GET"]}}],"collection":[{"href":"https:\/\/figueras.com\/es\/wp-json\/wp\/v2\/product"}],"about":[{"href":"https:\/\/figueras.com\/es\/wp-json\/wp\/v2\/types\/product"}],"version-history":[{"count":0,"href":"https:\/\/figueras.com\/es\/wp-json\/wp\/v2\/product\/23790\/revisions"}],"wp:featuredmedia":[{"embeddable":true,"href":"https:\/\/figueras.com\/es\/wp-json\/wp\/v2\/media\/44879"}],"wp:attachment":[{"href":"https:\/\/figueras.com\/es\/wp-json\/wp\/v2\/media?parent=23790"}],"wp:term":[{"taxonomy":"designer_tag","embeddable":true,"href":"https:\/\/figueras.com\/es\/wp-json\/wp\/v2\/designer_tag?post=23790"},{"taxonomy":"system_rel_tag","embeddable":true,"href":"https:\/\/figueras.com\/es\/wp-json\/wp\/v2\/system_rel_tag?post=23790"},{"taxonomy":"product_brand","embeddable":true,"href":"https:\/\/figueras.com\/es\/wp-json\/wp\/v2\/product_brand?post=23790"},{"taxonomy":"product_cat","embeddable":true,"href":"https:\/\/figueras.com\/es\/wp-json\/wp\/v2\/product_cat?post=23790"},{"taxonomy":"product_tag","embeddable":true,"href":"https:\/\/figueras.com\/es\/wp-json\/wp\/v2\/product_tag?post=23790"}],"curies":[{"name":"wp","href":"https:\/\/api.w.org\/{rel}","templated":true}]}}