{"id":23788,"date":"2023-11-01T11:28:57","date_gmt":"2023-11-01T10:28:57","guid":{"rendered":"http:\/\/figueras.com\/seating\/senso-rt-2313\/"},"modified":"2024-10-16T08:45:48","modified_gmt":"2024-10-16T06:45:48","slug":"senso-rt-2313","status":"publish","type":"product","link":"https:\/\/figueras.com\/es\/asiento\/senso-rt-2313\/","title":{"rendered":"Sens\u00f3 RT 2313"},"content":{"rendered":"<p style=\"text-align: justify;\"><strong>La Sens\u00f3 RT 2313 es un concepto elegante y \u00fanico de butacas que ha sido especialmente dise\u00f1ado para equipar parlamentos, salas corporativas, centros de conferencias y congresos. Combina la comodidad y la seguridad de una butaca fija con la total libertad de movimiento que permite al usuario girar 360\u00b0 y desplazarse horizontalmente hasta 17 cm.<br \/>\n<\/strong><\/p>\n<p style=\"text-align: justify;\">El RT System es el sistema de rotaci\u00f3n y movimiento de Figueras, convirti\u00e9ndose en la soluci\u00f3n \u00f3ptima para parlamentos, salas de reuniones, salones de actos o salas de plenos. Vuelve autom\u00e1ticamente a su posici\u00f3n, dejando el lugar siempre limpio y ordenado.<\/p>\n<p style=\"text-align: justify;\">El innovador RT System consta de una base de aluminio fijada al suelo, que incorpora un sistema de rotaci\u00f3n de 360\u200b\u200b\u00b0 y un sistema de desplazamiento lineal de 170 mm. Ambos movimientos se pueden realizar simult\u00e1neamente.<\/p>\n<p style=\"text-align: justify;\">El asiento vuelve autom\u00e1ticamente a su posici\u00f3n inicial una vez se libera. Este sistema permite una gran libertad de movimiento y un f\u00e1cil acceso al usuario. En caso de evacuaci\u00f3n de la sala, los asientos no obstruyen los pasillos, ofreciendo un plus de seguridad.<\/p>\n<p style=\"text-align: justify;\">El asiento y el respaldo son de espuma de poliuretano y tienen una cubierta acolchada que puede ser f\u00e1cilmente reemplazada f\u00e1cilmente con un sistema de cremallera.<\/p>\n<p style=\"text-align: justify;\">El reposabrazos consiste en un bloque compacto tapizado que se extiende hasta la mitad del pie de la butaca.<\/p>\n","protected":false},"excerpt":{"rendered":"<p>[wpdm_package id=&#8217;24471&#8242;]<\/p>\n<p>[wpdm_package id=&#8217;7194&#8242;]<\/p>\n","protected":false},"featured_media":46580,"template":"","meta":{"_acf_changed":false,"content-type":""},"designer_tag":[],"system_rel_tag":[],"product_cat":[192,194,195,196,197,200,203,211],"product_tag":[503,512],"class_list":{"0":"post-23788","1":"product","2":"type-product","3":"status-publish","4":"has-post-thumbnail","6":"product_cat-education-es","7":"product_cat-publicum-es","8":"product_cat-seats-for-auditorium-and-conference-rooms-es","9":"product_cat-seats-for-congress-centres-es","10":"product_cat-seats-for-corporate-rooms-es","11":"product_cat-seats-for-parliaments-es","12":"product_cat-seats-for-universities-and-schools-es","13":"product_cat-senso-es","14":"product_tag-education-es","15":"product_tag-publicum-es","17":"first","18":"instock","19":"downloadable","20":"virtual","21":"product-type-simple"},"acf":[],"_links":{"self":[{"href":"https:\/\/figueras.com\/es\/wp-json\/wp\/v2\/product\/23788","targetHints":{"allow":["GET"]}}],"collection":[{"href":"https:\/\/figueras.com\/es\/wp-json\/wp\/v2\/product"}],"about":[{"href":"https:\/\/figueras.com\/es\/wp-json\/wp\/v2\/types\/product"}],"version-history":[{"count":0,"href":"https:\/\/figueras.com\/es\/wp-json\/wp\/v2\/product\/23788\/revisions"}],"wp:featuredmedia":[{"embeddable":true,"href":"https:\/\/figueras.com\/es\/wp-json\/wp\/v2\/media\/46580"}],"wp:attachment":[{"href":"https:\/\/figueras.com\/es\/wp-json\/wp\/v2\/media?parent=23788"}],"wp:term":[{"taxonomy":"designer_tag","embeddable":true,"href":"https:\/\/figueras.com\/es\/wp-json\/wp\/v2\/designer_tag?post=23788"},{"taxonomy":"system_rel_tag","embeddable":true,"href":"https:\/\/figueras.com\/es\/wp-json\/wp\/v2\/system_rel_tag?post=23788"},{"taxonomy":"product_cat","embeddable":true,"href":"https:\/\/figueras.com\/es\/wp-json\/wp\/v2\/product_cat?post=23788"},{"taxonomy":"product_tag","embeddable":true,"href":"https:\/\/figueras.com\/es\/wp-json\/wp\/v2\/product_tag?post=23788"}],"curies":[{"name":"wp","href":"https:\/\/api.w.org\/{rel}","templated":true}]}}