{"id":23786,"date":"2023-11-01T11:29:57","date_gmt":"2023-11-01T10:29:57","guid":{"rendered":"http:\/\/figueras.com\/seating\/senso-13113\/"},"modified":"2025-05-23T13:09:06","modified_gmt":"2025-05-23T11:09:06","slug":"senso-13113","status":"publish","type":"product","link":"https:\/\/figueras.com\/es\/asiento\/senso-13113\/","title":{"rendered":"Sens\u00f3 13113"},"content":{"rendered":"<p style=\"text-align: justify;\"><strong>La Sens\u00f3 13113 es una elegante y compacta butaca, de asiento plegable, que ofrece una excelente optimizaci\u00f3n del espacio debido a sus reducidas dimensiones. Este asiento ha sido especialmente dise\u00f1ado para auditorios, parlamentos, teatros, salas de conferencias y salas corporativas.<br \/>\n<\/strong><\/p>\n<p style=\"text-align: justify;\">El asiento y el respaldo consisten en un monobloque compacto de espuma de poliuretano moldeada en fr\u00edo que cubre completamente una estructura met\u00e1lica, ambos soportados por dos paneles laterales unidos por un puente central de acero.<\/p>\n<p style=\"text-align: justify;\">Los laterales acaban en una base de soporte en chapa de acero y se fijan al suelo mediante tornillos m\u00e9tricos o el tipo de anclaje adecuado para cada tipo de superficie. Los costados pueden estar completamente tapizados o con un acabado de madera.<\/p>\n<p style=\"text-align: justify;\">El asiento se pliega autom\u00e1ticamente gracias al sistema CSRT (<em>Controlled Soft Rise Technology<\/em>) extremadamente silencioso, y que no requiere mantenimiento. Este mecanismo est\u00e1 fabricado con poliamida de alta resistencia mec\u00e1nica. Una vez plegado, el asiento ocupa s\u00f3lo 47 cm.<\/p>\n","protected":false},"excerpt":{"rendered":"<p>[wpdm_package id=&#8217;24467&#8242;]<\/p>\n<p>[wpdm_package id=&#8217;7191&#8242;]<\/p>\n<p>[wpdm_package id=&#8217;7192&#8242;]<\/p>\n","protected":false},"featured_media":44720,"template":"","meta":{"_acf_changed":false,"content-type":""},"designer_tag":[491],"system_rel_tag":[],"product_cat":[203,204,205,192,211,194,195,196,197,200,201,202],"product_tag":[503,509,512],"class_list":{"0":"post-23786","1":"product","2":"type-product","3":"status-publish","4":"has-post-thumbnail","6":"designer_tag-marta-vilallonga-es","7":"product_cat-seats-for-universities-and-schools-es","8":"product_cat-seats-for-worship-and-religious-centres-es","9":"product_cat-theatre-es","10":"product_cat-education-es","11":"product_cat-senso-es","12":"product_cat-publicum-es","13":"product_cat-seats-for-auditorium-and-conference-rooms-es","14":"product_cat-seats-for-congress-centres-es","15":"product_cat-seats-for-corporate-rooms-es","16":"product_cat-seats-for-parliaments-es","17":"product_cat-seats-for-performing-arts-centres-es","18":"product_cat-seats-for-theatres-es","19":"product_tag-education-es","20":"product_tag-theatre-es","21":"product_tag-publicum-es","23":"first","24":"instock","25":"downloadable","26":"virtual","27":"product-type-simple"},"acf":[],"_links":{"self":[{"href":"https:\/\/figueras.com\/es\/wp-json\/wp\/v2\/product\/23786","targetHints":{"allow":["GET"]}}],"collection":[{"href":"https:\/\/figueras.com\/es\/wp-json\/wp\/v2\/product"}],"about":[{"href":"https:\/\/figueras.com\/es\/wp-json\/wp\/v2\/types\/product"}],"version-history":[{"count":0,"href":"https:\/\/figueras.com\/es\/wp-json\/wp\/v2\/product\/23786\/revisions"}],"wp:featuredmedia":[{"embeddable":true,"href":"https:\/\/figueras.com\/es\/wp-json\/wp\/v2\/media\/44720"}],"wp:attachment":[{"href":"https:\/\/figueras.com\/es\/wp-json\/wp\/v2\/media?parent=23786"}],"wp:term":[{"taxonomy":"designer_tag","embeddable":true,"href":"https:\/\/figueras.com\/es\/wp-json\/wp\/v2\/designer_tag?post=23786"},{"taxonomy":"system_rel_tag","embeddable":true,"href":"https:\/\/figueras.com\/es\/wp-json\/wp\/v2\/system_rel_tag?post=23786"},{"taxonomy":"product_cat","embeddable":true,"href":"https:\/\/figueras.com\/es\/wp-json\/wp\/v2\/product_cat?post=23786"},{"taxonomy":"product_tag","embeddable":true,"href":"https:\/\/figueras.com\/es\/wp-json\/wp\/v2\/product_tag?post=23786"}],"curies":[{"name":"wp","href":"https:\/\/api.w.org\/{rel}","templated":true}]}}