{"id":23782,"date":"2023-11-01T11:49:54","date_gmt":"2023-11-01T10:49:54","guid":{"rendered":"http:\/\/figueras.com\/seating\/microflex-6061\/"},"modified":"2025-05-22T13:08:34","modified_gmt":"2025-05-22T11:08:34","slug":"microflex-6061","status":"publish","type":"product","link":"https:\/\/figueras.com\/es\/asiento\/microflex-6061\/","title":{"rendered":"Microflex 6061"},"content":{"rendered":"<p style=\"text-align: justify;\"><strong>La butaca Microflex 6061 es la soluci\u00f3n m\u00e1s compacta de la Colecci\u00f3n Flex de Figueras. El asiento ocupa s\u00f3lo 24 cm cuando est\u00e1 plegado, lo que permite aprovechar al m\u00e1ximo el espacio, ofreciendo un alto nivel de confort y una est\u00e9tica minimalista.<br \/>\n<\/strong><\/p>\n<p style=\"text-align: justify;\">Esta butaca plegable, dispuesta sobre barra, tiene un sistema de plegado que consiste en que el asiento gira y el respaldo se mueve hacia adelante, hasta que ambos quedan adaptados, uno contra el otro. El ancho del conjunto de asiento y respaldo plegados es de 24 cm. El asiento tiene una apariencia totalmente compacta cuando se pliega, dejando las partes del asiento y el respaldo completamente alineadas en todas sus aristas.<\/p>\n<p style=\"text-align: justify;\">El asiento y el respaldo est\u00e1n sincronizados para inclinarse en un solo movimiento: cuando el asiento se desocupa, ambos elementos vuelven a su posici\u00f3n inicial. El asiento incluye el sistema CSRT (Controlled Soft Rise Technology), que garantiza el plegado silencioso, suave y sin golpes.<\/p>\n<p style=\"text-align: justify;\">El asiento y el respaldo consisten en una espuma de poliuretano moldeada en fr\u00edo que cubre completamente una estructura met\u00e1lica interna. Esta estructura est\u00e1 compuesta por un marco tubular curvado y una trama de muelles planos.\u00a0El asiento y el respaldo est\u00e1n cubiertos por fundas con cremallera, f\u00e1cilmente desmontables e intercambiables.<\/p>\n<p style=\"text-align: justify;\">Las dos partes est\u00e1n soportadas y articulan mediante soportes laterales met\u00e1licos con un acabado tapizado, que act\u00faan como reposabrazos. Los laterales est\u00e1n unidos a una estructura cuadrada de tubo de acero, bajo la cual se une el pie, realizado en tubo de acero y acabado en una pletina que se fija al suelo.<\/p>\n","protected":false},"excerpt":{"rendered":"<p>[wpdm_package id=&#8217;24314&#8242;]<\/p>\n<p>[wpdm_package id=&#8217;7018&#8242;]<\/p>\n<p>[wpdm_package id=&#8217;7019&#8242;]<\/p>\n","protected":false},"featured_media":44658,"template":"","meta":{"_acf_changed":false,"content-type":""},"designer_tag":[],"system_rel_tag":[460,461,462,463],"product_brand":[],"product_cat":[203,204,205,192,207,194,195,196,197,199,201,202],"product_tag":[503,509,512],"class_list":{"0":"post-23782","1":"product","2":"type-product","3":"status-publish","4":"has-post-thumbnail","6":"system_rel_tag-mutarail-seating-system-es","7":"system_rel_tag-retractable-seating-system-es","8":"system_rel_tag-mutasub-seating-system-es","9":"system_rel_tag-mutawheel-seating-system-es","10":"product_cat-seats-for-universities-and-schools-es","11":"product_cat-seats-for-worship-and-religious-centres-es","12":"product_cat-theatre-es","13":"product_cat-education-es","14":"product_cat-microflex-es","15":"product_cat-publicum-es","16":"product_cat-seats-for-auditorium-and-conference-rooms-es","17":"product_cat-seats-for-congress-centres-es","18":"product_cat-seats-for-corporate-rooms-es","19":"product_cat-seats-for-multi-purpose-spaces-es","20":"product_cat-seats-for-performing-arts-centres-es","21":"product_cat-seats-for-theatres-es","22":"product_tag-education-es","23":"product_tag-theatre-es","24":"product_tag-publicum-es","25":"pa_system-sistema-de-asientos-mutawheel","26":"pa_system-sistema-de-asientos-mutasub","27":"pa_system-sistema-de-asientos-mutarail","28":"pa_system-sistema-de-asientos-retractil","30":"first","31":"instock","32":"downloadable","33":"virtual","34":"product-type-simple"},"acf":[],"yoast_head":"<!-- This site is optimized with the Yoast SEO plugin v27.3 - https:\/\/yoast.com\/product\/yoast-seo-wordpress\/ -->\n<title>Microflex 6061: proveedor de asientos c\u00f3modos y minimalistas<\/title>\n<meta name=\"description\" content=\"Proveedores de los asientos m\u00e1s compactos de la colecci\u00f3n Flex de Figueras. Asientos peque\u00f1os, solo 24 cm de sillas plegables. Comodidad y est\u00e9tica minimalista.\" \/>\n<meta name=\"robots\" content=\"index, follow, max-snippet:-1, max-image-preview:large, max-video-preview:-1\" \/>\n<link rel=\"canonical\" href=\"https:\/\/figueras.com\/es\/asiento\/microflex-6061\/\" \/>\n<meta property=\"og:locale\" content=\"es_ES\" \/>\n<meta property=\"og:type\" content=\"article\" \/>\n<meta property=\"og:title\" content=\"Microflex 6061: proveedor de asientos c\u00f3modos y minimalistas\" \/>\n<meta property=\"og:description\" content=\"Proveedores de los asientos m\u00e1s compactos de la colecci\u00f3n Flex de Figueras. Asientos peque\u00f1os, solo 24 cm de sillas plegables. Comodidad y est\u00e9tica minimalista.\" \/>\n<meta property=\"og:url\" content=\"https:\/\/figueras.com\/es\/asiento\/microflex-6061\/\" \/>\n<meta property=\"og:site_name\" content=\"Figueras Seating\" \/>\n<meta property=\"article:modified_time\" content=\"2025-05-22T11:08:34+00:00\" \/>\n<meta property=\"og:image\" content=\"https:\/\/figueras.com\/wp-content\/uploads\/2023\/11\/Microflex-6061_w00.webp\" \/>\n\t<meta property=\"og:image:width\" content=\"610\" \/>\n\t<meta property=\"og:image:height\" content=\"810\" \/>\n\t<meta property=\"og:image:type\" content=\"image\/webp\" \/>\n<meta name=\"twitter:card\" content=\"summary_large_image\" \/>\n<meta name=\"twitter:label1\" content=\"Tiempo de lectura\" \/>\n\t<meta name=\"twitter:data1\" content=\"2 minutos\" \/>\n<script type=\"application\/ld+json\" class=\"yoast-schema-graph\">{\"@context\":\"https:\\\/\\\/schema.org\",\"@graph\":[{\"@type\":\"WebPage\",\"@id\":\"https:\\\/\\\/figueras.com\\\/es\\\/asiento\\\/microflex-6061\\\/\",\"url\":\"https:\\\/\\\/figueras.com\\\/es\\\/asiento\\\/microflex-6061\\\/\",\"name\":\"Microflex 6061: proveedor de asientos c\u00f3modos y minimalistas\",\"isPartOf\":{\"@id\":\"https:\\\/\\\/figueras.com\\\/es\\\/#website\"},\"primaryImageOfPage\":{\"@id\":\"https:\\\/\\\/figueras.com\\\/es\\\/asiento\\\/microflex-6061\\\/#primaryimage\"},\"image\":{\"@id\":\"https:\\\/\\\/figueras.com\\\/es\\\/asiento\\\/microflex-6061\\\/#primaryimage\"},\"thumbnailUrl\":\"https:\\\/\\\/figueras.com\\\/wp-content\\\/uploads\\\/2023\\\/11\\\/Microflex-6061_w00.webp\",\"datePublished\":\"2023-11-01T10:49:54+00:00\",\"dateModified\":\"2025-05-22T11:08:34+00:00\",\"description\":\"Proveedores de los asientos m\u00e1s compactos de la colecci\u00f3n Flex de Figueras. Asientos peque\u00f1os, solo 24 cm de sillas plegables. Comodidad y est\u00e9tica minimalista.\",\"breadcrumb\":{\"@id\":\"https:\\\/\\\/figueras.com\\\/es\\\/asiento\\\/microflex-6061\\\/#breadcrumb\"},\"inLanguage\":\"es\",\"potentialAction\":[{\"@type\":\"ReadAction\",\"target\":[\"https:\\\/\\\/figueras.com\\\/es\\\/asiento\\\/microflex-6061\\\/\"]}]},{\"@type\":\"ImageObject\",\"inLanguage\":\"es\",\"@id\":\"https:\\\/\\\/figueras.com\\\/es\\\/asiento\\\/microflex-6061\\\/#primaryimage\",\"url\":\"https:\\\/\\\/figueras.com\\\/wp-content\\\/uploads\\\/2023\\\/11\\\/Microflex-6061_w00.webp\",\"contentUrl\":\"https:\\\/\\\/figueras.com\\\/wp-content\\\/uploads\\\/2023\\\/11\\\/Microflex-6061_w00.webp\",\"width\":610,\"height\":810,\"caption\":\"Microflex 6061\"},{\"@type\":\"BreadcrumbList\",\"@id\":\"https:\\\/\\\/figueras.com\\\/es\\\/asiento\\\/microflex-6061\\\/#breadcrumb\",\"itemListElement\":[{\"@type\":\"ListItem\",\"position\":1,\"name\":\"Home\",\"item\":\"https:\\\/\\\/figueras.com\\\/es\\\/\"},{\"@type\":\"ListItem\",\"position\":2,\"name\":\"Productos\",\"item\":\"https:\\\/\\\/figueras.com\\\/es\\\/shop\\\/\"},{\"@type\":\"ListItem\",\"position\":3,\"name\":\"Microflex 6061\"}]},{\"@type\":\"WebSite\",\"@id\":\"https:\\\/\\\/figueras.com\\\/es\\\/#website\",\"url\":\"https:\\\/\\\/figueras.com\\\/es\\\/\",\"name\":\"Figueras Seating\",\"description\":\"\",\"publisher\":{\"@id\":\"https:\\\/\\\/figueras.com\\\/es\\\/#organization\"},\"potentialAction\":[{\"@type\":\"SearchAction\",\"target\":{\"@type\":\"EntryPoint\",\"urlTemplate\":\"https:\\\/\\\/figueras.com\\\/es\\\/?s={search_term_string}\"},\"query-input\":{\"@type\":\"PropertyValueSpecification\",\"valueRequired\":true,\"valueName\":\"search_term_string\"}}],\"inLanguage\":\"es\"},{\"@type\":\"Organization\",\"@id\":\"https:\\\/\\\/figueras.com\\\/es\\\/#organization\",\"name\":\"Figueras International Seating, S.L.U.\",\"alternateName\":\"Figueras Seating\",\"url\":\"https:\\\/\\\/figueras.com\\\/es\\\/\",\"logo\":{\"@type\":\"ImageObject\",\"inLanguage\":\"es\",\"@id\":\"https:\\\/\\\/figueras.com\\\/es\\\/#\\\/schema\\\/logo\\\/image\\\/\",\"url\":\"https:\\\/\\\/figueras.com\\\/wp-content\\\/uploads\\\/2023\\\/04\\\/figueraslogoheader.png\",\"contentUrl\":\"https:\\\/\\\/figueras.com\\\/wp-content\\\/uploads\\\/2023\\\/04\\\/figueraslogoheader.png\",\"width\":739,\"height\":127,\"caption\":\"Figueras International Seating, S.L.U.\"},\"image\":{\"@id\":\"https:\\\/\\\/figueras.com\\\/es\\\/#\\\/schema\\\/logo\\\/image\\\/\"},\"sameAs\":[\"https:\\\/\\\/www.linkedin.com\\\/company\\\/figuerasseating\\\/\",\"https:\\\/\\\/www.instagram.com\\\/figueras.seating\\\/\",\"https:\\\/\\\/vimeo.com\\\/figuerasseating\",\"https:\\\/\\\/es.pinterest.com\\\/figuerasint\\\/\"]}]}<\/script>\n<!-- \/ Yoast SEO plugin. -->","yoast_head_json":{"title":"Microflex 6061: proveedor de asientos c\u00f3modos y minimalistas","description":"Proveedores de los asientos m\u00e1s compactos de la colecci\u00f3n Flex de Figueras. Asientos peque\u00f1os, solo 24 cm de sillas plegables. Comodidad y est\u00e9tica minimalista.","robots":{"index":"index","follow":"follow","max-snippet":"max-snippet:-1","max-image-preview":"max-image-preview:large","max-video-preview":"max-video-preview:-1"},"canonical":"https:\/\/figueras.com\/es\/asiento\/microflex-6061\/","og_locale":"es_ES","og_type":"article","og_title":"Microflex 6061: proveedor de asientos c\u00f3modos y minimalistas","og_description":"Proveedores de los asientos m\u00e1s compactos de la colecci\u00f3n Flex de Figueras. Asientos peque\u00f1os, solo 24 cm de sillas plegables. Comodidad y est\u00e9tica minimalista.","og_url":"https:\/\/figueras.com\/es\/asiento\/microflex-6061\/","og_site_name":"Figueras Seating","article_modified_time":"2025-05-22T11:08:34+00:00","og_image":[{"width":610,"height":810,"url":"https:\/\/figueras.com\/wp-content\/uploads\/2023\/11\/Microflex-6061_w00.webp","type":"image\/webp"}],"twitter_card":"summary_large_image","twitter_misc":{"Tiempo de lectura":"2 minutos"},"schema":{"@context":"https:\/\/schema.org","@graph":[{"@type":"WebPage","@id":"https:\/\/figueras.com\/es\/asiento\/microflex-6061\/","url":"https:\/\/figueras.com\/es\/asiento\/microflex-6061\/","name":"Microflex 6061: proveedor de asientos c\u00f3modos y minimalistas","isPartOf":{"@id":"https:\/\/figueras.com\/es\/#website"},"primaryImageOfPage":{"@id":"https:\/\/figueras.com\/es\/asiento\/microflex-6061\/#primaryimage"},"image":{"@id":"https:\/\/figueras.com\/es\/asiento\/microflex-6061\/#primaryimage"},"thumbnailUrl":"https:\/\/figueras.com\/wp-content\/uploads\/2023\/11\/Microflex-6061_w00.webp","datePublished":"2023-11-01T10:49:54+00:00","dateModified":"2025-05-22T11:08:34+00:00","description":"Proveedores de los asientos m\u00e1s compactos de la colecci\u00f3n Flex de Figueras. Asientos peque\u00f1os, solo 24 cm de sillas plegables. Comodidad y est\u00e9tica minimalista.","breadcrumb":{"@id":"https:\/\/figueras.com\/es\/asiento\/microflex-6061\/#breadcrumb"},"inLanguage":"es","potentialAction":[{"@type":"ReadAction","target":["https:\/\/figueras.com\/es\/asiento\/microflex-6061\/"]}]},{"@type":"ImageObject","inLanguage":"es","@id":"https:\/\/figueras.com\/es\/asiento\/microflex-6061\/#primaryimage","url":"https:\/\/figueras.com\/wp-content\/uploads\/2023\/11\/Microflex-6061_w00.webp","contentUrl":"https:\/\/figueras.com\/wp-content\/uploads\/2023\/11\/Microflex-6061_w00.webp","width":610,"height":810,"caption":"Microflex 6061"},{"@type":"BreadcrumbList","@id":"https:\/\/figueras.com\/es\/asiento\/microflex-6061\/#breadcrumb","itemListElement":[{"@type":"ListItem","position":1,"name":"Home","item":"https:\/\/figueras.com\/es\/"},{"@type":"ListItem","position":2,"name":"Productos","item":"https:\/\/figueras.com\/es\/shop\/"},{"@type":"ListItem","position":3,"name":"Microflex 6061"}]},{"@type":"WebSite","@id":"https:\/\/figueras.com\/es\/#website","url":"https:\/\/figueras.com\/es\/","name":"Figueras Seating","description":"","publisher":{"@id":"https:\/\/figueras.com\/es\/#organization"},"potentialAction":[{"@type":"SearchAction","target":{"@type":"EntryPoint","urlTemplate":"https:\/\/figueras.com\/es\/?s={search_term_string}"},"query-input":{"@type":"PropertyValueSpecification","valueRequired":true,"valueName":"search_term_string"}}],"inLanguage":"es"},{"@type":"Organization","@id":"https:\/\/figueras.com\/es\/#organization","name":"Figueras International Seating, S.L.U.","alternateName":"Figueras Seating","url":"https:\/\/figueras.com\/es\/","logo":{"@type":"ImageObject","inLanguage":"es","@id":"https:\/\/figueras.com\/es\/#\/schema\/logo\/image\/","url":"https:\/\/figueras.com\/wp-content\/uploads\/2023\/04\/figueraslogoheader.png","contentUrl":"https:\/\/figueras.com\/wp-content\/uploads\/2023\/04\/figueraslogoheader.png","width":739,"height":127,"caption":"Figueras International Seating, S.L.U."},"image":{"@id":"https:\/\/figueras.com\/es\/#\/schema\/logo\/image\/"},"sameAs":["https:\/\/www.linkedin.com\/company\/figuerasseating\/","https:\/\/www.instagram.com\/figueras.seating\/","https:\/\/vimeo.com\/figuerasseating","https:\/\/es.pinterest.com\/figuerasint\/"]}]}},"_links":{"self":[{"href":"https:\/\/figueras.com\/es\/wp-json\/wp\/v2\/product\/23782","targetHints":{"allow":["GET"]}}],"collection":[{"href":"https:\/\/figueras.com\/es\/wp-json\/wp\/v2\/product"}],"about":[{"href":"https:\/\/figueras.com\/es\/wp-json\/wp\/v2\/types\/product"}],"version-history":[{"count":0,"href":"https:\/\/figueras.com\/es\/wp-json\/wp\/v2\/product\/23782\/revisions"}],"wp:featuredmedia":[{"embeddable":true,"href":"https:\/\/figueras.com\/es\/wp-json\/wp\/v2\/media\/44658"}],"wp:attachment":[{"href":"https:\/\/figueras.com\/es\/wp-json\/wp\/v2\/media?parent=23782"}],"wp:term":[{"taxonomy":"designer_tag","embeddable":true,"href":"https:\/\/figueras.com\/es\/wp-json\/wp\/v2\/designer_tag?post=23782"},{"taxonomy":"system_rel_tag","embeddable":true,"href":"https:\/\/figueras.com\/es\/wp-json\/wp\/v2\/system_rel_tag?post=23782"},{"taxonomy":"product_brand","embeddable":true,"href":"https:\/\/figueras.com\/es\/wp-json\/wp\/v2\/product_brand?post=23782"},{"taxonomy":"product_cat","embeddable":true,"href":"https:\/\/figueras.com\/es\/wp-json\/wp\/v2\/product_cat?post=23782"},{"taxonomy":"product_tag","embeddable":true,"href":"https:\/\/figueras.com\/es\/wp-json\/wp\/v2\/product_tag?post=23782"}],"curies":[{"name":"wp","href":"https:\/\/api.w.org\/{rel}","templated":true}]}}