{"id":23780,"date":"2023-11-01T11:56:51","date_gmt":"2023-11-01T10:56:51","guid":{"rendered":"http:\/\/figueras.com\/seating\/flex-rt-2314\/"},"modified":"2024-07-04T21:31:01","modified_gmt":"2024-07-04T19:31:01","slug":"flex-rt-2314","status":"publish","type":"product","link":"https:\/\/figueras.com\/es\/asiento\/flex-rt-2314\/","title":{"rendered":"Flex RT 2314"},"content":{"rendered":"<p style=\"text-align: justify;\"><strong>La Flex RT 2314 es la soluci\u00f3n \u00f3ptima para parlamentos, salas de reuniones o salas de conferencias. Este asiento, con un sistema de rotaci\u00f3n especial, destaca por su excelente equilibrio entre el nivel de comodidad y el uso eficiente del espacio.<\/strong><\/p>\n<p style=\"text-align: justify;\">El innovador sistema RT consiste en una base de aluminio fijada al suelo que incorpora un sistema de rotaci\u00f3n de 360\u00b0 y un sistema de desplazamiento lineal de 170 mm. Ambos movimientos pueden realizarse simult\u00e1neamente.<\/p>\n<p style=\"text-align: justify;\">Este sistema mejora significativamente la posici\u00f3n de trabajo, permitiendo al usuario girarse y hablar con las personas sentadas a ambos lados o detr\u00e1s de \u00e9l sin apenas realizar ning\u00fan tipo de esfuerzo.<\/p>\n<p style=\"text-align: justify;\">El asiento vuelve autom\u00e1ticamente a su posici\u00f3n inicial una vez se libera. Este sistema permite una gran libertad de movimiento y un f\u00e1cil acceso al usuario. En caso de evacuaci\u00f3n de la sala, los asientos no obstruyen los pasillos, ofreciendo un plus de seguridad.<\/p>\n<p style=\"text-align: justify;\">El asiento consiste en un solo bloque compacto de espuma de poliuretano moldeado en fr\u00edo que cubre completamente una estructura met\u00e1lica. El bloque est\u00e1 tapizado de forma que sea f\u00e1cilmente intercambiable mediante un sistema de cremallera.<\/p>\n<p style=\"text-align: justify;\">El respaldo tambi\u00e9n est\u00e1 formado por una sola pieza con las mismas caracter\u00edsticas que el asiento. El coj\u00edn del asiento y el respaldo han sido cuidadosamente dise\u00f1ados seg\u00fan criterios ergon\u00f3micos.<\/p>\n","protected":false},"excerpt":{"rendered":"<p>[wpdm_package id=&#8217;23354&#8242;]<\/p>\n<p>[wpdm_package id=&#8217;6980&#8242;]<\/p>\n<p>[wpdm_package id=&#8217;6983&#8242;]<\/p>\n","protected":false},"featured_media":46564,"template":"","meta":{"_acf_changed":false,"content-type":""},"designer_tag":[],"system_rel_tag":[],"product_cat":[192,193,194,195,196,197,200,203],"product_tag":[503,512],"class_list":{"0":"post-23780","1":"product","2":"type-product","3":"status-publish","4":"has-post-thumbnail","6":"product_cat-education-es","7":"product_cat-flex-es","8":"product_cat-publicum-es","9":"product_cat-seats-for-auditorium-and-conference-rooms-es","10":"product_cat-seats-for-congress-centres-es","11":"product_cat-seats-for-corporate-rooms-es","12":"product_cat-seats-for-parliaments-es","13":"product_cat-seats-for-universities-and-schools-es","14":"product_tag-education-es","15":"product_tag-publicum-es","17":"first","18":"instock","19":"downloadable","20":"virtual","21":"product-type-simple"},"acf":[],"_links":{"self":[{"href":"https:\/\/figueras.com\/es\/wp-json\/wp\/v2\/product\/23780","targetHints":{"allow":["GET"]}}],"collection":[{"href":"https:\/\/figueras.com\/es\/wp-json\/wp\/v2\/product"}],"about":[{"href":"https:\/\/figueras.com\/es\/wp-json\/wp\/v2\/types\/product"}],"version-history":[{"count":0,"href":"https:\/\/figueras.com\/es\/wp-json\/wp\/v2\/product\/23780\/revisions"}],"wp:featuredmedia":[{"embeddable":true,"href":"https:\/\/figueras.com\/es\/wp-json\/wp\/v2\/media\/46564"}],"wp:attachment":[{"href":"https:\/\/figueras.com\/es\/wp-json\/wp\/v2\/media?parent=23780"}],"wp:term":[{"taxonomy":"designer_tag","embeddable":true,"href":"https:\/\/figueras.com\/es\/wp-json\/wp\/v2\/designer_tag?post=23780"},{"taxonomy":"system_rel_tag","embeddable":true,"href":"https:\/\/figueras.com\/es\/wp-json\/wp\/v2\/system_rel_tag?post=23780"},{"taxonomy":"product_cat","embeddable":true,"href":"https:\/\/figueras.com\/es\/wp-json\/wp\/v2\/product_cat?post=23780"},{"taxonomy":"product_tag","embeddable":true,"href":"https:\/\/figueras.com\/es\/wp-json\/wp\/v2\/product_tag?post=23780"}],"curies":[{"name":"wp","href":"https:\/\/api.w.org\/{rel}","templated":true}]}}