{"id":23778,"date":"2023-11-01T11:57:51","date_gmt":"2023-11-01T10:57:51","guid":{"rendered":"http:\/\/figueras.com\/seating\/flex-gpl-6040\/"},"modified":"2025-05-22T12:31:48","modified_gmt":"2025-05-22T10:31:48","slug":"flex-gpl-6040","status":"publish","type":"product","link":"https:\/\/figueras.com\/es\/asiento\/flex-gpl-6040\/","title":{"rendered":"Flex GPL 6040"},"content":{"rendered":"<p style=\"text-align: justify;\"><strong>La butaca Flex 6040 GPL destaca por su excepcional equilibrio entre rendimiento, comodidad, est\u00e9tica y uso del espacio. Gracias a su amplio atril, se convierte en la soluci\u00f3n perfecta para centros de conferencias, auditorios, salas corporativas y centros de educaci\u00f3n superior.<br \/>\n<\/strong><\/p>\n<p style=\"text-align: justify;\">Los paneles de este elegante asiento plegable tienen una estaci\u00f3n de trabajo integrada que consiste en un atril grande y robusto. Esta mesa de escritura GPL, de tama\u00f1o 42x36cm, est\u00e1 hecha de madera barnizada que se pliega por medio de un riel montado en un perfil de aluminio. El movimiento es suave y completamente silencioso.<\/p>\n<p style=\"text-align: justify;\">Gracias a su sistema de plegado antip\u00e1nico, cuando el asiento se desocupa, el atril se pliega autom\u00e1ticamente en el lateral del asiento. La sala puede ser desocupada r\u00e1pidamente y los pasillos quedan siempre libres y ordenados.<\/p>\n<p style=\"text-align: justify;\">Los paneles laterales est\u00e1n completamente tapizados e incluyen un reposabrazos de madera. Tienen una base de acero, donde la butaca se fija al suelo mediante pernos met\u00e1licos de expansi\u00f3n ocultos o el tipo de anclaje adecuado para cada tipo de superficie.<\/p>\n<p style=\"text-align: justify;\">Se asegura una gran durabilidad ya que el asiento consiste en un solo bloque de espuma de poliuretano moldeada en fr\u00edo que cubre una estructura met\u00e1lica, compuesta por un marco de tubo curvado, una trama de muelles planos y pivotes de articulaci\u00f3n para la rotaci\u00f3n.<\/p>\n<p style=\"text-align: justify;\">El respaldo est\u00e1 hecho de espuma de PU con una estructura met\u00e1lica interna. El asiento y el respaldo est\u00e1n cubiertos por una tapicer\u00eda f\u00e1cilmente intercambiable con un sistema de cremallera. Opcionalmente, se puede a\u00f1adir una madera decorativa en el respaldo.<\/p>\n<p style=\"text-align: justify;\">El asiento vuelve a la posici\u00f3n vertical autom\u00e1ticamente a trav\u00e9s de una doble r\u00f3tula con muelles y el sistema CSRT (Controlled Soft Rise Technology) que evita el ruido o los golpes cuando el asiento vuelve a su posici\u00f3n original.<\/p>\n","protected":false},"excerpt":{"rendered":"<p>[wpdm_package id=&#8217;23336&#8242;]<\/p>\n<p>[wpdm_package id=&#8217;6974&#8242;]<\/p>\n<p>[wpdm_package id=&#8217;6975&#8242;]<\/p>\n","protected":false},"featured_media":44636,"template":"","meta":{"_acf_changed":false,"content-type":""},"designer_tag":[333],"system_rel_tag":[],"product_cat":[201,203,204,192,193,194,195,196,197,198,200],"product_tag":[503,512],"class_list":{"0":"post-23778","1":"product","2":"type-product","3":"status-publish","4":"has-post-thumbnail","6":"designer_tag-design-center-es","7":"product_cat-seats-for-performing-arts-centres-es","8":"product_cat-seats-for-universities-and-schools-es","9":"product_cat-seats-for-worship-and-religious-centres-es","10":"product_cat-education-es","11":"product_cat-flex-es","12":"product_cat-publicum-es","13":"product_cat-seats-for-auditorium-and-conference-rooms-es","14":"product_cat-seats-for-congress-centres-es","15":"product_cat-seats-for-corporate-rooms-es","16":"product_cat-seats-for-cruise-ships-and-ferries-es","17":"product_cat-seats-for-parliaments-es","18":"product_tag-education-es","19":"product_tag-publicum-es","21":"first","22":"instock","23":"downloadable","24":"virtual","25":"product-type-simple"},"acf":[],"_links":{"self":[{"href":"https:\/\/figueras.com\/es\/wp-json\/wp\/v2\/product\/23778","targetHints":{"allow":["GET"]}}],"collection":[{"href":"https:\/\/figueras.com\/es\/wp-json\/wp\/v2\/product"}],"about":[{"href":"https:\/\/figueras.com\/es\/wp-json\/wp\/v2\/types\/product"}],"version-history":[{"count":0,"href":"https:\/\/figueras.com\/es\/wp-json\/wp\/v2\/product\/23778\/revisions"}],"wp:featuredmedia":[{"embeddable":true,"href":"https:\/\/figueras.com\/es\/wp-json\/wp\/v2\/media\/44636"}],"wp:attachment":[{"href":"https:\/\/figueras.com\/es\/wp-json\/wp\/v2\/media?parent=23778"}],"wp:term":[{"taxonomy":"designer_tag","embeddable":true,"href":"https:\/\/figueras.com\/es\/wp-json\/wp\/v2\/designer_tag?post=23778"},{"taxonomy":"system_rel_tag","embeddable":true,"href":"https:\/\/figueras.com\/es\/wp-json\/wp\/v2\/system_rel_tag?post=23778"},{"taxonomy":"product_cat","embeddable":true,"href":"https:\/\/figueras.com\/es\/wp-json\/wp\/v2\/product_cat?post=23778"},{"taxonomy":"product_tag","embeddable":true,"href":"https:\/\/figueras.com\/es\/wp-json\/wp\/v2\/product_tag?post=23778"}],"curies":[{"name":"wp","href":"https:\/\/api.w.org\/{rel}","templated":true}]}}