{"id":23776,"date":"2023-11-01T11:58:51","date_gmt":"2023-11-01T10:58:51","guid":{"rendered":"http:\/\/figueras.com\/seating\/flex-6076\/"},"modified":"2025-05-22T12:35:30","modified_gmt":"2025-05-22T10:35:30","slug":"flex-6076","status":"publish","type":"product","link":"https:\/\/figueras.com\/es\/asiento\/flex-6076\/","title":{"rendered":"Flex 6076"},"content":{"rendered":"<p style=\"text-align: justify;\"><strong>La Flex 6076 es una butaca completamente tapizada con un dise\u00f1o elegante que realza las formas geom\u00e9tricas simples. Este asiento es la soluci\u00f3n perfecta para auditorios, centros de conferencias, teatros, salas corporativas y centros de educaci\u00f3n superior.<\/strong><\/p>\n<p style=\"text-align: justify;\">Este asiento plegable se fija al suelo mediante los paneles laterales, normalmente utilizados para formar filas compartiendo costado entre dos asientos (excepto en los extremos). A la vez, sirven como reposabrazos y est\u00e1n totalmente tapizados. Tienen una base de acero, donde el asiento se fija al suelo.<\/p>\n<p style=\"text-align: justify;\">Cuando la butaca est\u00e1 desocupada, el asiento est\u00e1 perfectamente alineado con el frontal y la parte superior del panel lateral, acentuando la apariencia de linealidad y continuidad del espacio.<\/p>\n<p style=\"text-align: justify;\">Se asegura una gran durabilidad ya que el asiento consiste en un solo bloque de espuma de poliuretano moldeado en fr\u00edo que cubre una estructura met\u00e1lica, consistente en un marco de tubo curvado, una trama de muelles planos y juntas de pivote para la rotaci\u00f3n.<\/p>\n<p style=\"text-align: justify;\">El respaldo tambi\u00e9n est\u00e1 compuesto de espuma de poliuretano con una estructura met\u00e1lica interna. El asiento y el respaldo est\u00e1n cubiertos por una funda de tapicer\u00eda f\u00e1cilmente intercambiable, con un sistema de cremallera.<\/p>\n<p style=\"text-align: justify;\">El asiento vuelve a la posici\u00f3n vertical autom\u00e1ticamente a trav\u00e9s de una doble r\u00f3tula con muelles y el sistema CSRT (Controlled Soft Rise Technology), que evita el ruido o los molestos golpes cuando el asiento vuelve a su posici\u00f3n de reposo.<\/p>\n","protected":false},"excerpt":{"rendered":"<p>[wpdm_package id=&#8217;23326&#8242;]<\/p>\n<p>[wpdm_package id=&#8217;6971&#8242;]<\/p>\n<p>[wpdm_package id=&#8217;6972&#8242;]<\/p>\n","protected":false},"featured_media":32226,"template":"","meta":{"_acf_changed":false,"content-type":""},"designer_tag":[333],"system_rel_tag":[],"product_cat":[201,202,203,192,204,193,205,194,195,196,197,198,200],"product_tag":[503,509,512],"class_list":{"0":"post-23776","1":"product","2":"type-product","3":"status-publish","4":"has-post-thumbnail","6":"designer_tag-design-center-es","7":"product_cat-seats-for-performing-arts-centres-es","8":"product_cat-seats-for-theatres-es","9":"product_cat-seats-for-universities-and-schools-es","10":"product_cat-education-es","11":"product_cat-seats-for-worship-and-religious-centres-es","12":"product_cat-flex-es","13":"product_cat-theatre-es","14":"product_cat-publicum-es","15":"product_cat-seats-for-auditorium-and-conference-rooms-es","16":"product_cat-seats-for-congress-centres-es","17":"product_cat-seats-for-corporate-rooms-es","18":"product_cat-seats-for-cruise-ships-and-ferries-es","19":"product_cat-seats-for-parliaments-es","20":"product_tag-education-es","21":"product_tag-theatre-es","22":"product_tag-publicum-es","24":"first","25":"instock","26":"downloadable","27":"virtual","28":"product-type-simple"},"acf":[],"_links":{"self":[{"href":"https:\/\/figueras.com\/es\/wp-json\/wp\/v2\/product\/23776","targetHints":{"allow":["GET"]}}],"collection":[{"href":"https:\/\/figueras.com\/es\/wp-json\/wp\/v2\/product"}],"about":[{"href":"https:\/\/figueras.com\/es\/wp-json\/wp\/v2\/types\/product"}],"version-history":[{"count":0,"href":"https:\/\/figueras.com\/es\/wp-json\/wp\/v2\/product\/23776\/revisions"}],"wp:featuredmedia":[{"embeddable":true,"href":"https:\/\/figueras.com\/es\/wp-json\/wp\/v2\/media\/32226"}],"wp:attachment":[{"href":"https:\/\/figueras.com\/es\/wp-json\/wp\/v2\/media?parent=23776"}],"wp:term":[{"taxonomy":"designer_tag","embeddable":true,"href":"https:\/\/figueras.com\/es\/wp-json\/wp\/v2\/designer_tag?post=23776"},{"taxonomy":"system_rel_tag","embeddable":true,"href":"https:\/\/figueras.com\/es\/wp-json\/wp\/v2\/system_rel_tag?post=23776"},{"taxonomy":"product_cat","embeddable":true,"href":"https:\/\/figueras.com\/es\/wp-json\/wp\/v2\/product_cat?post=23776"},{"taxonomy":"product_tag","embeddable":true,"href":"https:\/\/figueras.com\/es\/wp-json\/wp\/v2\/product_tag?post=23776"}],"curies":[{"name":"wp","href":"https:\/\/api.w.org\/{rel}","templated":true}]}}