{"id":23774,"date":"2023-11-01T11:59:51","date_gmt":"2023-11-01T10:59:51","guid":{"rendered":"http:\/\/figueras.com\/seating\/flex-6036\/"},"modified":"2025-07-30T11:37:31","modified_gmt":"2025-07-30T09:37:31","slug":"flex-6036","status":"publish","type":"product","link":"https:\/\/figueras.com\/es\/asiento\/flex-6036\/","title":{"rendered":"Flex 6036"},"content":{"rendered":"<p style=\"text-align: justify;\"><strong>Butaca con asiento abatible y paneles laterales para fijarlos al suelo o a una plataforma. Se suelen utilizar para formar filas compartiendo el panel lateral entre dos sillas, excepto en los extremos.<\/strong><\/p>\n<p style=\"text-align: justify;\">De una durabilidad excepcional, el asiento est\u00e1 formado por un \u00fanico bloque de espuma de poliuretano moldeado en fr\u00edo que recubre una estructura met\u00e1lica, compuesta por un bastidor de tubo curvado, un entramado de muelles planos y articulaciones pivotantes para su rotaci\u00f3n.<\/p>\n<p style=\"text-align: justify;\">El respaldo tambi\u00e9n est\u00e1 compuesto por espuma de poliuretano con una estructura met\u00e1lica interna. El asiento y el respaldo est\u00e1n cubiertos con una funda de tapicer\u00eda f\u00e1cilmente intercambiable con un sistema de cremallera.<\/p>\n<p style=\"text-align: justify;\">El retorno del asiento es autom\u00e1tico mediante un sistema de doble resorte insertado en el interior del asiento sin necesidad de ning\u00fan tipo de lubrificaci\u00f3n y con un sistema Soft System integrado, que evita ruidos o golpes molestos al volver el asiento a su posici\u00f3n de reposo.<\/p>\n<p style=\"text-align: justify;\">Los paneles laterales, que llegan hasta el suelo, sirven tambi\u00e9n de reposabrazos y est\u00e1n totalmente tapizados o pueden tener un acabado de madera. Disponen de una base de acero, donde el sill\u00f3n se fija al suelo, con el anclaje adecuado seg\u00fan la superficie.<\/p>\n<p style=\"text-align: justify;\">Acabados opcionales:<\/p>\n<ul>\n<li style=\"text-align: justify;\">Panel frontal de respaldo y\/o asiento de madera contrachapada<\/li>\n<li style=\"text-align: justify;\">Paneles laterales: de madera o tapizados<\/li>\n<li style=\"text-align: justify;\">Accesorios: Atriles PLX o APL<\/li>\n<\/ul>\n<p style=\"text-align: justify;\">Resistencia al fuego: Este producto cumple con la normativa internacional.<\/p>\n","protected":false},"excerpt":{"rendered":"<p>[wpdm_package id=&#8217;23344&#8242;]<\/p>\n<p>[wpdm_package id=&#8217;6982&#8242;]<\/p>\n<p>[wpdm_package id=&#8217;7915&#8242;]<\/p>\n","protected":false},"featured_media":32222,"template":"","meta":{"_acf_changed":false,"content-type":""},"designer_tag":[333],"system_rel_tag":[],"product_brand":[],"product_cat":[201,202,203,192,204,193,205,194,195,196,197,198,200],"product_tag":[503,509,512],"class_list":{"0":"post-23774","1":"product","2":"type-product","3":"status-publish","4":"has-post-thumbnail","6":"designer_tag-design-center-es","7":"product_cat-seats-for-performing-arts-centres-es","8":"product_cat-seats-for-theatres-es","9":"product_cat-seats-for-universities-and-schools-es","10":"product_cat-education-es","11":"product_cat-seats-for-worship-and-religious-centres-es","12":"product_cat-flex-es","13":"product_cat-theatre-es","14":"product_cat-publicum-es","15":"product_cat-seats-for-auditorium-and-conference-rooms-es","16":"product_cat-seats-for-congress-centres-es","17":"product_cat-seats-for-corporate-rooms-es","18":"product_cat-seats-for-cruise-ships-and-ferries-es","19":"product_cat-seats-for-parliaments-es","20":"product_tag-education-es","21":"product_tag-theatre-es","22":"product_tag-publicum-es","24":"first","25":"instock","26":"downloadable","27":"virtual","28":"product-type-simple"},"acf":[],"yoast_head":"<!-- This site is optimized with the Yoast SEO plugin v27.3 - https:\/\/yoast.com\/product\/yoast-seo-wordpress\/ -->\n<title>Asiento Flex 6036 | Dise\u00f1o Moderno y Funcional<\/title>\n<meta name=\"description\" content=\"Fabricantes de sillones fijos plegables. Asientos en fila con paneles laterales. Dise\u00f1adas para auditorios, parlamentos y palacios de congresos.\" \/>\n<meta name=\"robots\" content=\"index, follow, max-snippet:-1, max-image-preview:large, max-video-preview:-1\" \/>\n<link rel=\"canonical\" href=\"https:\/\/figueras.com\/es\/asiento\/flex-6036\/\" \/>\n<meta property=\"og:locale\" content=\"es_ES\" \/>\n<meta property=\"og:type\" content=\"article\" \/>\n<meta property=\"og:title\" content=\"Asiento Flex 6036 | Dise\u00f1o Moderno y Funcional\" \/>\n<meta property=\"og:description\" content=\"Fabricantes de sillones fijos plegables. Asientos en fila con paneles laterales. Dise\u00f1adas para auditorios, parlamentos y palacios de congresos.\" \/>\n<meta property=\"og:url\" content=\"https:\/\/figueras.com\/es\/asiento\/flex-6036\/\" \/>\n<meta property=\"og:site_name\" content=\"Figueras Seating\" \/>\n<meta property=\"article:modified_time\" content=\"2025-07-30T09:37:31+00:00\" \/>\n<meta property=\"og:image\" content=\"https:\/\/figueras.com\/wp-content\/uploads\/2023\/11\/Flex-6036_p02.png\" \/>\n\t<meta property=\"og:image:width\" content=\"1000\" \/>\n\t<meta property=\"og:image:height\" content=\"1200\" \/>\n\t<meta property=\"og:image:type\" content=\"image\/png\" \/>\n<meta name=\"twitter:card\" content=\"summary_large_image\" \/>\n<meta name=\"twitter:label1\" content=\"Tiempo de lectura\" \/>\n\t<meta name=\"twitter:data1\" content=\"2 minutos\" \/>\n<script type=\"application\/ld+json\" class=\"yoast-schema-graph\">{\"@context\":\"https:\\\/\\\/schema.org\",\"@graph\":[{\"@type\":\"WebPage\",\"@id\":\"https:\\\/\\\/figueras.com\\\/es\\\/asiento\\\/flex-6036\\\/\",\"url\":\"https:\\\/\\\/figueras.com\\\/es\\\/asiento\\\/flex-6036\\\/\",\"name\":\"Asiento Flex 6036 | Dise\u00f1o Moderno y Funcional\",\"isPartOf\":{\"@id\":\"https:\\\/\\\/figueras.com\\\/es\\\/#website\"},\"primaryImageOfPage\":{\"@id\":\"https:\\\/\\\/figueras.com\\\/es\\\/asiento\\\/flex-6036\\\/#primaryimage\"},\"image\":{\"@id\":\"https:\\\/\\\/figueras.com\\\/es\\\/asiento\\\/flex-6036\\\/#primaryimage\"},\"thumbnailUrl\":\"https:\\\/\\\/figueras.com\\\/wp-content\\\/uploads\\\/2023\\\/11\\\/Flex-6036_p02.png\",\"datePublished\":\"2023-11-01T10:59:51+00:00\",\"dateModified\":\"2025-07-30T09:37:31+00:00\",\"description\":\"Fabricantes de sillones fijos plegables. Asientos en fila con paneles laterales. Dise\u00f1adas para auditorios, parlamentos y palacios de congresos.\",\"breadcrumb\":{\"@id\":\"https:\\\/\\\/figueras.com\\\/es\\\/asiento\\\/flex-6036\\\/#breadcrumb\"},\"inLanguage\":\"es\",\"potentialAction\":[{\"@type\":\"ReadAction\",\"target\":[\"https:\\\/\\\/figueras.com\\\/es\\\/asiento\\\/flex-6036\\\/\"]}]},{\"@type\":\"ImageObject\",\"inLanguage\":\"es\",\"@id\":\"https:\\\/\\\/figueras.com\\\/es\\\/asiento\\\/flex-6036\\\/#primaryimage\",\"url\":\"https:\\\/\\\/figueras.com\\\/wp-content\\\/uploads\\\/2023\\\/11\\\/Flex-6036_p02.png\",\"contentUrl\":\"https:\\\/\\\/figueras.com\\\/wp-content\\\/uploads\\\/2023\\\/11\\\/Flex-6036_p02.png\",\"width\":1000,\"height\":1200,\"caption\":\"Flex 6036\"},{\"@type\":\"BreadcrumbList\",\"@id\":\"https:\\\/\\\/figueras.com\\\/es\\\/asiento\\\/flex-6036\\\/#breadcrumb\",\"itemListElement\":[{\"@type\":\"ListItem\",\"position\":1,\"name\":\"Home\",\"item\":\"https:\\\/\\\/figueras.com\\\/es\\\/\"},{\"@type\":\"ListItem\",\"position\":2,\"name\":\"Productos\",\"item\":\"https:\\\/\\\/figueras.com\\\/es\\\/shop\\\/\"},{\"@type\":\"ListItem\",\"position\":3,\"name\":\"Flex 6036\"}]},{\"@type\":\"WebSite\",\"@id\":\"https:\\\/\\\/figueras.com\\\/es\\\/#website\",\"url\":\"https:\\\/\\\/figueras.com\\\/es\\\/\",\"name\":\"Figueras Seating\",\"description\":\"\",\"publisher\":{\"@id\":\"https:\\\/\\\/figueras.com\\\/es\\\/#organization\"},\"potentialAction\":[{\"@type\":\"SearchAction\",\"target\":{\"@type\":\"EntryPoint\",\"urlTemplate\":\"https:\\\/\\\/figueras.com\\\/es\\\/?s={search_term_string}\"},\"query-input\":{\"@type\":\"PropertyValueSpecification\",\"valueRequired\":true,\"valueName\":\"search_term_string\"}}],\"inLanguage\":\"es\"},{\"@type\":\"Organization\",\"@id\":\"https:\\\/\\\/figueras.com\\\/es\\\/#organization\",\"name\":\"Figueras International Seating, S.L.U.\",\"alternateName\":\"Figueras Seating\",\"url\":\"https:\\\/\\\/figueras.com\\\/es\\\/\",\"logo\":{\"@type\":\"ImageObject\",\"inLanguage\":\"es\",\"@id\":\"https:\\\/\\\/figueras.com\\\/es\\\/#\\\/schema\\\/logo\\\/image\\\/\",\"url\":\"https:\\\/\\\/figueras.com\\\/wp-content\\\/uploads\\\/2023\\\/04\\\/figueraslogoheader.png\",\"contentUrl\":\"https:\\\/\\\/figueras.com\\\/wp-content\\\/uploads\\\/2023\\\/04\\\/figueraslogoheader.png\",\"width\":739,\"height\":127,\"caption\":\"Figueras International Seating, S.L.U.\"},\"image\":{\"@id\":\"https:\\\/\\\/figueras.com\\\/es\\\/#\\\/schema\\\/logo\\\/image\\\/\"},\"sameAs\":[\"https:\\\/\\\/www.linkedin.com\\\/company\\\/figuerasseating\\\/\",\"https:\\\/\\\/www.instagram.com\\\/figueras.seating\\\/\",\"https:\\\/\\\/vimeo.com\\\/figuerasseating\",\"https:\\\/\\\/es.pinterest.com\\\/figuerasint\\\/\"]}]}<\/script>\n<!-- \/ Yoast SEO plugin. -->","yoast_head_json":{"title":"Asiento Flex 6036 | Dise\u00f1o Moderno y Funcional","description":"Fabricantes de sillones fijos plegables. Asientos en fila con paneles laterales. Dise\u00f1adas para auditorios, parlamentos y palacios de congresos.","robots":{"index":"index","follow":"follow","max-snippet":"max-snippet:-1","max-image-preview":"max-image-preview:large","max-video-preview":"max-video-preview:-1"},"canonical":"https:\/\/figueras.com\/es\/asiento\/flex-6036\/","og_locale":"es_ES","og_type":"article","og_title":"Asiento Flex 6036 | Dise\u00f1o Moderno y Funcional","og_description":"Fabricantes de sillones fijos plegables. Asientos en fila con paneles laterales. Dise\u00f1adas para auditorios, parlamentos y palacios de congresos.","og_url":"https:\/\/figueras.com\/es\/asiento\/flex-6036\/","og_site_name":"Figueras Seating","article_modified_time":"2025-07-30T09:37:31+00:00","og_image":[{"width":1000,"height":1200,"url":"https:\/\/figueras.com\/wp-content\/uploads\/2023\/11\/Flex-6036_p02.png","type":"image\/png"}],"twitter_card":"summary_large_image","twitter_misc":{"Tiempo de lectura":"2 minutos"},"schema":{"@context":"https:\/\/schema.org","@graph":[{"@type":"WebPage","@id":"https:\/\/figueras.com\/es\/asiento\/flex-6036\/","url":"https:\/\/figueras.com\/es\/asiento\/flex-6036\/","name":"Asiento Flex 6036 | Dise\u00f1o Moderno y Funcional","isPartOf":{"@id":"https:\/\/figueras.com\/es\/#website"},"primaryImageOfPage":{"@id":"https:\/\/figueras.com\/es\/asiento\/flex-6036\/#primaryimage"},"image":{"@id":"https:\/\/figueras.com\/es\/asiento\/flex-6036\/#primaryimage"},"thumbnailUrl":"https:\/\/figueras.com\/wp-content\/uploads\/2023\/11\/Flex-6036_p02.png","datePublished":"2023-11-01T10:59:51+00:00","dateModified":"2025-07-30T09:37:31+00:00","description":"Fabricantes de sillones fijos plegables. Asientos en fila con paneles laterales. Dise\u00f1adas para auditorios, parlamentos y palacios de congresos.","breadcrumb":{"@id":"https:\/\/figueras.com\/es\/asiento\/flex-6036\/#breadcrumb"},"inLanguage":"es","potentialAction":[{"@type":"ReadAction","target":["https:\/\/figueras.com\/es\/asiento\/flex-6036\/"]}]},{"@type":"ImageObject","inLanguage":"es","@id":"https:\/\/figueras.com\/es\/asiento\/flex-6036\/#primaryimage","url":"https:\/\/figueras.com\/wp-content\/uploads\/2023\/11\/Flex-6036_p02.png","contentUrl":"https:\/\/figueras.com\/wp-content\/uploads\/2023\/11\/Flex-6036_p02.png","width":1000,"height":1200,"caption":"Flex 6036"},{"@type":"BreadcrumbList","@id":"https:\/\/figueras.com\/es\/asiento\/flex-6036\/#breadcrumb","itemListElement":[{"@type":"ListItem","position":1,"name":"Home","item":"https:\/\/figueras.com\/es\/"},{"@type":"ListItem","position":2,"name":"Productos","item":"https:\/\/figueras.com\/es\/shop\/"},{"@type":"ListItem","position":3,"name":"Flex 6036"}]},{"@type":"WebSite","@id":"https:\/\/figueras.com\/es\/#website","url":"https:\/\/figueras.com\/es\/","name":"Figueras Seating","description":"","publisher":{"@id":"https:\/\/figueras.com\/es\/#organization"},"potentialAction":[{"@type":"SearchAction","target":{"@type":"EntryPoint","urlTemplate":"https:\/\/figueras.com\/es\/?s={search_term_string}"},"query-input":{"@type":"PropertyValueSpecification","valueRequired":true,"valueName":"search_term_string"}}],"inLanguage":"es"},{"@type":"Organization","@id":"https:\/\/figueras.com\/es\/#organization","name":"Figueras International Seating, S.L.U.","alternateName":"Figueras Seating","url":"https:\/\/figueras.com\/es\/","logo":{"@type":"ImageObject","inLanguage":"es","@id":"https:\/\/figueras.com\/es\/#\/schema\/logo\/image\/","url":"https:\/\/figueras.com\/wp-content\/uploads\/2023\/04\/figueraslogoheader.png","contentUrl":"https:\/\/figueras.com\/wp-content\/uploads\/2023\/04\/figueraslogoheader.png","width":739,"height":127,"caption":"Figueras International Seating, S.L.U."},"image":{"@id":"https:\/\/figueras.com\/es\/#\/schema\/logo\/image\/"},"sameAs":["https:\/\/www.linkedin.com\/company\/figuerasseating\/","https:\/\/www.instagram.com\/figueras.seating\/","https:\/\/vimeo.com\/figuerasseating","https:\/\/es.pinterest.com\/figuerasint\/"]}]}},"_links":{"self":[{"href":"https:\/\/figueras.com\/es\/wp-json\/wp\/v2\/product\/23774","targetHints":{"allow":["GET"]}}],"collection":[{"href":"https:\/\/figueras.com\/es\/wp-json\/wp\/v2\/product"}],"about":[{"href":"https:\/\/figueras.com\/es\/wp-json\/wp\/v2\/types\/product"}],"version-history":[{"count":0,"href":"https:\/\/figueras.com\/es\/wp-json\/wp\/v2\/product\/23774\/revisions"}],"wp:featuredmedia":[{"embeddable":true,"href":"https:\/\/figueras.com\/es\/wp-json\/wp\/v2\/media\/32222"}],"wp:attachment":[{"href":"https:\/\/figueras.com\/es\/wp-json\/wp\/v2\/media?parent=23774"}],"wp:term":[{"taxonomy":"designer_tag","embeddable":true,"href":"https:\/\/figueras.com\/es\/wp-json\/wp\/v2\/designer_tag?post=23774"},{"taxonomy":"system_rel_tag","embeddable":true,"href":"https:\/\/figueras.com\/es\/wp-json\/wp\/v2\/system_rel_tag?post=23774"},{"taxonomy":"product_brand","embeddable":true,"href":"https:\/\/figueras.com\/es\/wp-json\/wp\/v2\/product_brand?post=23774"},{"taxonomy":"product_cat","embeddable":true,"href":"https:\/\/figueras.com\/es\/wp-json\/wp\/v2\/product_cat?post=23774"},{"taxonomy":"product_tag","embeddable":true,"href":"https:\/\/figueras.com\/es\/wp-json\/wp\/v2\/product_tag?post=23774"}],"curies":[{"name":"wp","href":"https:\/\/api.w.org\/{rel}","templated":true}]}}