{"id":23772,"date":"2023-11-01T12:00:51","date_gmt":"2023-11-01T11:00:51","guid":{"rendered":"http:\/\/figueras.com\/seating\/flex-6035\/"},"modified":"2024-12-16T12:32:40","modified_gmt":"2024-12-16T11:32:40","slug":"flex-6035","status":"publish","type":"product","link":"https:\/\/figueras.com\/es\/asiento\/flex-6035\/","title":{"rendered":"Flex 6035"},"content":{"rendered":"<p style=\"text-align: justify;\"><strong>La Flex 6035 es una butaca plegable grande y compacta que destaca por el excelente equilibrio que logra entre comodidad y aprovechamiento del espacio. Esta butaca ha sido especialmente dise\u00f1ada para su uso en espacios polivalentes, auditorios, parlamentos, centros de conferencias y congresos, teatros y centros de artes esc\u00e9nicas.<\/strong><\/p>\n<p style=\"text-align: justify;\">El asiento y los reposabrazos vuelven a su posici\u00f3n original autom\u00e1ticamente. El sistema de plegado consiste en la rotaci\u00f3n del asiento y el desplazamiento de los reposabrazos en un solo movimiento.<\/p>\n<p style=\"text-align: justify;\">Al mismo tiempo que se pliega el asiento, los reposabrazos adoptan una posici\u00f3n vertical, de modo que el asiento plegado no supera los 360 mm de profundidad.<\/p>\n<p style=\"text-align: justify;\">El asiento y el respaldo consisten en un bloque compacto de espuma de poliuretano moldeada en fr\u00edo. Este bloque cubre completamente una estructura met\u00e1lica, compuesta de una trama de muelles planos, y los correspondientes ejes para el movimiento de rotaci\u00f3n.<\/p>\n<p style=\"text-align: justify;\">El acolchado del asiento y el respaldo han sido cuidadosamente dise\u00f1ados seg\u00fan criterios ergon\u00f3micos y est\u00e1n tapizados con una cubierta f\u00e1cilmente intercambiable con cremallera.<\/p>\n<p style=\"text-align: justify;\">El asiento se vuelca autom\u00e1ticamente mediante un sistema de doble resorte insertado en el asiento que no requiere ning\u00fan tipo de mantenimiento. El sistema <em>Controlled Soft Rise Technology<\/em> (CSRT) proporciona amortiguaci\u00f3n cuando el asiento se pliega, de forma silenciosa y sin ning\u00fan golpe.<\/p>\n<p style=\"text-align: justify;\">El asiento, el respaldo y los paneles laterales est\u00e1n unidos por un puente central de acero. Este puente aloja los soportes del eje del asiento e incorporan un mecanismo de bloqueo, evitando que accidentalmente se puedan soltar los ejes.<\/p>\n","protected":false},"excerpt":{"rendered":"<p>[wpdm_package id=&#8217;23340&#8242;]<\/p>\n<p>[wpdm_package id=&#8217;6977&#8242;]<\/p>\n<p>[wpdm_package id=&#8217;6978&#8242;]<\/p>\n","protected":false},"featured_media":32160,"template":"","meta":{"_acf_changed":false,"content-type":""},"designer_tag":[333],"system_rel_tag":[460,461,462],"product_cat":[200,201,202,192,203,193,204,194,205,195,196,197,198,199],"product_tag":[509,512,503],"class_list":{"0":"post-23772","1":"product","2":"type-product","3":"status-publish","4":"has-post-thumbnail","6":"designer_tag-design-center-es","7":"system_rel_tag-mutarail-seating-system-es","8":"system_rel_tag-retractable-seating-system-es","9":"system_rel_tag-mutasub-seating-system-es","10":"product_cat-seats-for-parliaments-es","11":"product_cat-seats-for-performing-arts-centres-es","12":"product_cat-seats-for-theatres-es","13":"product_cat-education-es","14":"product_cat-seats-for-universities-and-schools-es","15":"product_cat-flex-es","16":"product_cat-seats-for-worship-and-religious-centres-es","17":"product_cat-publicum-es","18":"product_cat-theatre-es","19":"product_cat-seats-for-auditorium-and-conference-rooms-es","20":"product_cat-seats-for-congress-centres-es","21":"product_cat-seats-for-corporate-rooms-es","22":"product_cat-seats-for-cruise-ships-and-ferries-es","23":"product_cat-seats-for-multi-purpose-spaces-es","24":"product_tag-theatre-es","25":"product_tag-publicum-es","26":"product_tag-education-es","27":"pa_system-sistema-de-asientos-mutasub","28":"pa_system-sistema-de-asientos-mutarail","29":"pa_system-sistema-de-asientos-retractil","31":"first","32":"instock","33":"downloadable","34":"virtual","35":"product-type-simple"},"acf":[],"yoast_head":"<!-- This site is optimized with the Yoast SEO plugin v27.4 - https:\/\/yoast.com\/product\/yoast-seo-wordpress\/ -->\n<title>Flex 6035 - Figueras Seating (ES)<\/title>\n<meta name=\"description\" content=\"Una silla plegable grande y compacta con equilibrio entre comodidad y espacio. Dise\u00f1ada para auditorios, parlamentos y centros de congresos.\" \/>\n<meta name=\"robots\" content=\"index, follow, max-snippet:-1, max-image-preview:large, max-video-preview:-1\" \/>\n<link rel=\"canonical\" href=\"https:\/\/figueras.com\/es\/asiento\/flex-6035\/\" \/>\n<meta property=\"og:locale\" content=\"es_ES\" \/>\n<meta property=\"og:type\" content=\"article\" \/>\n<meta property=\"og:title\" content=\"Flex 6035 - Figueras Seating (ES)\" \/>\n<meta property=\"og:description\" content=\"Una silla plegable grande y compacta con equilibrio entre comodidad y espacio. Dise\u00f1ada para auditorios, parlamentos y centros de congresos.\" \/>\n<meta property=\"og:url\" content=\"https:\/\/figueras.com\/es\/asiento\/flex-6035\/\" \/>\n<meta property=\"og:site_name\" content=\"Figueras Seating\" \/>\n<meta property=\"article:modified_time\" content=\"2024-12-16T11:32:40+00:00\" \/>\n<meta property=\"og:image\" content=\"https:\/\/figueras.com\/wp-content\/uploads\/2023\/11\/Flex-6035_p02.png\" \/>\n\t<meta property=\"og:image:width\" content=\"1000\" \/>\n\t<meta property=\"og:image:height\" content=\"1200\" \/>\n\t<meta property=\"og:image:type\" content=\"image\/png\" \/>\n<meta name=\"twitter:card\" content=\"summary_large_image\" \/>\n<meta name=\"twitter:label1\" content=\"Tiempo de lectura\" \/>\n\t<meta name=\"twitter:data1\" content=\"2 minutos\" \/>\n<script type=\"application\/ld+json\" class=\"yoast-schema-graph\">{\"@context\":\"https:\\\/\\\/schema.org\",\"@graph\":[{\"@type\":\"WebPage\",\"@id\":\"https:\\\/\\\/figueras.com\\\/es\\\/asiento\\\/flex-6035\\\/\",\"url\":\"https:\\\/\\\/figueras.com\\\/es\\\/asiento\\\/flex-6035\\\/\",\"name\":\"Flex 6035 - Figueras Seating (ES)\",\"isPartOf\":{\"@id\":\"https:\\\/\\\/figueras.com\\\/es\\\/#website\"},\"primaryImageOfPage\":{\"@id\":\"https:\\\/\\\/figueras.com\\\/es\\\/asiento\\\/flex-6035\\\/#primaryimage\"},\"image\":{\"@id\":\"https:\\\/\\\/figueras.com\\\/es\\\/asiento\\\/flex-6035\\\/#primaryimage\"},\"thumbnailUrl\":\"https:\\\/\\\/figueras.com\\\/wp-content\\\/uploads\\\/2023\\\/11\\\/Flex-6035_p02.png\",\"datePublished\":\"2023-11-01T11:00:51+00:00\",\"dateModified\":\"2024-12-16T11:32:40+00:00\",\"description\":\"Una silla plegable grande y compacta con equilibrio entre comodidad y espacio. Dise\u00f1ada para auditorios, parlamentos y centros de congresos.\",\"breadcrumb\":{\"@id\":\"https:\\\/\\\/figueras.com\\\/es\\\/asiento\\\/flex-6035\\\/#breadcrumb\"},\"inLanguage\":\"es\",\"potentialAction\":[{\"@type\":\"ReadAction\",\"target\":[\"https:\\\/\\\/figueras.com\\\/es\\\/asiento\\\/flex-6035\\\/\"]}]},{\"@type\":\"ImageObject\",\"inLanguage\":\"es\",\"@id\":\"https:\\\/\\\/figueras.com\\\/es\\\/asiento\\\/flex-6035\\\/#primaryimage\",\"url\":\"https:\\\/\\\/figueras.com\\\/wp-content\\\/uploads\\\/2023\\\/11\\\/Flex-6035_p02.png\",\"contentUrl\":\"https:\\\/\\\/figueras.com\\\/wp-content\\\/uploads\\\/2023\\\/11\\\/Flex-6035_p02.png\",\"width\":1000,\"height\":1200,\"caption\":\"Flex 6035\"},{\"@type\":\"BreadcrumbList\",\"@id\":\"https:\\\/\\\/figueras.com\\\/es\\\/asiento\\\/flex-6035\\\/#breadcrumb\",\"itemListElement\":[{\"@type\":\"ListItem\",\"position\":1,\"name\":\"Home\",\"item\":\"https:\\\/\\\/figueras.com\\\/es\\\/\"},{\"@type\":\"ListItem\",\"position\":2,\"name\":\"Productos\",\"item\":\"https:\\\/\\\/figueras.com\\\/es\\\/shop\\\/\"},{\"@type\":\"ListItem\",\"position\":3,\"name\":\"Flex 6035\"}]},{\"@type\":\"WebSite\",\"@id\":\"https:\\\/\\\/figueras.com\\\/es\\\/#website\",\"url\":\"https:\\\/\\\/figueras.com\\\/es\\\/\",\"name\":\"Figueras Seating\",\"description\":\"\",\"publisher\":{\"@id\":\"https:\\\/\\\/figueras.com\\\/es\\\/#organization\"},\"potentialAction\":[{\"@type\":\"SearchAction\",\"target\":{\"@type\":\"EntryPoint\",\"urlTemplate\":\"https:\\\/\\\/figueras.com\\\/es\\\/?s={search_term_string}\"},\"query-input\":{\"@type\":\"PropertyValueSpecification\",\"valueRequired\":true,\"valueName\":\"search_term_string\"}}],\"inLanguage\":\"es\"},{\"@type\":\"Organization\",\"@id\":\"https:\\\/\\\/figueras.com\\\/es\\\/#organization\",\"name\":\"Figueras International Seating, S.L.U.\",\"alternateName\":\"Figueras Seating\",\"url\":\"https:\\\/\\\/figueras.com\\\/es\\\/\",\"logo\":{\"@type\":\"ImageObject\",\"inLanguage\":\"es\",\"@id\":\"https:\\\/\\\/figueras.com\\\/es\\\/#\\\/schema\\\/logo\\\/image\\\/\",\"url\":\"https:\\\/\\\/figueras.com\\\/wp-content\\\/uploads\\\/2023\\\/04\\\/figueraslogoheader.png\",\"contentUrl\":\"https:\\\/\\\/figueras.com\\\/wp-content\\\/uploads\\\/2023\\\/04\\\/figueraslogoheader.png\",\"width\":739,\"height\":127,\"caption\":\"Figueras International Seating, S.L.U.\"},\"image\":{\"@id\":\"https:\\\/\\\/figueras.com\\\/es\\\/#\\\/schema\\\/logo\\\/image\\\/\"},\"sameAs\":[\"https:\\\/\\\/www.linkedin.com\\\/company\\\/figuerasseating\\\/\",\"https:\\\/\\\/www.instagram.com\\\/figueras.seating\\\/\",\"https:\\\/\\\/vimeo.com\\\/figuerasseating\",\"https:\\\/\\\/es.pinterest.com\\\/figuerasint\\\/\"]}]}<\/script>\n<!-- \/ Yoast SEO plugin. -->","yoast_head_json":{"title":"Flex 6035 - Figueras Seating (ES)","description":"Una silla plegable grande y compacta con equilibrio entre comodidad y espacio. Dise\u00f1ada para auditorios, parlamentos y centros de congresos.","robots":{"index":"index","follow":"follow","max-snippet":"max-snippet:-1","max-image-preview":"max-image-preview:large","max-video-preview":"max-video-preview:-1"},"canonical":"https:\/\/figueras.com\/es\/asiento\/flex-6035\/","og_locale":"es_ES","og_type":"article","og_title":"Flex 6035 - Figueras Seating (ES)","og_description":"Una silla plegable grande y compacta con equilibrio entre comodidad y espacio. Dise\u00f1ada para auditorios, parlamentos y centros de congresos.","og_url":"https:\/\/figueras.com\/es\/asiento\/flex-6035\/","og_site_name":"Figueras Seating","article_modified_time":"2024-12-16T11:32:40+00:00","og_image":[{"width":1000,"height":1200,"url":"https:\/\/figueras.com\/wp-content\/uploads\/2023\/11\/Flex-6035_p02.png","type":"image\/png"}],"twitter_card":"summary_large_image","twitter_misc":{"Tiempo de lectura":"2 minutos"},"schema":{"@context":"https:\/\/schema.org","@graph":[{"@type":"WebPage","@id":"https:\/\/figueras.com\/es\/asiento\/flex-6035\/","url":"https:\/\/figueras.com\/es\/asiento\/flex-6035\/","name":"Flex 6035 - Figueras Seating (ES)","isPartOf":{"@id":"https:\/\/figueras.com\/es\/#website"},"primaryImageOfPage":{"@id":"https:\/\/figueras.com\/es\/asiento\/flex-6035\/#primaryimage"},"image":{"@id":"https:\/\/figueras.com\/es\/asiento\/flex-6035\/#primaryimage"},"thumbnailUrl":"https:\/\/figueras.com\/wp-content\/uploads\/2023\/11\/Flex-6035_p02.png","datePublished":"2023-11-01T11:00:51+00:00","dateModified":"2024-12-16T11:32:40+00:00","description":"Una silla plegable grande y compacta con equilibrio entre comodidad y espacio. Dise\u00f1ada para auditorios, parlamentos y centros de congresos.","breadcrumb":{"@id":"https:\/\/figueras.com\/es\/asiento\/flex-6035\/#breadcrumb"},"inLanguage":"es","potentialAction":[{"@type":"ReadAction","target":["https:\/\/figueras.com\/es\/asiento\/flex-6035\/"]}]},{"@type":"ImageObject","inLanguage":"es","@id":"https:\/\/figueras.com\/es\/asiento\/flex-6035\/#primaryimage","url":"https:\/\/figueras.com\/wp-content\/uploads\/2023\/11\/Flex-6035_p02.png","contentUrl":"https:\/\/figueras.com\/wp-content\/uploads\/2023\/11\/Flex-6035_p02.png","width":1000,"height":1200,"caption":"Flex 6035"},{"@type":"BreadcrumbList","@id":"https:\/\/figueras.com\/es\/asiento\/flex-6035\/#breadcrumb","itemListElement":[{"@type":"ListItem","position":1,"name":"Home","item":"https:\/\/figueras.com\/es\/"},{"@type":"ListItem","position":2,"name":"Productos","item":"https:\/\/figueras.com\/es\/shop\/"},{"@type":"ListItem","position":3,"name":"Flex 6035"}]},{"@type":"WebSite","@id":"https:\/\/figueras.com\/es\/#website","url":"https:\/\/figueras.com\/es\/","name":"Figueras Seating","description":"","publisher":{"@id":"https:\/\/figueras.com\/es\/#organization"},"potentialAction":[{"@type":"SearchAction","target":{"@type":"EntryPoint","urlTemplate":"https:\/\/figueras.com\/es\/?s={search_term_string}"},"query-input":{"@type":"PropertyValueSpecification","valueRequired":true,"valueName":"search_term_string"}}],"inLanguage":"es"},{"@type":"Organization","@id":"https:\/\/figueras.com\/es\/#organization","name":"Figueras International Seating, S.L.U.","alternateName":"Figueras Seating","url":"https:\/\/figueras.com\/es\/","logo":{"@type":"ImageObject","inLanguage":"es","@id":"https:\/\/figueras.com\/es\/#\/schema\/logo\/image\/","url":"https:\/\/figueras.com\/wp-content\/uploads\/2023\/04\/figueraslogoheader.png","contentUrl":"https:\/\/figueras.com\/wp-content\/uploads\/2023\/04\/figueraslogoheader.png","width":739,"height":127,"caption":"Figueras International Seating, S.L.U."},"image":{"@id":"https:\/\/figueras.com\/es\/#\/schema\/logo\/image\/"},"sameAs":["https:\/\/www.linkedin.com\/company\/figuerasseating\/","https:\/\/www.instagram.com\/figueras.seating\/","https:\/\/vimeo.com\/figuerasseating","https:\/\/es.pinterest.com\/figuerasint\/"]}]}},"_links":{"self":[{"href":"https:\/\/figueras.com\/es\/wp-json\/wp\/v2\/product\/23772","targetHints":{"allow":["GET"]}}],"collection":[{"href":"https:\/\/figueras.com\/es\/wp-json\/wp\/v2\/product"}],"about":[{"href":"https:\/\/figueras.com\/es\/wp-json\/wp\/v2\/types\/product"}],"version-history":[{"count":0,"href":"https:\/\/figueras.com\/es\/wp-json\/wp\/v2\/product\/23772\/revisions"}],"wp:featuredmedia":[{"embeddable":true,"href":"https:\/\/figueras.com\/es\/wp-json\/wp\/v2\/media\/32160"}],"wp:attachment":[{"href":"https:\/\/figueras.com\/es\/wp-json\/wp\/v2\/media?parent=23772"}],"wp:term":[{"taxonomy":"designer_tag","embeddable":true,"href":"https:\/\/figueras.com\/es\/wp-json\/wp\/v2\/designer_tag?post=23772"},{"taxonomy":"system_rel_tag","embeddable":true,"href":"https:\/\/figueras.com\/es\/wp-json\/wp\/v2\/system_rel_tag?post=23772"},{"taxonomy":"product_cat","embeddable":true,"href":"https:\/\/figueras.com\/es\/wp-json\/wp\/v2\/product_cat?post=23772"},{"taxonomy":"product_tag","embeddable":true,"href":"https:\/\/figueras.com\/es\/wp-json\/wp\/v2\/product_tag?post=23772"}],"curies":[{"name":"wp","href":"https:\/\/api.w.org\/{rel}","templated":true}]}}