{"id":22975,"date":"2023-11-01T11:39:51","date_gmt":"2023-11-01T10:39:51","guid":{"rendered":"http:\/\/figueras.com\/?post_type=product&#038;p=22975"},"modified":"2024-07-12T11:53:13","modified_gmt":"2024-07-12T09:53:13","slug":"flame-13107","status":"publish","type":"product","link":"https:\/\/figueras.com\/es\/asiento\/flame-13107\/","title":{"rendered":"Flame 13107"},"content":{"rendered":"<p style=\"text-align: justify;\"><strong>Flame 13107 es un asiento elegante de l\u00edneas excepcionales, limpias y sencillas. Este asiento \u00fanico ofrece excelentes cualidades de absorci\u00f3n ac\u00fastica, id\u00f3neas para teatros, auditorios y centros de conferencias.<\/strong><\/p>\n<p style=\"text-align: justify;\">Este asiento plegable se ha dise\u00f1ado especialmente con materiales que permiten adaptar f\u00e1cilmente el producto a los requisitos ac\u00fasticos de una amplia gama de espacios.<\/p>\n<p style=\"text-align: justify;\">El respaldo est\u00e1 fabricado con tablero contrachapado de haya de 15 mm de grosor, con una curva en la zona lumbar que aumenta considerablemente la comodidad del usuario. La parte superior del respaldo termina con tres filas de perforaciones.<\/p>\n<p style=\"text-align: justify;\">El acolchado del asiento y el respaldo es de poliuretano de c\u00e9lula abierta montado sobre paneles de madera contrachapada, lo que facilita su extracci\u00f3n y sustituci\u00f3n. La tapicer\u00eda tambi\u00e9n tiene cualidades ac\u00fasticas especiales.<\/p>\n<p style=\"text-align: justify;\">El asiento se inclina autom\u00e1ticamente hacia arriba mediante un sistema<em> tecnol\u00f3gico de elevaci\u00f3n suave controlada<\/em> extremadamente silencioso que evita ruidos o golpes cuando el asiento est\u00e1 desocupado.<\/p>\n<p style=\"text-align: justify;\">Montada sobre una estructura central de aluminio y soporte a la que se fija el respaldo, articula el asiento y sirve para anclarlo al suelo con cuatro puntos de anclaje.<\/p>\n<p style=\"text-align: justify;\">El asiento se instala individualmente, por lo que se adapta f\u00e1cilmente a todo tipo de trazados lineales o curvos.<\/p>\n","protected":false},"excerpt":{"rendered":"<p>[wpdm_package id=\u00bb23316&#8243;]<\/p>\n<p>[wpdm_package id=\u00bb6968&#8243;]<\/p>\n<p>[wpdm_package id=\u00bb6969&#8243;]<\/p>\n","protected":false},"featured_media":44689,"template":"","meta":{"_acf_changed":false,"content-type":""},"designer_tag":[489],"system_rel_tag":[],"product_cat":[203,204,205,192,209,194,195,196,197,200,201,202],"product_tag":[503,509,512],"class_list":{"0":"post-22975","1":"product","2":"type-product","3":"status-publish","4":"has-post-thumbnail","6":"designer_tag-filipe-oliveira-es","7":"product_cat-seats-for-universities-and-schools-es","8":"product_cat-seats-for-worship-and-religious-centres-es","9":"product_cat-theatre-es","10":"product_cat-education-es","11":"product_cat-flame-es","12":"product_cat-publicum-es","13":"product_cat-seats-for-auditorium-and-conference-rooms-es","14":"product_cat-seats-for-congress-centres-es","15":"product_cat-seats-for-corporate-rooms-es","16":"product_cat-seats-for-parliaments-es","17":"product_cat-seats-for-performing-arts-centres-es","18":"product_cat-seats-for-theatres-es","19":"product_tag-education-es","20":"product_tag-theatre-es","21":"product_tag-publicum-es","23":"first","24":"instock","25":"downloadable","26":"virtual","27":"product-type-simple"},"acf":[],"_links":{"self":[{"href":"https:\/\/figueras.com\/es\/wp-json\/wp\/v2\/product\/22975","targetHints":{"allow":["GET"]}}],"collection":[{"href":"https:\/\/figueras.com\/es\/wp-json\/wp\/v2\/product"}],"about":[{"href":"https:\/\/figueras.com\/es\/wp-json\/wp\/v2\/types\/product"}],"version-history":[{"count":0,"href":"https:\/\/figueras.com\/es\/wp-json\/wp\/v2\/product\/22975\/revisions"}],"wp:featuredmedia":[{"embeddable":true,"href":"https:\/\/figueras.com\/es\/wp-json\/wp\/v2\/media\/44689"}],"wp:attachment":[{"href":"https:\/\/figueras.com\/es\/wp-json\/wp\/v2\/media?parent=22975"}],"wp:term":[{"taxonomy":"designer_tag","embeddable":true,"href":"https:\/\/figueras.com\/es\/wp-json\/wp\/v2\/designer_tag?post=22975"},{"taxonomy":"system_rel_tag","embeddable":true,"href":"https:\/\/figueras.com\/es\/wp-json\/wp\/v2\/system_rel_tag?post=22975"},{"taxonomy":"product_cat","embeddable":true,"href":"https:\/\/figueras.com\/es\/wp-json\/wp\/v2\/product_cat?post=22975"},{"taxonomy":"product_tag","embeddable":true,"href":"https:\/\/figueras.com\/es\/wp-json\/wp\/v2\/product_tag?post=22975"}],"curies":[{"name":"wp","href":"https:\/\/api.w.org\/{rel}","templated":true}]}}