{"id":22909,"date":"2023-12-13T09:41:42","date_gmt":"2023-12-13T08:41:42","guid":{"rendered":"http:\/\/figueras.com\/legal-notice\/"},"modified":"2025-09-09T19:15:59","modified_gmt":"2025-09-09T17:15:59","slug":"aviso-legal","status":"publish","type":"page","link":"https:\/\/figueras.com\/es\/aviso-legal\/","title":{"rendered":"Aviso legal"},"content":{"rendered":"\t\t<div data-elementor-type=\"wp-page\" data-elementor-id=\"22909\" class=\"elementor elementor-22909 elementor-12677\" data-elementor-post-type=\"page\">\n\t\t\t\t<div class=\"elementor-element elementor-element-1637edc e-flex e-con-boxed e-con e-parent\" data-id=\"1637edc\" data-element_type=\"container\" data-e-type=\"container\">\n\t\t\t\t\t<div class=\"e-con-inner\">\n\t\t\t\t<div class=\"elementor-element elementor-element-a6856a0 elementor-widget elementor-widget-heading\" data-id=\"a6856a0\" data-element_type=\"widget\" data-e-type=\"widget\" data-widget_type=\"heading.default\">\n\t\t\t\t\t<h1 class=\"elementor-heading-title elementor-size-default\">Aviso legal<\/h1>\t\t\t\t<\/div>\n\t\t\t\t<div class=\"elementor-element elementor-element-757c5f2 elementor-widget elementor-widget-text-editor\" data-id=\"757c5f2\" data-element_type=\"widget\" data-e-type=\"widget\" data-widget_type=\"text-editor.default\">\n\t\t\t\t\t\t\t\t\t<p>This imprint was last updated on November 26, 2024.<\/p>\n<p><strong>The owner of this website is:<\/strong><\/p>\n<p>FIGUERAS SEATING EUROPE S.L.<br \/>Anselm Clav\u00e9, 224, Lli\u00e7\u00e0 d\u2019Amunt, 08186 Barcelona<br \/>Spain<br \/>Email: contact@figueras.com<br \/>Phone number: +34 93 844 50 50<\/p>\n<p><strong>1. General<\/strong><\/p>\n<p>We are not willing or obliged to participate in dispute resolution procedures before a consumer arbitration board..<\/p>\n\t\t\t\t\t\t\t\t<\/div>\n\t\t\t\t\t<\/div>\n\t\t\t\t<\/div>\n\t\t\t\t<\/div>\n\t\t","protected":false},"excerpt":{"rendered":"<p>This imprint was last updated on November 26, 2024. The owner of this website is: FIGUERAS SEATING EUROPE S.L.Anselm Clav\u00e9, 224, Lli\u00e7\u00e0 d\u2019Amunt, 08186 BarcelonaSpainEmail: contact@figueras.comPhone number: +34 93 844 50 50 1. General We are not willing or obliged to participate in dispute resolution procedures before a consumer arbitration board..<\/p>\n","protected":false},"author":1,"featured_media":0,"parent":0,"menu_order":0,"comment_status":"closed","ping_status":"closed","template":"","meta":{"_acf_changed":false,"content-type":"","footnotes":""},"class_list":["post-22909","page","type-page","status-publish","hentry"],"acf":[],"_links":{"self":[{"href":"https:\/\/figueras.com\/es\/wp-json\/wp\/v2\/pages\/22909","targetHints":{"allow":["GET"]}}],"collection":[{"href":"https:\/\/figueras.com\/es\/wp-json\/wp\/v2\/pages"}],"about":[{"href":"https:\/\/figueras.com\/es\/wp-json\/wp\/v2\/types\/page"}],"author":[{"embeddable":true,"href":"https:\/\/figueras.com\/es\/wp-json\/wp\/v2\/users\/1"}],"replies":[{"embeddable":true,"href":"https:\/\/figueras.com\/es\/wp-json\/wp\/v2\/comments?post=22909"}],"version-history":[{"count":0,"href":"https:\/\/figueras.com\/es\/wp-json\/wp\/v2\/pages\/22909\/revisions"}],"wp:attachment":[{"href":"https:\/\/figueras.com\/es\/wp-json\/wp\/v2\/media?parent=22909"}],"curies":[{"name":"wp","href":"https:\/\/api.w.org\/{rel}","templated":true}]}}