{"id":22883,"date":"2023-11-29T16:17:14","date_gmt":"2023-11-29T15:17:14","guid":{"rendered":"http:\/\/figueras.com\/life-cycle-service\/"},"modified":"2025-07-02T14:57:55","modified_gmt":"2025-07-02T12:57:55","slug":"life-cycle-service","status":"publish","type":"page","link":"https:\/\/figueras.com\/es\/life-cycle-service\/","title":{"rendered":"Servicio Ciclo de Vida"},"content":{"rendered":"\t\t<div data-elementor-type=\"wp-page\" data-elementor-id=\"22883\" class=\"elementor elementor-22883 elementor-10634\" data-elementor-post-type=\"page\">\n\t\t\t\t<div data-dce-background-image-url=\"https:\/\/figueras.com\/wp-content\/uploads\/2023\/11\/Miriam_Castells_Studio_Design_Center_Figueras_22.jpg\" class=\"elementor-element elementor-element-48f344d e-flex e-con-boxed e-con e-parent\" data-id=\"48f344d\" data-element_type=\"container\" data-e-type=\"container\" data-settings=\"{&quot;background_background&quot;:&quot;classic&quot;}\">\n\t\t\t\t\t<div class=\"e-con-inner\">\n\t\t<div class=\"elementor-element elementor-element-ecb1ff1 e-con-full animated-fast e-flex elementor-invisible e-con e-child\" data-id=\"ecb1ff1\" data-element_type=\"container\" data-e-type=\"container\" data-settings=\"{&quot;animation&quot;:&quot;fadeInLeft&quot;}\">\n\t\t\t\t<div class=\"elementor-element elementor-element-ac5092f elementor-widget elementor-widget-heading\" data-id=\"ac5092f\" data-element_type=\"widget\" data-e-type=\"widget\" data-widget_type=\"heading.default\">\n\t\t\t\t\t<h2 class=\"elementor-heading-title elementor-size-default\">SERVICIO CICLO DE VIDA<\/h2>\t\t\t\t<\/div>\n\t\t\t\t<div class=\"elementor-element elementor-element-3960def elementor-widget__width-inherit elementor-widget elementor-widget-text-editor\" data-id=\"3960def\" data-element_type=\"widget\" data-e-type=\"widget\" data-widget_type=\"text-editor.default\">\n\t\t\t\t\t\t\t\t\t<p class=\"p1\">En Figueras, tu empresa de butacas, estamos dedicados a prolongar la longevidad de nuestros productos<\/p>\n\t\t\t\t\t\t\t\t<\/div>\n\t\t\t\t<\/div>\n\t\t\t\t\t<\/div>\n\t\t\t\t<\/div>\n\t\t<div data-dce-background-image-url=\"https:\/\/figueras.com\/wp-content\/uploads\/2023\/12\/Group-103.jpg\" class=\"elementor-element elementor-element-98ef13a e-flex e-con-boxed e-con e-parent\" data-id=\"98ef13a\" data-element_type=\"container\" data-e-type=\"container\" data-settings=\"{&quot;background_background&quot;:&quot;classic&quot;}\">\n\t\t\t\t\t<div class=\"e-con-inner\">\n\t\t\t\t<div class=\"elementor-element elementor-element-f4a6c1b elementor-widget__width-inherit elementor-widget elementor-widget-text-editor\" data-id=\"f4a6c1b\" data-element_type=\"widget\" data-e-type=\"widget\" data-widget_type=\"text-editor.default\">\n\t\t\t\t\t\t\t\t\t<p>Nos centramos en garantizar que cada butaca que instalamos mantenga su funcionalidad y est\u00e9tica a lo largo del tiempo. Entendemos la importancia de la sostenibilidad y nos esforzamos en reducir los residuos.<\/p>\n<p><strong>Para apoyar este compromiso, ofrecemos:<\/strong><\/p>\n<ul>\n<li>Una amplia gama de repuestos, asegurando que nuestras butacas puedan ser f\u00e1cilmente reparadas y mantenidas a lo largo del tiempo.<\/li>\n<li>Renovaci\u00f3n de la tapicer\u00eda.<\/li>\n<li>Mantenimiento continuo de los sistemas m\u00f3viles.<\/li>\n<li>Casi un siglo de experiencia al servicio de nuestros clientes.<\/li>\n<\/ul>\n\t\t\t\t\t\t\t\t<\/div>\n\t\t\t\t<div class=\"elementor-element elementor-element-df7abb6 elementor-widget__width-inherit elementor-widget elementor-widget-text-editor\" data-id=\"df7abb6\" data-element_type=\"widget\" data-e-type=\"widget\" data-widget_type=\"text-editor.default\">\n\t\t\t\t\t\t\t\t\t<p>Esto no solo aumenta su durabilidad, tambi\u00e9n subraya nuestro compromiso con mantener una actitud consciente hacia nuestro planeta. Explora nuestra Colecci\u00f3n de Butacas Sostenibles y descubre c\u00f3mo contribuyen a un entorno m\u00e1s verde.<br \/>Facilitamos a nuestros clientes y colaboradores la toma de decisiones responsables y rentables que se alineen con el respeto mutuo por el medio ambiente y nuestra pasi\u00f3n por la calidad duradera. Contamos con un equipo de atenci\u00f3n al cliente especializado en este tipo de servicios.<br \/>M\u00e1s que un servicio de Ciclo de Vida, es una promesa de calidad, excelencia y atenci\u00f3n continua a nuestros clientes.<\/p>\n\t\t\t\t\t\t\t\t<\/div>\n\t\t\t\t\t<\/div>\n\t\t\t\t<\/div>\n\t\t<div data-dce-background-image-url=\"https:\/\/figueras.com\/wp-content\/uploads\/2023\/12\/Group-171.jpg\" class=\"elementor-element elementor-element-200eb00 e-flex e-con-boxed e-con e-parent\" data-id=\"200eb00\" data-element_type=\"container\" data-e-type=\"container\" data-settings=\"{&quot;background_background&quot;:&quot;classic&quot;}\">\n\t\t\t\t\t<div class=\"e-con-inner\">\n\t\t<div data-dce-background-color=\"#FFFFFFE6\" class=\"elementor-element elementor-element-601f9be e-con-full e-flex e-con e-child\" data-id=\"601f9be\" data-element_type=\"container\" data-e-type=\"container\" data-settings=\"{&quot;background_background&quot;:&quot;classic&quot;}\">\n\t\t\t\t<div data-dce-title-color=\"#0A0A0A\" class=\"elementor-element elementor-element-fe76117 elementor-widget elementor-widget-heading\" data-id=\"fe76117\" data-element_type=\"widget\" data-e-type=\"widget\" data-widget_type=\"heading.default\">\n\t\t\t\t\t<h1 class=\"elementor-heading-title elementor-size-default\">Servicio al cliente<\/h1>\t\t\t\t<\/div>\n\t\t\t\t<div class=\"elementor-element elementor-element-65e02f1 elementor-widget elementor-widget-html\" data-id=\"65e02f1\" data-element_type=\"widget\" data-e-type=\"widget\" data-widget_type=\"html.default\">\n\t\t\t\t\t<script charset=\"utf-8\" type=\"text\/javascript\" src=\"\/\/js-eu1.hsforms.net\/forms\/embed\/v2.js\"><\/script>\n<script>\n  hbspt.forms.create({\n    region: \"eu1\",\n    portalId: \"142361492\",\n    formId: \"fbfcab9a-1c9f-4139-bacd-f349b3891d0c\"\n  });\n<\/script>\t\t\t\t<\/div>\n\t\t\t\t<\/div>\n\t\t\t\t\t<\/div>\n\t\t\t\t<\/div>\n\t\t<div class=\"elementor-element elementor-element-9d0e811 e-flex e-con-boxed e-con e-parent\" data-id=\"9d0e811\" data-element_type=\"container\" data-e-type=\"container\">\n\t\t\t\t\t<div class=\"e-con-inner\">\n\t\t\t\t<div class=\"elementor-element elementor-element-b404335 elementor-widget elementor-widget-text-editor\" data-id=\"b404335\" data-element_type=\"widget\" data-e-type=\"widget\" data-widget_type=\"text-editor.default\">\n\t\t\t\t\t\t\t\t\t<p><strong>FIGUERAS 360<\/strong><\/p>\t\t\t\t\t\t\t\t<\/div>\n\t\t\t\t<div class=\"elementor-element elementor-element-d786cff elementor-widget elementor-widget-text-editor\" data-id=\"d786cff\" data-element_type=\"widget\" data-e-type=\"widget\" data-widget_type=\"text-editor.default\">\n\t\t\t\t\t\t\t\t\t<p>Conoce m\u00e1s sobre Figueras 360<\/p>\t\t\t\t\t\t\t\t<\/div>\n\t\t\t\t\t<\/div>\n\t\t\t\t<\/div>\n\t\t<div data-dce-background-color=\"#F2F2F280\" class=\"elementor-element elementor-element-0c2d93e e-flex e-con-boxed e-con e-parent\" data-id=\"0c2d93e\" data-element_type=\"container\" data-e-type=\"container\" data-settings=\"{&quot;background_background&quot;:&quot;classic&quot;}\">\n\t\t\t\t\t<div class=\"e-con-inner\">\n\t\t\t\t<div data-dce-text-color=\"#7A7A7A\" data-dce-title-color=\"#37383A\" class=\"elementor-element elementor-element-916232e elementor-widget elementor-widget-ucaddon_post_carousel\" data-id=\"916232e\" data-element_type=\"widget\" data-e-type=\"widget\" data-widget_type=\"ucaddon_post_carousel.default\">\n\t\t\t\t<div class=\"elementor-widget-container\">\n\t\t\t\t\t\n<!-- start Post Carousel -->\n\t\t<link id='font-awesome-css' href='https:\/\/figueras.com\/wp-content\/plugins\/unlimited-elements-for-elementor-premium\/assets_libraries\/font-awesome6\/fontawesome-all.min.css' type='text\/css' rel='stylesheet' >\n\t\t<link id='font-awesome-4-shim-css' href='https:\/\/figueras.com\/wp-content\/plugins\/unlimited-elements-for-elementor-premium\/assets_libraries\/font-awesome6\/fontawesome-v4-shims.min.css' type='text\/css' rel='stylesheet' >\n\t\t<link id='owl-carousel-css' href='https:\/\/figueras.com\/wp-content\/plugins\/unlimited-elements-for-elementor-premium\/assets_libraries\/owl-carousel-new\/assets\/owl.carousel.css' type='text\/css' rel='stylesheet' >\n\t\t<link id='lity-css' href='https:\/\/figueras.com\/wp-content\/plugins\/unlimited-elements-for-elementor-premium\/assets_libraries\/lity\/lity.min.css' type='text\/css' rel='stylesheet' >\n\n<style>\/* widget: Post Carousel *\/\n\n#uc_post_carousel_elementor_916232e-wrapper\n{\n  min-height:1px;\n}\n#uc_post_carousel_elementor_916232e *{\n  box-sizing:border-box;\n}\n\n\n#uc_post_carousel_elementor_916232e{\n  position:relative;\n}\n.uc_post_title{\n  font-size:21px;\n}\n\n#uc_post_carousel_elementor_916232e .ue-item\n{\n  transition:0.3s;\n  position:relative;\n}\n\n#uc_post_carousel_elementor_916232e .uc_image_carousel_placeholder\n{\n  position:relative;\n}\n\n#uc_post_carousel_elementor_916232e .ue_pos_carousel_image_overlay\n{\n  position:absolute;\n  top:0;\n  bottom:0;\n  left:0;\n  right:0;\n  transition:0.3s;\n}\n#uc_post_carousel_elementor_916232e .owl-stage{\n  display:flex;\n}\n#uc_post_carousel_elementor_916232e .uc_image_carousel_container_holder{\n  display: flex;\n  flex-direction: column;\n  height: 100%;\n}\n#uc_post_carousel_elementor_916232e .uc_image_carousel_content{\n  flex-grow: 1;\n  justify-content: space-between;}\n\n\n#uc_post_carousel_elementor_916232e .uc_carousel_item\n{\n  overflow:hidden;\n}\n\n#uc_post_carousel_elementor_916232e .owl-nav .owl-prev{\n    position:absolute;\n    display:inline-block;\n    text-align:center;  \t\n            top: 50% !important;\n  \t\ttransform: translate(0, -50%);\n    \t\n\n}\n#uc_post_carousel_elementor_916232e .owl-nav .owl-next{\n  position:absolute;\n  display:inline-block;\n  text-align:center;\n        top: 50% !important;\n  \t  transform: translate(0, -50%);\n  \t\n}\n\n\n#uc_post_carousel_elementor_916232e .owl-dots {\noverflow:hidden;\ndisplay:flex !important;\n}\n\n#uc_post_carousel_elementor_916232e .owl-dot {\nborder-radius:50%;\ndisplay:inline-block;\n}\n\n\n\n#uc_post_carousel_elementor_916232e .uc_more_btn{\n\n  display:inline-block;\n  text-align:center;\n  text-decoration:none;\n}  \n#uc_post_carousel_elementor_916232e .uc_more_btn svg{\n  width:1em;\n  height:1em;\n}\n#uc_post_carousel_elementor_916232e .uc_image_carousel_placeholder{\n  overflow:hidden;\n}\n#uc_post_carousel_elementor_916232e .uc_image_carousel_placeholder img\n{\n  display:block;\n  width:100%;\n}\n\n#uc_post_carousel_elementor_916232e .uc_image_carousel_content \n{\n  display:flex;\n  flex-direction:column;\n}\n\n\n\t#uc_post_carousel_elementor_916232e .uc_image_carousel_content .ue-item-btn-holder\n    {\n      margin-top:auto;\n    } \n\t\n\n\n\n\n\n\n\n\n\n\n\n\n\n\n\n\n\n\n\n\n\n#uc_post_carousel_elementor_916232e .ue-meta-data\n{\n  \n  display:flex;\n  flex-wrap: wrap;\n  line-height:1em;\n}\n\n#uc_post_carousel_elementor_916232e .ue-grid-item-meta-data\n{\n      display:inline-flex;\n      align-items:center;\n}\n\n.ue-grid-item-meta-data\n{\n  font-size:12px;\n}\n\n#uc_post_carousel_elementor_916232e .ue-grid-item-meta-data-icon\n{\n  line-height:1em;\n}\n\n#uc_post_carousel_elementor_916232e .ue-grid-item-meta-data-icon svg\n{\n  width:1em;\n  height:1em;\n}\n\n#uc_post_carousel_elementor_916232e .ue-debug-meta\n{\n  padding:10px;\n  border:1px solid red;\n  position:relative;\n  line-height:1.5em;\n  font-size:11px;\n  width:100%;\n}\n\n#uc_post_carousel_elementor_916232e .ue-item a.ue-link-all-item\n{\n  position:absolute;\n  top:0;\n  right:0;\n  bottom:0;\n  left:0;\n  display:block;\n}\n\n\n\n<\/style>\n\n<div class=\"uc_overlay_image_carousel\" id=\"uc_post_carousel_elementor_916232e-wrapper\">\n   <div class=\"uc_carousel owl-carousel owl-theme uc-items-wrapper  \" data-custom-sethtml=\"true\"  data-id=\"\" id=\"uc_post_carousel_elementor_916232e\" >\n   \t\t<div class=\"uc_image_carousel_container_holder uc_carousel_item ue-item\">\n  \n  \n  \n    <div class=\"uc_image_carousel_content\" >\n        <div>\n          \n          \n                  \n          \n          \n          \n                  <a href=\"https:\/\/figueras.com\/es\/asesoramiento\/\">            <div class=\"uc_post_title\">Asesoramiento<\/div>\n          <\/a>                  \n          \n          \n         \n         <div class=\"ue-meta-data\">\n                        \t\t\t            \n            \n                        \n            \n                        \n                        \n                       \n                      \n           \n               \n\n            \n          <\/div> \n          \n          \n          \n          \n          \n        <div class=\"uc_paragraph\" >En Figueras 360 Asesoramiento, nos embarcamos en un viaje con nuestros clientes que va desde la concepci\u00f3n...<\/div>        \n        <\/div>\n    \n            \n    \t<div class=\"ue-item-btn-holder\">\n   \n           <a target=\"_self\" href=\"https:\/\/figueras.com\/es\/asesoramiento\/\" class=\"uc_more_btn ue-dynamic-popup-single \" href='javascript:void(0)'>Seguir leyendo<svg xmlns=\"http:\/\/www.w3.org\/2000\/svg\" fill=\"#000000\" width=\"800px\" height=\"800px\" viewBox=\"0 0 32 32\"><title>plus<\/title><path d=\"M30 15.25h-13.25v-13.25c0-0.414-0.336-0.75-0.75-0.75s-0.75 0.336-0.75 0.75v0 13.25h-13.25c-0.414 0-0.75 0.336-0.75 0.75s0.336 0.75 0.75 0.75v0h13.25v13.25c0 0.414 0.336 0.75 0.75 0.75s0.75-0.336 0.75-0.75v0-13.25h13.25c0.414 0 0.75-0.336 0.75-0.75s-0.336-0.75-0.75-0.75v0z\"><\/path><\/svg><\/a>\n\n     \t<\/div>\n    \n          <\/div>\n    \n  \n    <a class=\"ue-link-all-item\" href=\"https:\/\/figueras.com\/es\/asesoramiento\/\" target=\"\"><\/a>\n    \n<\/div>\n<div class=\"uc_image_carousel_container_holder uc_carousel_item ue-item\">\n  \n  \n  \n    <div class=\"uc_image_carousel_content\" >\n        <div>\n          \n          \n                  \n          \n          \n          \n                  <a href=\"https:\/\/figueras.com\/es\/productos-personalizados\/\">            <div class=\"uc_post_title\">Productos personalizados<\/div>\n          <\/a>                  \n          \n          \n         \n         <div class=\"ue-meta-data\">\n                        \t\t\t            \n            \n                        \n            \n                        \n                        \n                       \n                      \n           \n               \n\n            \n          <\/div> \n          \n          \n          \n          \n          \n        <div class=\"uc_paragraph\" >Contamos con el conocimiento, la capacidad t\u00e9cnica y un enfoque flexible para satisfacer las necesidades...<\/div>        \n        <\/div>\n    \n            \n    \t<div class=\"ue-item-btn-holder\">\n   \n           <a target=\"_self\" href=\"https:\/\/figueras.com\/es\/productos-personalizados\/\" class=\"uc_more_btn ue-dynamic-popup-single \" href='javascript:void(0)'>Seguir leyendo<svg xmlns=\"http:\/\/www.w3.org\/2000\/svg\" fill=\"#000000\" width=\"800px\" height=\"800px\" viewBox=\"0 0 32 32\"><title>plus<\/title><path d=\"M30 15.25h-13.25v-13.25c0-0.414-0.336-0.75-0.75-0.75s-0.75 0.336-0.75 0.75v0 13.25h-13.25c-0.414 0-0.75 0.336-0.75 0.75s0.336 0.75 0.75 0.75v0h13.25v13.25c0 0.414 0.336 0.75 0.75 0.75s0.75-0.336 0.75-0.75v0-13.25h13.25c0.414 0 0.75-0.336 0.75-0.75s-0.336-0.75-0.75-0.75v0z\"><\/path><\/svg><\/a>\n\n     \t<\/div>\n    \n          <\/div>\n    \n  \n    <a class=\"ue-link-all-item\" href=\"https:\/\/figueras.com\/es\/productos-personalizados\/\" target=\"\"><\/a>\n    \n<\/div>\n<div class=\"uc_image_carousel_container_holder uc_carousel_item ue-item\">\n  \n  \n  \n    <div class=\"uc_image_carousel_content\" >\n        <div>\n          \n          \n                  \n          \n          \n          \n                  <a href=\"https:\/\/figueras.com\/es\/gestion-integral-de-proyectos\/\">            <div class=\"uc_post_title\">Gesti\u00f3n integral de proyectos<\/div>\n          <\/a>                  \n          \n          \n         \n         <div class=\"ue-meta-data\">\n                        \t\t\t            \n            \n                        \n            \n                        \n                        \n                       \n                      \n           \n               \n\n            \n          <\/div> \n          \n          \n          \n          \n          \n        <div class=\"uc_paragraph\" >Contamos con un equipo de Project Managers dedicados a gestionar el correcto desarrollo de un proyecto,...<\/div>        \n        <\/div>\n    \n            \n    \t<div class=\"ue-item-btn-holder\">\n   \n           <a target=\"_self\" href=\"https:\/\/figueras.com\/es\/gestion-integral-de-proyectos\/\" class=\"uc_more_btn ue-dynamic-popup-single \" href='javascript:void(0)'>Seguir leyendo<svg xmlns=\"http:\/\/www.w3.org\/2000\/svg\" fill=\"#000000\" width=\"800px\" height=\"800px\" viewBox=\"0 0 32 32\"><title>plus<\/title><path d=\"M30 15.25h-13.25v-13.25c0-0.414-0.336-0.75-0.75-0.75s-0.75 0.336-0.75 0.75v0 13.25h-13.25c-0.414 0-0.75 0.336-0.75 0.75s0.336 0.75 0.75 0.75v0h13.25v13.25c0 0.414 0.336 0.75 0.75 0.75s0.75-0.336 0.75-0.75v0-13.25h13.25c0.414 0 0.75-0.336 0.75-0.75s-0.336-0.75-0.75-0.75v0z\"><\/path><\/svg><\/a>\n\n     \t<\/div>\n    \n          <\/div>\n    \n  \n    <a class=\"ue-link-all-item\" href=\"https:\/\/figueras.com\/es\/gestion-integral-de-proyectos\/\" target=\"\"><\/a>\n    \n<\/div>\n\n   <\/div>\t\n<\/div>\n\n\n<!-- end Post Carousel -->\t\t\t\t<\/div>\n\t\t\t\t<\/div>\n\t\t\t\t\t<\/div>\n\t\t\t\t<\/div>\n\t\t\t\t<\/div>\n\t\t","protected":false},"excerpt":{"rendered":"<p>En Figueras, estamos dedicados a prolongar la longevidad de nuestros productos.<br \/>\nNos centramos en garantizar que cada butaca que instalamos mantenga su funcionalidad y est\u00e9tica a lo largo del tiempo.<\/p>\n","protected":false},"author":1,"featured_media":0,"parent":0,"menu_order":0,"comment_status":"closed","ping_status":"closed","template":"","meta":{"_acf_changed":false,"content-type":"","footnotes":""},"class_list":["post-22883","page","type-page","status-publish","hentry"],"acf":[],"_links":{"self":[{"href":"https:\/\/figueras.com\/es\/wp-json\/wp\/v2\/pages\/22883","targetHints":{"allow":["GET"]}}],"collection":[{"href":"https:\/\/figueras.com\/es\/wp-json\/wp\/v2\/pages"}],"about":[{"href":"https:\/\/figueras.com\/es\/wp-json\/wp\/v2\/types\/page"}],"author":[{"embeddable":true,"href":"https:\/\/figueras.com\/es\/wp-json\/wp\/v2\/users\/1"}],"replies":[{"embeddable":true,"href":"https:\/\/figueras.com\/es\/wp-json\/wp\/v2\/comments?post=22883"}],"version-history":[{"count":0,"href":"https:\/\/figueras.com\/es\/wp-json\/wp\/v2\/pages\/22883\/revisions"}],"wp:attachment":[{"href":"https:\/\/figueras.com\/es\/wp-json\/wp\/v2\/media?parent=22883"}],"curies":[{"name":"wp","href":"https:\/\/api.w.org\/{rel}","templated":true}]}}