{"id":22798,"date":"2023-11-02T13:33:08","date_gmt":"2023-11-02T12:33:08","guid":{"rendered":"http:\/\/figueras.com\/figueras-worldwide\/"},"modified":"2024-06-05T11:10:27","modified_gmt":"2024-06-05T09:10:27","slug":"figueras-en-el-mundo","status":"publish","type":"page","link":"https:\/\/figueras.com\/es\/figueras-en-el-mundo\/","title":{"rendered":"Figueras en el mundo"},"content":{"rendered":"\t\t<div data-elementor-type=\"wp-page\" data-elementor-id=\"22798\" class=\"elementor elementor-22798\" data-elementor-post-type=\"page\">\n\t\t\t\t<div class=\"elementor-element elementor-element-5164e39 e-flex e-con-boxed e-con e-parent\" data-id=\"5164e39\" data-element_type=\"container\" data-e-type=\"container\">\n\t\t\t\t\t<div class=\"e-con-inner\">\n\t\t\t\t<div class=\"elementor-element elementor-element-ab0b23a elementor-widget elementor-widget-heading\" data-id=\"ab0b23a\" data-element_type=\"widget\" data-e-type=\"widget\" data-widget_type=\"heading.default\">\n\t\t\t\t\t<h2 class=\"elementor-heading-title elementor-size-default\">FIGUERAS SEATING<\/h2>\t\t\t\t<\/div>\n\t\t\t\t<div class=\"elementor-element elementor-element-54ea248 elementor-widget elementor-widget-text-editor\" data-id=\"54ea248\" data-element_type=\"widget\" data-e-type=\"widget\" data-widget_type=\"text-editor.default\">\n\t\t\t\t\t\t\t\t\t<p>Un emblema global de excelencia en butacas<\/p>\n\t\t\t\t\t\t\t\t<\/div>\n\t\t\t\t\t<\/div>\n\t\t\t\t<\/div>\n\t\t<div class=\"elementor-element elementor-element-1fad68b e-flex e-con-boxed e-con e-parent\" data-id=\"1fad68b\" data-element_type=\"container\" data-e-type=\"container\">\n\t\t\t\t\t<div class=\"e-con-inner\">\n\t\t\t\t<div class=\"elementor-element elementor-element-4aec115 elementor-widget elementor-widget-dce-iframe\" data-id=\"4aec115\" data-element_type=\"widget\" data-e-type=\"widget\" data-widget_type=\"dce-iframe.default\">\n\t\t\t\t<div class=\"elementor-widget-container\">\n\t\t\t\t\t\t\t<iframe src=\"https:\/\/figueras.com\/es\/map-iframe\" frameborder=\"0\" width=\"100%\" height=\"80\" allowfullscreen=\"true\"><\/iframe>\n\t\t\t\t\t\t<\/div>\n\t\t\t\t<\/div>\n\t\t\t\t<div class=\"elementor-element elementor-element-04d12a4 elementor-widget elementor-widget-text-editor\" data-id=\"04d12a4\" data-element_type=\"widget\" data-e-type=\"widget\" data-widget_type=\"text-editor.default\">\n\t\t\t\t\t\t\t\t\t<p><span class=\"ui-provider a b c d e f g h i j k l m n o p q r s t u v w x y z ab ac ae af ag ah ai aj ak\" dir=\"ltr\">*En el mapa se muestra solo una selecci\u00f3n de nuestros proyectos<\/span><\/p>\n\t\t\t\t\t\t\t\t<\/div>\n\t\t\t\t\t<\/div>\n\t\t\t\t<\/div>\n\t\t<div data-dce-background-image-url=\"https:\/\/figueras.com\/wp-content\/uploads\/2023\/12\/Group-103.jpg\" class=\"elementor-element elementor-element-de131f9 e-flex e-con-boxed e-con e-parent\" data-id=\"de131f9\" data-element_type=\"container\" data-e-type=\"container\" data-settings=\"{&quot;background_background&quot;:&quot;classic&quot;}\">\n\t\t\t\t\t<div class=\"e-con-inner\">\n\t\t\t\t<div class=\"elementor-element elementor-element-a95390b elementor-widget elementor-widget-text-editor\" data-id=\"a95390b\" data-element_type=\"widget\" data-e-type=\"widget\" data-widget_type=\"text-editor.default\">\n\t\t\t\t\t\t\t\t\t<p>A lo largo de casi un siglo, Figueras ha representado un s\u00edmbolo constante de excelencia en asientos, dejando su sello en todo el mundo.<br \/>Con ra\u00edces en un legado de pasi\u00f3n por la innovaci\u00f3n, Figueras destaca en la creaci\u00f3n de soluciones de asientos que transforman los espacios p\u00fablicos, aport\u00e1ndoles un car\u00e1cter distintivo.<\/p>\n<p>Nuestra trayectoria internacional nos ha llevado a m\u00e1s de 130 pa\u00edses, donde hemos integrado nuestras soluciones de asientos en m\u00e1s de 40.000 proyectos de forma impecable. Con m\u00e1s de 10 millones de butacas instaladas, Figueras se ha erigido como sin\u00f3nimo indiscutible de calidad y dise\u00f1o excepcionales.<\/p>\n\t\t\t\t\t\t\t\t<\/div>\n\t\t\t\t<div class=\"elementor-element elementor-element-28b0d4a elementor-widget elementor-widget-text-editor\" data-id=\"28b0d4a\" data-element_type=\"widget\" data-e-type=\"widget\" data-widget_type=\"text-editor.default\">\n\t\t\t\t\t\t\t\t\t<p>Con sede en Barcelona, una ciudad rebosante de cultura y cuna de creatividad y dise\u00f1o, hemos tejido un tapiz de \u00e9xitos que va mucho m\u00e1s all\u00e1 del Mediterr\u00e1neo.<br \/>Figueras se enorgullece de la presencia global que ha conseguido, con instalaciones en m\u00e1s de 130 pa\u00edses, lo que refleja nuestro compromiso de proveer al mundo de butacas y soluciones de asiento que encarnan tanto el lujo como la durabilidad.<\/p>\n<p>En el complejo escenario internacional, Figueras destaca no solo como un actor principal, sino tambi\u00e9n como un referente de solidez y elegancia. Nuestros productos, confeccionados con meticulosidad y acogidos en todo el mundo, son testigos de la calidad perdurable y del dise\u00f1o atemporal que definen a Figueras Seating \u2013 The Art of Seating.<br \/>Elige Figueras Seating &#8211; donde la excelencia no tiene fronteras.<\/p>\n\t\t\t\t\t\t\t\t<\/div>\n\t\t\t\t\t<\/div>\n\t\t\t\t<\/div>\n\t\t<div class=\"elementor-element elementor-element-ae2a52f e-flex e-con-boxed e-con e-parent\" data-id=\"ae2a52f\" data-element_type=\"container\" data-e-type=\"container\">\n\t\t\t\t\t<div class=\"e-con-inner\">\n\t\t\t\t<div class=\"elementor-element elementor-element-e4d95bc elementor-widget elementor-widget-heading\" data-id=\"e4d95bc\" data-element_type=\"widget\" data-e-type=\"widget\" data-widget_type=\"heading.default\">\n\t\t\t\t\t<h2 class=\"elementor-heading-title elementor-size-default\">PROYECTOS<\/h2>\t\t\t\t<\/div>\n\t\t\t\t\t<\/div>\n\t\t\t\t<\/div>\n\t\t<div class=\"elementor-element elementor-element-bf44a6b e-flex e-con-boxed e-con e-parent\" data-id=\"bf44a6b\" data-element_type=\"container\" data-e-type=\"container\">\n\t\t\t\t\t<div class=\"e-con-inner\">\n\t\t<div class=\"elementor-element elementor-element-7bcc099 e-con-full e-flex e-con e-child\" data-id=\"7bcc099\" data-element_type=\"container\" data-e-type=\"container\">\n\t\t<a class=\"elementor-element elementor-element-8b98fe9 e-con-full animated-fast e-flex elementor-invisible e-con e-child\" data-id=\"8b98fe9\" data-element_type=\"container\" data-e-type=\"container\" data-settings=\"{&quot;animation&quot;:&quot;fadeIn&quot;}\" href=\"https:\/\/figueras.com\/segments\/seats-for-cinema\/\">\n\t\t<div data-dce-background-overlay-color=\"#565658\" data-dce-background-overlay-hover-color=\"#48474C\" data-dce-background-image-url=\"https:\/\/figueras.com\/wp-content\/uploads\/2023\/04\/1644494342film-forumslider.webp\" class=\"elementor-element elementor-element-7098830 e-con-full cinemas e-flex e-con e-child\" data-id=\"7098830\" data-element_type=\"container\" data-e-type=\"container\" data-settings=\"{&quot;background_background&quot;:&quot;classic&quot;}\">\n\t\t\t\t<div data-dce-title-color=\"#FFFFFF80\" class=\"elementor-element elementor-element-4feb2f6 elementor-widget elementor-widget-heading\" data-id=\"4feb2f6\" data-element_type=\"widget\" data-e-type=\"widget\" data-widget_type=\"heading.default\">\n\t\t\t\t\t<h2 class=\"elementor-heading-title elementor-size-default\">C<\/h2>\t\t\t\t<\/div>\n\t\t\t\t<div class=\"elementor-element elementor-element-d2a9c5d chover elementor-widget elementor-widget-heading\" data-id=\"d2a9c5d\" data-element_type=\"widget\" data-e-type=\"widget\" data-widget_type=\"heading.default\">\n\t\t\t\t\t<h2 class=\"elementor-heading-title elementor-size-default\">CINEMA<\/h2>\t\t\t\t<\/div>\n\t\t\t\t<\/div>\n\t\t\t\t<\/a>\n\t\t<a class=\"elementor-element elementor-element-99a64c0 e-con-full animated-fast e-flex elementor-invisible e-con e-child\" data-id=\"99a64c0\" data-element_type=\"container\" data-e-type=\"container\" data-settings=\"{&quot;animation&quot;:&quot;fadeIn&quot;,&quot;animation_delay&quot;:250}\" href=\"https:\/\/figueras.com\/segments\/seats-for-education\/\">\n\t\t<div data-dce-background-overlay-color=\"#878C79\" data-dce-background-overlay-hover-color=\"#787D68\" data-dce-background-image-url=\"https:\/\/figueras.com\/wp-content\/uploads\/2023\/04\/1644491840princeton-universityslider.webp\" class=\"elementor-element elementor-element-d1e5e73 e-con-full education e-flex e-con e-child\" data-id=\"d1e5e73\" data-element_type=\"container\" data-e-type=\"container\" data-settings=\"{&quot;background_background&quot;:&quot;classic&quot;}\">\n\t\t\t\t<div data-dce-title-color=\"#FFFFFF80\" class=\"elementor-element elementor-element-2f98dac elementor-widget elementor-widget-heading\" data-id=\"2f98dac\" data-element_type=\"widget\" data-e-type=\"widget\" data-widget_type=\"heading.default\">\n\t\t\t\t\t<h2 class=\"elementor-heading-title elementor-size-default\">E<\/h2>\t\t\t\t<\/div>\n\t\t\t\t<div class=\"elementor-element elementor-element-81b8b4f ehover elementor-widget elementor-widget-heading\" data-id=\"81b8b4f\" data-element_type=\"widget\" data-e-type=\"widget\" data-widget_type=\"heading.default\">\n\t\t\t\t\t<h2 class=\"elementor-heading-title elementor-size-default\">EDUCATION<\/h2>\t\t\t\t<\/div>\n\t\t\t\t<\/div>\n\t\t\t\t<\/a>\n\t\t<a class=\"elementor-element elementor-element-835fcc5 e-con-full animated-fast e-flex elementor-invisible e-con e-child\" data-id=\"835fcc5\" data-element_type=\"container\" data-e-type=\"container\" data-settings=\"{&quot;animation&quot;:&quot;fadeIn&quot;,&quot;animation_delay&quot;:500}\" href=\"https:\/\/figueras.com\/segments\/seats-for-publicum\/\">\n\t\t<div data-dce-background-overlay-color=\"#E4DAD0\" data-dce-background-overlay-hover-color=\"#DCCEC2\" data-dce-background-image-url=\"https:\/\/figueras.com\/wp-content\/uploads\/2023\/06\/HR_Sala-XX-de-la-ONU-Ginebra-SUIZA_05-1.jpg\" class=\"elementor-element elementor-element-4aa9be9 e-con-full publicum e-flex e-con e-child\" data-id=\"4aa9be9\" data-element_type=\"container\" data-e-type=\"container\" data-settings=\"{&quot;background_background&quot;:&quot;classic&quot;}\">\n\t\t\t\t<div data-dce-title-color=\"#37383A80\" class=\"elementor-element elementor-element-57645b3 elementor-widget elementor-widget-heading\" data-id=\"57645b3\" data-element_type=\"widget\" data-e-type=\"widget\" data-widget_type=\"heading.default\">\n\t\t\t\t\t<h2 class=\"elementor-heading-title elementor-size-default\">P<\/h2>\t\t\t\t<\/div>\n\t\t\t\t<div class=\"elementor-element elementor-element-efd27de phover elementor-widget elementor-widget-heading\" data-id=\"efd27de\" data-element_type=\"widget\" data-e-type=\"widget\" data-widget_type=\"heading.default\">\n\t\t\t\t\t<h2 class=\"elementor-heading-title elementor-size-default\">PUBLICUM<\/h2>\t\t\t\t<\/div>\n\t\t\t\t<\/div>\n\t\t\t\t<\/a>\n\t\t<a class=\"elementor-element elementor-element-d27480d e-con-full animated-fast e-flex elementor-invisible e-con e-child\" data-id=\"d27480d\" data-element_type=\"container\" data-e-type=\"container\" data-settings=\"{&quot;animation&quot;:&quot;fadeIn&quot;,&quot;animation_delay&quot;:750}\" href=\"https:\/\/figueras.com\/segments\/seats-for-sports\/\">\n\t\t<div data-dce-background-overlay-color=\"#72625C\" data-dce-background-overlay-hover-color=\"#5F4E48\" data-dce-background-image-url=\"https:\/\/figueras.com\/wp-content\/uploads\/2023\/06\/The-SSE-Hydro-Arena-1.jpg\" class=\"elementor-element elementor-element-7a696a8 e-con-full sports e-flex e-con e-child\" data-id=\"7a696a8\" data-element_type=\"container\" data-e-type=\"container\" data-settings=\"{&quot;background_background&quot;:&quot;classic&quot;}\">\n\t\t\t\t<div data-dce-title-color=\"#FFFFFF80\" class=\"elementor-element elementor-element-f4f7f2b elementor-widget elementor-widget-heading\" data-id=\"f4f7f2b\" data-element_type=\"widget\" data-e-type=\"widget\" data-widget_type=\"heading.default\">\n\t\t\t\t\t<h2 class=\"elementor-heading-title elementor-size-default\">S<\/h2>\t\t\t\t<\/div>\n\t\t\t\t<div class=\"elementor-element elementor-element-5114f5b shover elementor-widget elementor-widget-heading\" data-id=\"5114f5b\" data-element_type=\"widget\" data-e-type=\"widget\" data-widget_type=\"heading.default\">\n\t\t\t\t\t<h2 class=\"elementor-heading-title elementor-size-default\">SPORTS<\/h2>\t\t\t\t<\/div>\n\t\t\t\t<\/div>\n\t\t\t\t<\/a>\n\t\t<a class=\"elementor-element elementor-element-6e26d59 e-con-full animated-fast e-flex elementor-invisible e-con e-child\" data-id=\"6e26d59\" data-element_type=\"container\" data-e-type=\"container\" data-settings=\"{&quot;animation&quot;:&quot;fadeIn&quot;,&quot;animation_delay&quot;:1000}\" href=\"https:\/\/figueras.com\/segments\/seats-for-theatre\/\">\n\t\t<div data-dce-background-overlay-color=\"#B3AEA1\" data-dce-background-overlay-hover-color=\"#B3AEA1\" data-dce-background-image-url=\"https:\/\/figueras.com\/wp-content\/uploads\/2023\/04\/165780276216258166371583254265slide1-2.jpg\" class=\"elementor-element elementor-element-b5bc651 e-con-full theatres e-flex e-con e-child\" data-id=\"b5bc651\" data-element_type=\"container\" data-e-type=\"container\" data-settings=\"{&quot;background_background&quot;:&quot;classic&quot;}\">\n\t\t\t\t<div data-dce-title-color=\"#37383A80\" class=\"elementor-element elementor-element-0c9b53a elementor-widget elementor-widget-heading\" data-id=\"0c9b53a\" data-element_type=\"widget\" data-e-type=\"widget\" data-widget_type=\"heading.default\">\n\t\t\t\t\t<h2 class=\"elementor-heading-title elementor-size-default\">T<\/h2>\t\t\t\t<\/div>\n\t\t\t\t<div class=\"elementor-element elementor-element-de4c1ec thover elementor-widget elementor-widget-heading\" data-id=\"de4c1ec\" data-element_type=\"widget\" data-e-type=\"widget\" data-widget_type=\"heading.default\">\n\t\t\t\t\t<h2 class=\"elementor-heading-title elementor-size-default\">THEATRE<\/h2>\t\t\t\t<\/div>\n\t\t\t\t<\/div>\n\t\t\t\t<\/a>\n\t\t\t\t<\/div>\n\t\t\t\t\t<\/div>\n\t\t\t\t<\/div>\n\t\t<div data-dce-background-color=\"#F2F2F2B3\" data-dce-background-overlay-color=\"#F2F2F2\" class=\"elementor-element elementor-element-70f114e e-flex e-con-boxed e-con e-parent\" data-id=\"70f114e\" data-element_type=\"container\" data-e-type=\"container\" data-settings=\"{&quot;background_background&quot;:&quot;classic&quot;}\">\n\t\t\t\t\t<div class=\"e-con-inner\">\n\t\t<div data-dce-background-image-url=\"https:\/\/figueras.com\/wp-content\/uploads\/2023\/12\/SHOWROOM-FIGUERES-05-3.jpg\" class=\"elementor-element elementor-element-3fa0784 e-con-full e-flex e-con e-child\" data-id=\"3fa0784\" data-element_type=\"container\" data-e-type=\"container\" data-settings=\"{&quot;background_background&quot;:&quot;classic&quot;}\">\n\t\t\t\t<\/div>\n\t\t<div class=\"elementor-element elementor-element-8e14ad8 e-con-full e-flex e-con e-child\" data-id=\"8e14ad8\" data-element_type=\"container\" data-e-type=\"container\">\n\t\t\t\t<div data-dce-text-color=\"#3E3D40\" class=\"elementor-element elementor-element-3ae2e71 elementor-widget elementor-widget-text-editor\" data-id=\"3ae2e71\" data-element_type=\"widget\" data-e-type=\"widget\" data-widget_type=\"text-editor.default\">\n\t\t\t\t\t\t\t\t\t<p>Mantente conectado<br \/>con <span style=\"color: #e03547;\">Figueras<\/span><\/p>\n\t\t\t\t\t\t\t\t<\/div>\n\t\t\t\t<div data-dce-text-color=\"#3E3D40\" class=\"elementor-element elementor-element-d0b6b8c elementor-widget elementor-widget-text-editor\" data-id=\"d0b6b8c\" data-element_type=\"widget\" data-e-type=\"widget\" data-widget_type=\"text-editor.default\">\n\t\t\t\t\t\t\t\t\t<p>Su centro para proyectos inspiradores.<\/p>\n\t\t\t\t\t\t\t\t<\/div>\n\t\t\t\t<div class=\"elementor-element elementor-element-02840fd elementor-button-align-stretch elementor-widget elementor-widget-form\" data-id=\"02840fd\" data-element_type=\"widget\" data-e-type=\"widget\" data-settings=\"{&quot;step_next_label&quot;:&quot;Siguiente&quot;,&quot;step_previous_label&quot;:&quot;Anterior&quot;,&quot;button_width&quot;:&quot;100&quot;,&quot;step_type&quot;:&quot;number_text&quot;,&quot;step_icon_shape&quot;:&quot;circle&quot;}\" data-widget_type=\"form.default\">\n\t\t\t\t\t\t\t<form class=\"elementor-form\" method=\"post\" name=\"Nuevo formulario\" aria-label=\"Nuevo formulario\">\n\t\t\t<input type=\"hidden\" name=\"post_id\" value=\"22798\"\/>\n\t\t\t<input type=\"hidden\" name=\"form_id\" value=\"02840fd\"\/>\n\t\t\t<input type=\"hidden\" name=\"referer_title\" value=\"Figueras Seating\" \/>\n\n\t\t\t\n\t\t\t<div class=\"elementor-form-fields-wrapper elementor-labels-above\">\n\t\t\t\t\t\t\t\t<div class=\"elementor-field-type-email elementor-field-group elementor-column elementor-field-group-email elementor-col-100 elementor-field-required\">\n\t\t\t\t\t\t\t\t\t\t\t\t\t<input size=\"1\" type=\"email\" name=\"form_fields[email]\" id=\"form-field-email\" class=\"elementor-field elementor-size-sm  elementor-field-textual\" placeholder=\"Su correo electr\u00f3nico\" required=\"required\">\n\t\t\t\t\t\t\t\t\t\t\t<\/div>\n\t\t\t\t\t\t\t\t<div class=\"elementor-field-group elementor-column elementor-field-type-submit elementor-col-100 e-form__buttons\">\n\t\t\t\t\t<button class=\"elementor-button elementor-size-sm\" type=\"submit\">\n\t\t\t\t\t\t<span class=\"elementor-button-content-wrapper\">\n\t\t\t\t\t\t\t\t\t\t\t\t\t\t\t\t\t\t\t\t\t\t<span class=\"elementor-button-text\">Suscr\u00edbete<\/span>\n\t\t\t\t\t\t\t\t\t\t\t\t\t<\/span>\n\t\t\t\t\t<\/button>\n\t\t\t\t<\/div>\n\t\t\t<\/div>\n\t\t<\/form>\n\t\t\t\t\t\t<\/div>\n\t\t\t\t<\/div>\n\t\t\t\t\t<\/div>\n\t\t\t\t<\/div>\n\t\t\t\t<\/div>\n\t\t","protected":false},"excerpt":{"rendered":"<p>FIGUERAS SEATING Un emblema global de excelencia en butacas *En el mapa se muestra solo una selecci\u00f3n de nuestros proyectos A lo largo de casi un siglo, Figueras ha representado un s\u00edmbolo constante de excelencia en asientos, dejando su sello en todo el mundo.Con ra\u00edces en un legado de pasi\u00f3n por la innovaci\u00f3n, Figueras destaca [&hellip;]<\/p>\n","protected":false},"author":1,"featured_media":0,"parent":0,"menu_order":0,"comment_status":"closed","ping_status":"closed","template":"","meta":{"_acf_changed":false,"content-type":"","footnotes":""},"class_list":["post-22798","page","type-page","status-publish","hentry"],"acf":[],"yoast_head":"<!-- This site is optimized with the Yoast SEO plugin v27.4 - https:\/\/yoast.com\/product\/yoast-seo-wordpress\/ -->\n<title>Figueras en el mundo - Figueras Seating<\/title>\n<meta name=\"robots\" content=\"index, follow, max-snippet:-1, max-image-preview:large, max-video-preview:-1\" \/>\n<link rel=\"canonical\" href=\"https:\/\/figueras.com\/es\/figueras-en-el-mundo\/\" \/>\n<meta property=\"og:locale\" content=\"es_ES\" \/>\n<meta property=\"og:type\" content=\"article\" \/>\n<meta property=\"og:title\" content=\"Figueras en el mundo - Figueras Seating\" \/>\n<meta property=\"og:description\" content=\"FIGUERAS SEATING Un emblema global de excelencia en butacas *En el mapa se muestra solo una selecci\u00f3n de nuestros proyectos A lo largo de casi un siglo, Figueras ha representado un s\u00edmbolo constante de excelencia en asientos, dejando su sello en todo el mundo.Con ra\u00edces en un legado de pasi\u00f3n por la innovaci\u00f3n, Figueras destaca [&hellip;]\" \/>\n<meta property=\"og:url\" content=\"https:\/\/figueras.com\/es\/figueras-en-el-mundo\/\" \/>\n<meta property=\"og:site_name\" content=\"Figueras Seating\" \/>\n<meta property=\"article:modified_time\" content=\"2024-06-05T09:10:27+00:00\" \/>\n<meta name=\"twitter:card\" content=\"summary_large_image\" \/>\n<meta name=\"twitter:label1\" content=\"Tiempo de lectura\" \/>\n\t<meta name=\"twitter:data1\" content=\"2 minutos\" \/>\n<script type=\"application\/ld+json\" class=\"yoast-schema-graph\">{\"@context\":\"https:\\\/\\\/schema.org\",\"@graph\":[{\"@type\":\"WebPage\",\"@id\":\"https:\\\/\\\/figueras.com\\\/es\\\/figueras-en-el-mundo\\\/\",\"url\":\"https:\\\/\\\/figueras.com\\\/es\\\/figueras-en-el-mundo\\\/\",\"name\":\"Figueras en el mundo - Figueras Seating\",\"isPartOf\":{\"@id\":\"https:\\\/\\\/figueras.com\\\/es\\\/#website\"},\"datePublished\":\"2023-11-02T12:33:08+00:00\",\"dateModified\":\"2024-06-05T09:10:27+00:00\",\"breadcrumb\":{\"@id\":\"https:\\\/\\\/figueras.com\\\/es\\\/figueras-en-el-mundo\\\/#breadcrumb\"},\"inLanguage\":\"es\",\"potentialAction\":[{\"@type\":\"ReadAction\",\"target\":[\"https:\\\/\\\/figueras.com\\\/es\\\/figueras-en-el-mundo\\\/\"]}]},{\"@type\":\"BreadcrumbList\",\"@id\":\"https:\\\/\\\/figueras.com\\\/es\\\/figueras-en-el-mundo\\\/#breadcrumb\",\"itemListElement\":[{\"@type\":\"ListItem\",\"position\":1,\"name\":\"Home\",\"item\":\"https:\\\/\\\/figueras.com\\\/es\\\/\"},{\"@type\":\"ListItem\",\"position\":2,\"name\":\"Figueras en el mundo\"}]},{\"@type\":\"WebSite\",\"@id\":\"https:\\\/\\\/figueras.com\\\/es\\\/#website\",\"url\":\"https:\\\/\\\/figueras.com\\\/es\\\/\",\"name\":\"Figueras Seating\",\"description\":\"\",\"publisher\":{\"@id\":\"https:\\\/\\\/figueras.com\\\/es\\\/#organization\"},\"potentialAction\":[{\"@type\":\"SearchAction\",\"target\":{\"@type\":\"EntryPoint\",\"urlTemplate\":\"https:\\\/\\\/figueras.com\\\/es\\\/?s={search_term_string}\"},\"query-input\":{\"@type\":\"PropertyValueSpecification\",\"valueRequired\":true,\"valueName\":\"search_term_string\"}}],\"inLanguage\":\"es\"},{\"@type\":\"Organization\",\"@id\":\"https:\\\/\\\/figueras.com\\\/es\\\/#organization\",\"name\":\"Figueras International Seating, S.L.U.\",\"alternateName\":\"Figueras Seating\",\"url\":\"https:\\\/\\\/figueras.com\\\/es\\\/\",\"logo\":{\"@type\":\"ImageObject\",\"inLanguage\":\"es\",\"@id\":\"https:\\\/\\\/figueras.com\\\/es\\\/#\\\/schema\\\/logo\\\/image\\\/\",\"url\":\"https:\\\/\\\/figueras.com\\\/wp-content\\\/uploads\\\/2023\\\/04\\\/figueraslogoheader.png\",\"contentUrl\":\"https:\\\/\\\/figueras.com\\\/wp-content\\\/uploads\\\/2023\\\/04\\\/figueraslogoheader.png\",\"width\":739,\"height\":127,\"caption\":\"Figueras International Seating, S.L.U.\"},\"image\":{\"@id\":\"https:\\\/\\\/figueras.com\\\/es\\\/#\\\/schema\\\/logo\\\/image\\\/\"},\"sameAs\":[\"https:\\\/\\\/www.linkedin.com\\\/company\\\/figuerasseating\\\/\",\"https:\\\/\\\/www.instagram.com\\\/figueras.seating\\\/\",\"https:\\\/\\\/vimeo.com\\\/figuerasseating\",\"https:\\\/\\\/es.pinterest.com\\\/figuerasint\\\/\"]}]}<\/script>\n<!-- \/ Yoast SEO plugin. -->","yoast_head_json":{"title":"Figueras en el mundo - Figueras Seating","robots":{"index":"index","follow":"follow","max-snippet":"max-snippet:-1","max-image-preview":"max-image-preview:large","max-video-preview":"max-video-preview:-1"},"canonical":"https:\/\/figueras.com\/es\/figueras-en-el-mundo\/","og_locale":"es_ES","og_type":"article","og_title":"Figueras en el mundo - Figueras Seating","og_description":"FIGUERAS SEATING Un emblema global de excelencia en butacas *En el mapa se muestra solo una selecci\u00f3n de nuestros proyectos A lo largo de casi un siglo, Figueras ha representado un s\u00edmbolo constante de excelencia en asientos, dejando su sello en todo el mundo.Con ra\u00edces en un legado de pasi\u00f3n por la innovaci\u00f3n, Figueras destaca [&hellip;]","og_url":"https:\/\/figueras.com\/es\/figueras-en-el-mundo\/","og_site_name":"Figueras Seating","article_modified_time":"2024-06-05T09:10:27+00:00","twitter_card":"summary_large_image","twitter_misc":{"Tiempo de lectura":"2 minutos"},"schema":{"@context":"https:\/\/schema.org","@graph":[{"@type":"WebPage","@id":"https:\/\/figueras.com\/es\/figueras-en-el-mundo\/","url":"https:\/\/figueras.com\/es\/figueras-en-el-mundo\/","name":"Figueras en el mundo - Figueras Seating","isPartOf":{"@id":"https:\/\/figueras.com\/es\/#website"},"datePublished":"2023-11-02T12:33:08+00:00","dateModified":"2024-06-05T09:10:27+00:00","breadcrumb":{"@id":"https:\/\/figueras.com\/es\/figueras-en-el-mundo\/#breadcrumb"},"inLanguage":"es","potentialAction":[{"@type":"ReadAction","target":["https:\/\/figueras.com\/es\/figueras-en-el-mundo\/"]}]},{"@type":"BreadcrumbList","@id":"https:\/\/figueras.com\/es\/figueras-en-el-mundo\/#breadcrumb","itemListElement":[{"@type":"ListItem","position":1,"name":"Home","item":"https:\/\/figueras.com\/es\/"},{"@type":"ListItem","position":2,"name":"Figueras en el mundo"}]},{"@type":"WebSite","@id":"https:\/\/figueras.com\/es\/#website","url":"https:\/\/figueras.com\/es\/","name":"Figueras Seating","description":"","publisher":{"@id":"https:\/\/figueras.com\/es\/#organization"},"potentialAction":[{"@type":"SearchAction","target":{"@type":"EntryPoint","urlTemplate":"https:\/\/figueras.com\/es\/?s={search_term_string}"},"query-input":{"@type":"PropertyValueSpecification","valueRequired":true,"valueName":"search_term_string"}}],"inLanguage":"es"},{"@type":"Organization","@id":"https:\/\/figueras.com\/es\/#organization","name":"Figueras International Seating, S.L.U.","alternateName":"Figueras Seating","url":"https:\/\/figueras.com\/es\/","logo":{"@type":"ImageObject","inLanguage":"es","@id":"https:\/\/figueras.com\/es\/#\/schema\/logo\/image\/","url":"https:\/\/figueras.com\/wp-content\/uploads\/2023\/04\/figueraslogoheader.png","contentUrl":"https:\/\/figueras.com\/wp-content\/uploads\/2023\/04\/figueraslogoheader.png","width":739,"height":127,"caption":"Figueras International Seating, S.L.U."},"image":{"@id":"https:\/\/figueras.com\/es\/#\/schema\/logo\/image\/"},"sameAs":["https:\/\/www.linkedin.com\/company\/figuerasseating\/","https:\/\/www.instagram.com\/figueras.seating\/","https:\/\/vimeo.com\/figuerasseating","https:\/\/es.pinterest.com\/figuerasint\/"]}]}},"_links":{"self":[{"href":"https:\/\/figueras.com\/es\/wp-json\/wp\/v2\/pages\/22798","targetHints":{"allow":["GET"]}}],"collection":[{"href":"https:\/\/figueras.com\/es\/wp-json\/wp\/v2\/pages"}],"about":[{"href":"https:\/\/figueras.com\/es\/wp-json\/wp\/v2\/types\/page"}],"author":[{"embeddable":true,"href":"https:\/\/figueras.com\/es\/wp-json\/wp\/v2\/users\/1"}],"replies":[{"embeddable":true,"href":"https:\/\/figueras.com\/es\/wp-json\/wp\/v2\/comments?post=22798"}],"version-history":[{"count":0,"href":"https:\/\/figueras.com\/es\/wp-json\/wp\/v2\/pages\/22798\/revisions"}],"wp:attachment":[{"href":"https:\/\/figueras.com\/es\/wp-json\/wp\/v2\/media?parent=22798"}],"curies":[{"name":"wp","href":"https:\/\/api.w.org\/{rel}","templated":true}]}}