{"id":22784,"date":"2023-09-25T14:28:01","date_gmt":"2023-09-25T12:28:01","guid":{"rendered":"http:\/\/figueras.com\/join-the-team\/"},"modified":"2024-12-27T14:51:06","modified_gmt":"2024-12-27T13:51:06","slug":"unete-al-equipo","status":"publish","type":"page","link":"https:\/\/figueras.com\/es\/unete-al-equipo\/","title":{"rendered":"\u00danete al equipo"},"content":{"rendered":"\t\t<div data-elementor-type=\"wp-page\" data-elementor-id=\"22784\" class=\"elementor elementor-22784 elementor-5521\" data-elementor-post-type=\"page\">\n\t\t\t\t<div data-dce-background-image-url=\"https:\/\/figueras.com\/wp-content\/uploads\/2023\/12\/Join-the-Team_b00.jpg\" class=\"elementor-element elementor-element-1ac7655 e-flex e-con-boxed e-con e-parent\" data-id=\"1ac7655\" data-element_type=\"container\" data-e-type=\"container\" data-settings=\"{&quot;background_background&quot;:&quot;classic&quot;}\">\n\t\t\t\t\t<div class=\"e-con-inner\">\n\t\t<div data-dce-background-color=\"#FFFFFFE6\" class=\"elementor-element elementor-element-29e19e9 e-con-full e-flex e-con e-child\" data-id=\"29e19e9\" data-element_type=\"container\" data-e-type=\"container\" data-settings=\"{&quot;background_background&quot;:&quot;classic&quot;}\">\n\t\t\t\t<div data-dce-title-color=\"#0A0A0A\" class=\"elementor-element elementor-element-d10839c elementor-widget elementor-widget-heading\" data-id=\"d10839c\" data-element_type=\"widget\" data-e-type=\"widget\" data-widget_type=\"heading.default\">\n\t\t\t\t\t<h1 class=\"elementor-heading-title elementor-size-default\">\u00danete al equipo<\/h1>\t\t\t\t<\/div>\n\t\t\t\t<div data-dce-text-color=\"#5C5C5C\" class=\"elementor-element elementor-element-633f1ce elementor-widget elementor-widget-text-editor\" data-id=\"633f1ce\" data-element_type=\"widget\" data-e-type=\"widget\" data-widget_type=\"text-editor.default\">\n\t\t\t\t\t\t\t\t\t<p><strong>Forma parte del mundo de Figueras<\/strong><\/p>\n<p>En Figueras, vamos m\u00e1s all\u00e1 de fabricar butacas; creamos experiencias extraordinarias. Nos enorgullecemos de ser algo m\u00e1s que una empresa; somos un equipo comprometido con la innovaci\u00f3n, la excelencia y el respeto mutuo. Unirse al mundo de Figueras significa convertirse en un valioso miembro de un apasionado equipo que valora la artesan\u00eda, la sostenibilidad y la conexi\u00f3n con momentos y espacios \u00fanicos en todo el mundo.<\/p>\n\t\t\t\t\t\t\t\t<\/div>\n\t\t\t\t<div class=\"elementor-element elementor-element-98ab021 elementor-widget elementor-widget-html\" data-id=\"98ab021\" data-element_type=\"widget\" data-e-type=\"widget\" data-widget_type=\"html.default\">\n\t\t\t\t\t<script charset=\"utf-8\" type=\"text\/javascript\" src=\"\/\/js-eu1.hsforms.net\/forms\/embed\/v2.js\"><\/script>\n<script>\n  hbspt.forms.create({\n    region: \"eu1\",\n    portalId: \"142361492\",\n    formId: \"48e63aed-4413-4983-86ae-35d7a6bcc847\"\n  });\n<\/script>\t\t\t\t<\/div>\n\t\t\t\t<\/div>\n\t\t\t\t\t<\/div>\n\t\t\t\t<\/div>\n\t\t\t\t<\/div>\n\t\t","protected":false},"excerpt":{"rendered":"<p>\u00danete al equipo Forma parte del mundo de Figueras En Figueras, vamos m\u00e1s all\u00e1 de fabricar butacas; creamos experiencias extraordinarias. Nos enorgullecemos de ser algo m\u00e1s que una empresa; somos un equipo comprometido con la innovaci\u00f3n, la excelencia y el respeto mutuo. Unirse al mundo de Figueras significa convertirse en un valioso miembro de un [&hellip;]<\/p>\n","protected":false},"author":1,"featured_media":0,"parent":0,"menu_order":0,"comment_status":"closed","ping_status":"closed","template":"","meta":{"_acf_changed":false,"content-type":"","footnotes":""},"class_list":["post-22784","page","type-page","status-publish","hentry"],"acf":[],"_links":{"self":[{"href":"https:\/\/figueras.com\/es\/wp-json\/wp\/v2\/pages\/22784","targetHints":{"allow":["GET"]}}],"collection":[{"href":"https:\/\/figueras.com\/es\/wp-json\/wp\/v2\/pages"}],"about":[{"href":"https:\/\/figueras.com\/es\/wp-json\/wp\/v2\/types\/page"}],"author":[{"embeddable":true,"href":"https:\/\/figueras.com\/es\/wp-json\/wp\/v2\/users\/1"}],"replies":[{"embeddable":true,"href":"https:\/\/figueras.com\/es\/wp-json\/wp\/v2\/comments?post=22784"}],"version-history":[{"count":0,"href":"https:\/\/figueras.com\/es\/wp-json\/wp\/v2\/pages\/22784\/revisions"}],"wp:attachment":[{"href":"https:\/\/figueras.com\/es\/wp-json\/wp\/v2\/media?parent=22784"}],"curies":[{"name":"wp","href":"https:\/\/api.w.org\/{rel}","templated":true}]}}