{"id":22780,"date":"2023-09-25T13:10:15","date_gmt":"2023-09-25T11:10:15","guid":{"rendered":"http:\/\/figueras.com\/request-a-quote\/"},"modified":"2025-07-02T16:31:51","modified_gmt":"2025-07-02T14:31:51","slug":"solicitar-propuesta","status":"publish","type":"page","link":"https:\/\/figueras.com\/es\/solicitar-propuesta\/","title":{"rendered":"Solicitar propuesta"},"content":{"rendered":"\t\t<div data-elementor-type=\"wp-page\" data-elementor-id=\"22780\" class=\"elementor elementor-22780 elementor-5496\" data-elementor-post-type=\"page\">\n\t\t\t\t<div data-dce-background-image-url=\"https:\/\/figueras.com\/wp-content\/uploads\/2023\/12\/image-49-1.jpg\" class=\"elementor-element elementor-element-b6b3730 e-flex e-con-boxed e-con e-parent\" data-id=\"b6b3730\" data-element_type=\"container\" data-e-type=\"container\" data-settings=\"{&quot;background_background&quot;:&quot;classic&quot;}\">\n\t\t\t\t\t<div class=\"e-con-inner\">\n\t\t<div data-dce-background-color=\"#FFFFFFE6\" class=\"elementor-element elementor-element-b000412 e-con-full e-flex e-con e-child\" data-id=\"b000412\" data-element_type=\"container\" data-e-type=\"container\" data-settings=\"{&quot;background_background&quot;:&quot;classic&quot;}\">\n\t\t\t\t<div data-dce-title-color=\"#0A0A0A\" class=\"elementor-element elementor-element-c763b8f elementor-widget elementor-widget-heading\" data-id=\"c763b8f\" data-element_type=\"widget\" data-e-type=\"widget\" data-widget_type=\"heading.default\">\n\t\t\t\t\t<h1 class=\"elementor-heading-title elementor-size-default\">Solicita una propuesta<\/h1>\t\t\t\t<\/div>\n\t\t\t\t<div data-dce-text-color=\"#5C5C5C\" class=\"elementor-element elementor-element-3a007c7 elementor-widget elementor-widget-text-editor\" data-id=\"3a007c7\" data-element_type=\"widget\" data-e-type=\"widget\" data-widget_type=\"text-editor.default\">\n\t\t\t\t\t\t\t\t\t<p>Tu satisfacci\u00f3n es nuestra prioridad.\u00a0<\/p><p>Por favor, completa el formulario que se encuentra a continuaci\u00f3n y perm\u00edtenos ser tu proveedor de butacas, ofreci\u00e9ndote un servicio y atenci\u00f3n excepcional.<span style=\"text-align: var(--text-align);\">\u00a0Estamos comprometidos en garantizar que tu experiencia con Figueras sea altamente satisfactoria desde el principio.<\/span><\/p>\t\t\t\t\t\t\t\t<\/div>\n\t\t\t\t<div class=\"elementor-element elementor-element-5e15736 elementor-widget elementor-widget-html\" data-id=\"5e15736\" data-element_type=\"widget\" data-e-type=\"widget\" data-widget_type=\"html.default\">\n\t\t\t\t\t<script charset=\"utf-8\" type=\"text\/javascript\" src=\"\/\/js-eu1.hsforms.net\/forms\/embed\/v2.js\"><\/script>\n<script>\n  hbspt.forms.create({\n    region: \"eu1\",\n    portalId: \"142361492\",\n    formId: \"0b54327d-c1cf-4cbc-8431-5401668d8d45\"\n  });\n<\/script>\t\t\t\t<\/div>\n\t\t\t\t<\/div>\n\t\t\t\t\t<\/div>\n\t\t\t\t<\/div>\n\t\t\t\t<\/div>\n\t\t","protected":false},"excerpt":{"rendered":"<p>Hablemos sobre tu proyecto y descubramos c\u00f3mo podemos contribuir de manera significativa.<\/p>\n","protected":false},"author":1,"featured_media":0,"parent":0,"menu_order":0,"comment_status":"closed","ping_status":"closed","template":"","meta":{"_acf_changed":false,"content-type":"","footnotes":""},"class_list":["post-22780","page","type-page","status-publish","hentry"],"acf":[],"_links":{"self":[{"href":"https:\/\/figueras.com\/es\/wp-json\/wp\/v2\/pages\/22780","targetHints":{"allow":["GET"]}}],"collection":[{"href":"https:\/\/figueras.com\/es\/wp-json\/wp\/v2\/pages"}],"about":[{"href":"https:\/\/figueras.com\/es\/wp-json\/wp\/v2\/types\/page"}],"author":[{"embeddable":true,"href":"https:\/\/figueras.com\/es\/wp-json\/wp\/v2\/users\/1"}],"replies":[{"embeddable":true,"href":"https:\/\/figueras.com\/es\/wp-json\/wp\/v2\/comments?post=22780"}],"version-history":[{"count":0,"href":"https:\/\/figueras.com\/es\/wp-json\/wp\/v2\/pages\/22780\/revisions"}],"wp:attachment":[{"href":"https:\/\/figueras.com\/es\/wp-json\/wp\/v2\/media?parent=22780"}],"curies":[{"name":"wp","href":"https:\/\/api.w.org\/{rel}","templated":true}]}}